{"id":13,"date":"2018-03-18T19:43:31","date_gmt":"2018-03-18T19:43:31","guid":{"rendered":"http:\/\/www.kosmetik-karlsruhe.de\/v2\/?page_id=13"},"modified":"2025-10-23T17:39:22","modified_gmt":"2025-10-23T16:39:22","slug":"aederchen","status":"publish","type":"page","link":"https:\/\/www.kosmetik-karlsruhe.de\/index.php\/aederchen\/","title":{"rendered":"Laser gegen Besenreiser und \u00c4derchen"},"content":{"rendered":"<p><img loading=\"lazy\" decoding=\"async\" class=\"alignnone size-medium wp-image-545\" src=\"https:\/\/www.kosmetik-karlsruhe.de\/wp-content\/uploads\/KI-Bild-Besenreiser-200x300.png\" alt=\"Laser Besenreiser Blutgef\u00e4\u00df\" width=\"200\" height=\"300\" srcset=\"https:\/\/www.kosmetik-karlsruhe.de\/wp-content\/uploads\/KI-Bild-Besenreiser-200x300.png 200w, https:\/\/www.kosmetik-karlsruhe.de\/wp-content\/uploads\/KI-Bild-Besenreiser-683x1024.png 683w, https:\/\/www.kosmetik-karlsruhe.de\/wp-content\/uploads\/KI-Bild-Besenreiser-768x1152.png 768w, https:\/\/www.kosmetik-karlsruhe.de\/wp-content\/uploads\/KI-Bild-Besenreiser.png 1024w\" sizes=\"auto, (max-width: 200px) 100vw, 200px\" \/><\/p>\n<div class=\"WaaZC\">\n<div class=\"RJPOee EIJn2\">\n<div class=\"rPeykc\" data-hveid=\"CAMQAQ\" data-ved=\"2ahUKEwily8-Y4euOAxVcnf0HHQdeETQQo_EKegQIAxAB\">\n<p style=\"font-weight: 400;\">Der Nd:YAG-Laser behandelt erweiterte Blutgef\u00e4\u00dfe, wie <strong>Blutschw\u00e4mmchen<\/strong>, <strong>Besenreiser<\/strong> oder <strong>Couperose\/Rosazea<\/strong>, indem er gezielt Lichtimpulse aussendet, die vom Blutfarbstoff H\u00e4moglobin absorbiert werden. Diese Absorption f\u00fchrt zu einer Erw\u00e4rmung des betroffenen Gef\u00e4\u00dfes, wodurch es verklebt und vom K\u00f6rper abgebaut wird, w\u00e4hrend das umliegende Gewebe geschont wird.<\/p>\n<ul data-hveid=\"CC0QAQ\" data-ved=\"2ahUKEwily8-Y4euOAxVcnf0HHQdeETQQm_YKegQILRAB\">\n<li class=\"K3KsMc\">\n<div class=\"zMgcWd dSKvsb\" data-il=\"\">\n<div data-crb-p=\"\">\n<div class=\"xFTqob\">\n<div class=\"Gur8Ad\"><span data-huuid=\"6123952300438871537\"><strong>Gezielte Absorption:<\/strong><\/span><\/div>\n<div class=\"vM0jzc\">\n<p><span data-huuid=\"6123952300438869552\">Der Nd:YAG-Laser sendet Licht mit einer Wellenl\u00e4nge aus, die besonders gut vom H\u00e4moglobin im Blut aufgenommen wird.<span class=\"pjBG2e\" data-cid=\"c4b9bf1a-d203-47dc-9695-96e0b0dbe176\"><span class=\"UV3uM\">\u00a0<\/span><\/span><\/span><\/p>\n<div class=\"NPrrbc\" data-cid=\"c4b9bf1a-d203-47dc-9695-96e0b0dbe176\" data-uuids=\"6123952300438871537,6123952300438869552\">\n<div class=\"BMebGe btku5b fCrZyc LwdV0e FR7ZSc qVhvac OJeuxf\" tabindex=\"0\" role=\"button\" aria-label=\"Weitere Informationen anzeigen\" data-hveid=\"CB8QAQ\" data-ved=\"2ahUKEwily8-Y4euOAxVcnf0HHQdeETQQ3fYKegQIHxAB\">\n<div class=\"niO4u\">\n<div class=\"kHtcsd\"><\/div>\n<\/div>\n<\/div>\n<\/div>\n<\/div>\n<\/div>\n<\/div>\n<\/div>\n<\/li>\n<li class=\"K3KsMc\">\n<div class=\"zMgcWd dSKvsb\" data-il=\"\">\n<div data-crb-p=\"\">\n<div class=\"xFTqob\">\n<div class=\"Gur8Ad\"><span data-huuid=\"6123952300438869678\"><strong>Erw\u00e4rmung und Ver\u00f6dung:<\/strong><\/span><\/div>\n<div class=\"vM0jzc\">\n<p><span data-huuid=\"6123952300438871789\">Durch die Absorption des Laserlichts wird das H\u00e4moglobin erhitzt, was zu einer Erw\u00e4rmung der Gef\u00e4\u00dfw\u00e4nde f\u00fchrt. <\/span><span data-huuid=\"6123952300438869804\">Diese Hitze bewirkt, dass sich das Gef\u00e4\u00df verklebt und verschlie\u00dft.<span class=\"pjBG2e\" data-cid=\"e867c265-5b78-4a53-8509-3f62dc87b688\"><span class=\"UV3uM\">\u00a0<\/span><\/span><\/span><\/p>\n<div class=\"NPrrbc\" data-cid=\"e867c265-5b78-4a53-8509-3f62dc87b688\" data-uuids=\"6123952300438869678,6123952300438871789,6123952300438869804\">\n<div class=\"BMebGe btku5b fCrZyc LwdV0e FR7ZSc qVhvac OJeuxf\" tabindex=\"0\" role=\"button\" aria-label=\"Weitere Informationen anzeigen\" data-hveid=\"CCcQAQ\" data-ved=\"2ahUKEwily8-Y4euOAxVcnf0HHQdeETQQ3fYKegQIJxAB\">\n<div class=\"niO4u\">\n<div class=\"kHtcsd\"><\/div>\n<\/div>\n<\/div>\n<\/div>\n<\/div>\n<\/div>\n<\/div>\n<\/div>\n<\/li>\n<li class=\"K3KsMc\">\n<div class=\"zMgcWd dSKvsb\" data-il=\"\">\n<div data-crb-p=\"\">\n<div class=\"xFTqob\">\n<div class=\"Gur8Ad\"><span data-huuid=\"6123952300438869930\"><strong>Abbau durch den K\u00f6rper:<\/strong><\/span><\/div>\n<div class=\"vM0jzc\">\n<p><span data-huuid=\"6123952300438872041\">Nach der Ver\u00f6dung baut der K\u00f6rper das gesch\u00e4digte Gef\u00e4\u00df auf nat\u00fcrliche Weise ab, wodurch die unerw\u00fcnschten Gef\u00e4\u00dferweiterungen verschwinden.<span class=\"pjBG2e\" data-cid=\"0d527a7b-de6b-41e8-bcbe-d554dc44be0c\"><span class=\"UV3uM\">\u00a0<\/span><\/span><\/span><\/p>\n<div class=\"NPrrbc\" data-cid=\"0d527a7b-de6b-41e8-bcbe-d554dc44be0c\" data-uuids=\"6123952300438869930,6123952300438872041\">\n<div class=\"BMebGe btku5b fCrZyc LwdV0e FR7ZSc qVhvac OJeuxf\" tabindex=\"0\" role=\"button\" aria-label=\"Weitere Informationen anzeigen\" data-hveid=\"CCYQAQ\" data-ved=\"2ahUKEwily8-Y4euOAxVcnf0HHQdeETQQ3fYKegQIJhAB\">\n<div class=\"niO4u\">\n<div class=\"kHtcsd\"><\/div>\n<\/div>\n<\/div>\n<\/div>\n<\/div>\n<\/div>\n<\/div>\n<\/div>\n<\/li>\n<li class=\"K3KsMc\">\n<div class=\"zMgcWd dSKvsb\" data-il=\"\">\n<div data-crb-p=\"\">\n<div class=\"xFTqob\">\n<div class=\"Gur8Ad\"><span data-huuid=\"6123952300438868071\"><strong>Hautk\u00fchlung:<\/strong><\/span><\/div>\n<div class=\"vM0jzc\">\n<p><span data-huuid=\"6123952300438870182\">Der Mydon Laser verf\u00fcgt \u00fcber eine integrierte Hautk\u00fchlung, die vor und nach jedem Laserimpuls eingesetzt wird, um die Haut zu sch\u00fctzen und Nebenwirkungen zu minimieren.<span class=\"pjBG2e\" data-cid=\"ced0e9e5-5f60-4f8d-9a15-dcf58b361846\"><span class=\"UV3uM\">\u00a0<\/span><\/span><\/span><\/p>\n<div class=\"NPrrbc\" data-cid=\"ced0e9e5-5f60-4f8d-9a15-dcf58b361846\" data-uuids=\"6123952300438868071,6123952300438870182\">\n<div class=\"BMebGe btku5b fCrZyc LwdV0e FR7ZSc qVhvac OJeuxf\" tabindex=\"0\" role=\"button\" aria-label=\"Weitere Informationen anzeigen\" data-hveid=\"CCQQAQ\" data-ved=\"2ahUKEwily8-Y4euOAxVcnf0HHQdeETQQ3fYKegQIJBAB\">\n<div class=\"niO4u\">\n<div class=\"kHtcsd\"><\/div>\n<\/div>\n<\/div>\n<\/div>\n<\/div>\n<\/div>\n<\/div>\n<\/div>\n<\/li>\n<li class=\"K3KsMc\">\n<div class=\"zMgcWd dSKvsb\" data-il=\"\">\n<div data-crb-p=\"\">\n<div class=\"xFTqob\">\n<div class=\"Gur8Ad\"><span data-huuid=\"6123952300438870308\"><strong>Effektive Behandlung:<\/strong><\/span><\/div>\n<div class=\"vM0jzc\">\n<p><span data-huuid=\"6123952300438868323\">Der Mydon Laser ist besonders effektiv bei der Behandlung tiefer liegender, blauer oder roter Gef\u00e4\u00dfe durch seine spezifische Wellenl\u00e4nge von 1064 nm.<span class=\"pjBG2e\" data-cid=\"bdd052ca-4f89-4a96-992d-59d329121878\"><span class=\"UV3uM\">\u00a0<\/span><\/span><\/span><\/p>\n<div class=\"NPrrbc\" data-cid=\"bdd052ca-4f89-4a96-992d-59d329121878\" data-uuids=\"6123952300438870308,6123952300438868323\">\n<div class=\"BMebGe btku5b fCrZyc LwdV0e FR7ZSc qVhvac OJeuxf\" tabindex=\"0\" role=\"button\" aria-label=\"Weitere Informationen anzeigen\" data-hveid=\"CCUQAQ\" data-ved=\"2ahUKEwily8-Y4euOAxVcnf0HHQdeETQQ3fYKegQIJRAB\">\n<div class=\"niO4u\">\n<div class=\"kHtcsd\"><\/div>\n<\/div>\n<\/div>\n<\/div>\n<\/div>\n<\/div>\n<\/div>\n<\/div>\n<\/li>\n<li class=\"K3KsMc\">\n<div class=\"zMgcWd dSKvsb\" data-il=\"\">\n<div data-crb-p=\"\">\n<div class=\"xFTqob\">\n<div class=\"Gur8Ad\"><span data-huuid=\"6123952300438868449\"><strong>Anzahl der Sitzungen:<\/strong><\/span><\/div>\n<div class=\"vM0jzc\">\n<p><span data-huuid=\"6123952300438870560\"><span class=\"pjBG2e\" data-cid=\"2753e852-ad3e-490d-8e0c-9fc9b5dde813\"><span class=\"UV3uM\">H\u00e4ufig ist nur eine Sitzung notwendig, um ein optimales Ergebnis zu erzielen. Bei ausgepr\u00e4gteren Befunden sind wenige Sitzungen ausreichend.<\/span><\/span><\/span><\/p>\n<div class=\"NPrrbc\" data-cid=\"2753e852-ad3e-490d-8e0c-9fc9b5dde813\" data-uuids=\"6123952300438868449,6123952300438870560\">\n<div class=\"BMebGe btku5b fCrZyc LwdV0e FR7ZSc qVhvac OJeuxf\" tabindex=\"0\" role=\"button\" aria-label=\"Weitere Informationen anzeigen\" data-hveid=\"CCIQAQ\" data-ved=\"2ahUKEwily8-Y4euOAxVcnf0HHQdeETQQ3fYKegQIIhAB\">\n<div class=\"niO4u\">\n<div class=\"kHtcsd\"><\/div>\n<\/div>\n<\/div>\n<\/div>\n<\/div>\n<\/div>\n<\/div>\n<\/div>\n<\/li>\n<li class=\"K3KsMc\">\n<div class=\"zMgcWd dSKvsb\" data-il=\"\">\n<div data-crb-p=\"\">\n<div class=\"xFTqob\">\n<div class=\"Gur8Ad\"><span data-huuid=\"6123952300438870686\"><strong>M\u00f6gliche Nebenwirkungen:<\/strong><\/span><\/div>\n<div class=\"vM0jzc\"><span data-huuid=\"6123952300438868701\">Leichte R\u00f6tungen und Schwellungen k\u00f6nnen nach der Behandlung auftreten, die jedoch in der Regel schnell abklingen. <\/span><span data-huuid=\"6123952300438870812\">Seltene Nebenwirkungen sind Pigmentver\u00e4nderungen und Blasenbildung.<\/span><\/div>\n<div><\/div>\n<div><\/div>\n<div class=\"vM0jzc\"><img loading=\"lazy\" decoding=\"async\" class=\"size-medium wp-image-453 alignleft\" src=\"https:\/\/www.kosmetik-karlsruhe.de\/wp-content\/uploads\/Mydon-272x300.png\" alt=\"Nd:YAG Laser\" width=\"272\" height=\"300\" srcset=\"https:\/\/www.kosmetik-karlsruhe.de\/wp-content\/uploads\/Mydon-272x300.png 272w, https:\/\/www.kosmetik-karlsruhe.de\/wp-content\/uploads\/Mydon-768x848.png 768w, https:\/\/www.kosmetik-karlsruhe.de\/wp-content\/uploads\/Mydon-927x1024.png 927w\" sizes=\"auto, (max-width: 272px) 100vw, 272px\" \/><\/div>\n<\/div>\n<\/div>\n<\/div>\n<\/li>\n<\/ul>\n<div class=\"NPrrbc\" data-cid=\"4dd75a40-1c6d-4498-97c3-dd0623563b63\" data-uuids=\"4552719102345710900,4552719102345707973\">\n<div class=\"BMebGe btku5b fCrZyc LwdV0e FR7ZSc qVhvac OJeuxf\" tabindex=\"0\" role=\"button\" aria-label=\"Weitere Informationen anzeigen\" data-hveid=\"CAYQAQ\" data-ved=\"2ahUKEwily8-Y4euOAxVcnf0HHQdeETQQ3fYKegQIBhAB\">\n<div class=\"niO4u\"><\/div>\n<\/div>\n<\/div>\n<\/div>\n<\/div>\n<\/div>\n","protected":false},"excerpt":{"rendered":"<p>Der Nd:YAG-Laser behandelt erweiterte Blutgef\u00e4\u00dfe, wie Blutschw\u00e4mmchen, Besenreiser oder Couperose\/Rosazea, indem er gezielt Lichtimpulse aussendet, die vom Blutfarbstoff H\u00e4moglobin absorbiert werden. Diese Absorption f\u00fchrt zu einer Erw\u00e4rmung des betroffenen Gef\u00e4\u00dfes, wodurch es verklebt und vom K\u00f6rper abgebaut wird, w\u00e4hrend das umliegende Gewebe geschont wird. Gezielte Absorption: Der Nd:YAG-Laser sendet Licht mit einer Wellenl\u00e4nge aus, die &hellip; <\/p>\n","protected":false},"author":1,"featured_media":0,"parent":0,"menu_order":0,"comment_status":"closed","ping_status":"closed","template":"","meta":{"footnotes":""},"class_list":["post-13","page","type-page","status-publish","hentry"],"yoast_head":"<!-- This site is optimized with the Yoast SEO plugin v26.1.1 - https:\/\/yoast.com\/wordpress\/plugins\/seo\/ -->\n<title>Laser gegen Besenreiser und \u00c4derchen - Karlsruhe<\/title>\n<meta name=\"description\" content=\"Effektive Entfernung von Besenreisern und \u00c4derchen mit dem Nd:YAG-Laser. Pr\u00e4zise, sicher und effektiv - ohne Ausfallzeit\" \/>\n<meta name=\"robots\" content=\"index, follow, max-snippet:-1, max-image-preview:large, max-video-preview:-1\" \/>\n<link rel=\"canonical\" href=\"https:\/\/www.kosmetik-karlsruhe.de\/index.php\/aederchen\/\" \/>\n<meta property=\"og:locale\" content=\"de_DE\" \/>\n<meta property=\"og:type\" content=\"article\" \/>\n<meta property=\"og:title\" content=\"Laser gegen Besenreiser und \u00c4derchen - Karlsruhe\" \/>\n<meta property=\"og:description\" content=\"Effektive Entfernung von Besenreisern und \u00c4derchen mit dem Nd:YAG-Laser. Pr\u00e4zise, sicher und effektiv - ohne Ausfallzeit\" \/>\n<meta property=\"og:url\" content=\"https:\/\/www.kosmetik-karlsruhe.de\/index.php\/aederchen\/\" \/>\n<meta property=\"og:site_name\" content=\"Dermatologische Kosmetik Dres. Figl\" \/>\n<meta property=\"article:modified_time\" content=\"2025-10-23T16:39:22+00:00\" \/>\n<meta property=\"og:image\" content=\"https:\/\/www.kosmetik-karlsruhe.de\/wp-content\/uploads\/KI-Bild-Besenreiser-683x1024.png\" \/>\n\t<meta property=\"og:image:width\" content=\"683\" \/>\n\t<meta property=\"og:image:height\" content=\"1024\" \/>\n\t<meta property=\"og:image:type\" content=\"image\/png\" \/>\n<meta name=\"twitter:card\" content=\"summary_large_image\" \/>\n<meta name=\"twitter:label1\" content=\"Gesch\u00e4tzte Lesezeit\" \/>\n\t<meta name=\"twitter:data1\" content=\"2\u00a0Minuten\" \/>\n<script type=\"application\/ld+json\" class=\"yoast-schema-graph\">{\"@context\":\"https:\/\/schema.org\",\"@graph\":[{\"@type\":\"WebPage\",\"@id\":\"https:\/\/www.kosmetik-karlsruhe.de\/index.php\/aederchen\/\",\"url\":\"https:\/\/www.kosmetik-karlsruhe.de\/index.php\/aederchen\/\",\"name\":\"Laser gegen Besenreiser und \u00c4derchen - Karlsruhe\",\"isPartOf\":{\"@id\":\"https:\/\/www.kosmetik-karlsruhe.de\/#website\"},\"primaryImageOfPage\":{\"@id\":\"https:\/\/www.kosmetik-karlsruhe.de\/index.php\/aederchen\/#primaryimage\"},\"image\":{\"@id\":\"https:\/\/www.kosmetik-karlsruhe.de\/index.php\/aederchen\/#primaryimage\"},\"thumbnailUrl\":\"https:\/\/www.kosmetik-karlsruhe.de\/wp-content\/uploads\/KI-Bild-Besenreiser-200x300.png\",\"datePublished\":\"2018-03-18T19:43:31+00:00\",\"dateModified\":\"2025-10-23T16:39:22+00:00\",\"description\":\"Effektive Entfernung von Besenreisern und \u00c4derchen mit dem Nd:YAG-Laser. Pr\u00e4zise, sicher und effektiv - ohne Ausfallzeit\",\"breadcrumb\":{\"@id\":\"https:\/\/www.kosmetik-karlsruhe.de\/index.php\/aederchen\/#breadcrumb\"},\"inLanguage\":\"de\",\"potentialAction\":[{\"@type\":\"ReadAction\",\"target\":[\"https:\/\/www.kosmetik-karlsruhe.de\/index.php\/aederchen\/\"]}]},{\"@type\":\"ImageObject\",\"inLanguage\":\"de\",\"@id\":\"https:\/\/www.kosmetik-karlsruhe.de\/index.php\/aederchen\/#primaryimage\",\"url\":\"https:\/\/www.kosmetik-karlsruhe.de\/wp-content\/uploads\/KI-Bild-Besenreiser.png\",\"contentUrl\":\"https:\/\/www.kosmetik-karlsruhe.de\/wp-content\/uploads\/KI-Bild-Besenreiser.png\",\"width\":1024,\"height\":1536,\"caption\":\"Laser Besenreiser Blutgef\u00e4\u00df\"},{\"@type\":\"BreadcrumbList\",\"@id\":\"https:\/\/www.kosmetik-karlsruhe.de\/index.php\/aederchen\/#breadcrumb\",\"itemListElement\":[{\"@type\":\"ListItem\",\"position\":1,\"name\":\"Startseite\",\"item\":\"https:\/\/www.kosmetik-karlsruhe.de\/\"},{\"@type\":\"ListItem\",\"position\":2,\"name\":\"Laser gegen Besenreiser und \u00c4derchen\"}]},{\"@type\":\"WebSite\",\"@id\":\"https:\/\/www.kosmetik-karlsruhe.de\/#website\",\"url\":\"https:\/\/www.kosmetik-karlsruhe.de\/\",\"name\":\"Dermatologische Kosmetik Dres. Figl\",\"description\":\"\",\"publisher\":{\"@id\":\"https:\/\/www.kosmetik-karlsruhe.de\/#organization\"},\"potentialAction\":[{\"@type\":\"SearchAction\",\"target\":{\"@type\":\"EntryPoint\",\"urlTemplate\":\"https:\/\/www.kosmetik-karlsruhe.de\/?s={search_term_string}\"},\"query-input\":{\"@type\":\"PropertyValueSpecification\",\"valueRequired\":true,\"valueName\":\"search_term_string\"}}],\"inLanguage\":\"de\"},{\"@type\":\"Organization\",\"@id\":\"https:\/\/www.kosmetik-karlsruhe.de\/#organization\",\"name\":\"Dermatologische Kosmetik Dres. Figl\",\"url\":\"https:\/\/www.kosmetik-karlsruhe.de\/\",\"logo\":{\"@type\":\"ImageObject\",\"inLanguage\":\"de\",\"@id\":\"https:\/\/www.kosmetik-karlsruhe.de\/#\/schema\/logo\/image\/\",\"url\":\"https:\/\/www.kosmetik-karlsruhe.de\/wp-content\/uploads\/Figl_Logo_klein_quadratisch.png\",\"contentUrl\":\"https:\/\/www.kosmetik-karlsruhe.de\/wp-content\/uploads\/Figl_Logo_klein_quadratisch.png\",\"width\":100,\"height\":100,\"caption\":\"Dermatologische Kosmetik Dres. Figl\"},\"image\":{\"@id\":\"https:\/\/www.kosmetik-karlsruhe.de\/#\/schema\/logo\/image\/\"}}]}<\/script>\n<!-- \/ Yoast SEO plugin. -->","yoast_head_json":{"title":"Laser gegen Besenreiser und \u00c4derchen - Karlsruhe","description":"Effektive Entfernung von Besenreisern und \u00c4derchen mit dem Nd:YAG-Laser. Pr\u00e4zise, sicher und effektiv - ohne Ausfallzeit","robots":{"index":"index","follow":"follow","max-snippet":"max-snippet:-1","max-image-preview":"max-image-preview:large","max-video-preview":"max-video-preview:-1"},"canonical":"https:\/\/www.kosmetik-karlsruhe.de\/index.php\/aederchen\/","og_locale":"de_DE","og_type":"article","og_title":"Laser gegen Besenreiser und \u00c4derchen - Karlsruhe","og_description":"Effektive Entfernung von Besenreisern und \u00c4derchen mit dem Nd:YAG-Laser. Pr\u00e4zise, sicher und effektiv - ohne Ausfallzeit","og_url":"https:\/\/www.kosmetik-karlsruhe.de\/index.php\/aederchen\/","og_site_name":"Dermatologische Kosmetik Dres. Figl","article_modified_time":"2025-10-23T16:39:22+00:00","og_image":[{"width":683,"height":1024,"url":"https:\/\/www.kosmetik-karlsruhe.de\/wp-content\/uploads\/KI-Bild-Besenreiser-683x1024.png","type":"image\/png"}],"twitter_card":"summary_large_image","twitter_misc":{"Gesch\u00e4tzte Lesezeit":"2\u00a0Minuten"},"schema":{"@context":"https:\/\/schema.org","@graph":[{"@type":"WebPage","@id":"https:\/\/www.kosmetik-karlsruhe.de\/index.php\/aederchen\/","url":"https:\/\/www.kosmetik-karlsruhe.de\/index.php\/aederchen\/","name":"Laser gegen Besenreiser und \u00c4derchen - Karlsruhe","isPartOf":{"@id":"https:\/\/www.kosmetik-karlsruhe.de\/#website"},"primaryImageOfPage":{"@id":"https:\/\/www.kosmetik-karlsruhe.de\/index.php\/aederchen\/#primaryimage"},"image":{"@id":"https:\/\/www.kosmetik-karlsruhe.de\/index.php\/aederchen\/#primaryimage"},"thumbnailUrl":"https:\/\/www.kosmetik-karlsruhe.de\/wp-content\/uploads\/KI-Bild-Besenreiser-200x300.png","datePublished":"2018-03-18T19:43:31+00:00","dateModified":"2025-10-23T16:39:22+00:00","description":"Effektive Entfernung von Besenreisern und \u00c4derchen mit dem Nd:YAG-Laser. Pr\u00e4zise, sicher und effektiv - ohne Ausfallzeit","breadcrumb":{"@id":"https:\/\/www.kosmetik-karlsruhe.de\/index.php\/aederchen\/#breadcrumb"},"inLanguage":"de","potentialAction":[{"@type":"ReadAction","target":["https:\/\/www.kosmetik-karlsruhe.de\/index.php\/aederchen\/"]}]},{"@type":"ImageObject","inLanguage":"de","@id":"https:\/\/www.kosmetik-karlsruhe.de\/index.php\/aederchen\/#primaryimage","url":"https:\/\/www.kosmetik-karlsruhe.de\/wp-content\/uploads\/KI-Bild-Besenreiser.png","contentUrl":"https:\/\/www.kosmetik-karlsruhe.de\/wp-content\/uploads\/KI-Bild-Besenreiser.png","width":1024,"height":1536,"caption":"Laser Besenreiser Blutgef\u00e4\u00df"},{"@type":"BreadcrumbList","@id":"https:\/\/www.kosmetik-karlsruhe.de\/index.php\/aederchen\/#breadcrumb","itemListElement":[{"@type":"ListItem","position":1,"name":"Startseite","item":"https:\/\/www.kosmetik-karlsruhe.de\/"},{"@type":"ListItem","position":2,"name":"Laser gegen Besenreiser und \u00c4derchen"}]},{"@type":"WebSite","@id":"https:\/\/www.kosmetik-karlsruhe.de\/#website","url":"https:\/\/www.kosmetik-karlsruhe.de\/","name":"Dermatologische Kosmetik Dres. Figl","description":"","publisher":{"@id":"https:\/\/www.kosmetik-karlsruhe.de\/#organization"},"potentialAction":[{"@type":"SearchAction","target":{"@type":"EntryPoint","urlTemplate":"https:\/\/www.kosmetik-karlsruhe.de\/?s={search_term_string}"},"query-input":{"@type":"PropertyValueSpecification","valueRequired":true,"valueName":"search_term_string"}}],"inLanguage":"de"},{"@type":"Organization","@id":"https:\/\/www.kosmetik-karlsruhe.de\/#organization","name":"Dermatologische Kosmetik Dres. Figl","url":"https:\/\/www.kosmetik-karlsruhe.de\/","logo":{"@type":"ImageObject","inLanguage":"de","@id":"https:\/\/www.kosmetik-karlsruhe.de\/#\/schema\/logo\/image\/","url":"https:\/\/www.kosmetik-karlsruhe.de\/wp-content\/uploads\/Figl_Logo_klein_quadratisch.png","contentUrl":"https:\/\/www.kosmetik-karlsruhe.de\/wp-content\/uploads\/Figl_Logo_klein_quadratisch.png","width":100,"height":100,"caption":"Dermatologische Kosmetik Dres. Figl"},"image":{"@id":"https:\/\/www.kosmetik-karlsruhe.de\/#\/schema\/logo\/image\/"}}]}},"_links":{"self":[{"href":"https:\/\/www.kosmetik-karlsruhe.de\/index.php\/wp-json\/wp\/v2\/pages\/13","targetHints":{"allow":["GET"]}}],"collection":[{"href":"https:\/\/www.kosmetik-karlsruhe.de\/index.php\/wp-json\/wp\/v2\/pages"}],"about":[{"href":"https:\/\/www.kosmetik-karlsruhe.de\/index.php\/wp-json\/wp\/v2\/types\/page"}],"author":[{"embeddable":true,"href":"https:\/\/www.kosmetik-karlsruhe.de\/index.php\/wp-json\/wp\/v2\/users\/1"}],"replies":[{"embeddable":true,"href":"https:\/\/www.kosmetik-karlsruhe.de\/index.php\/wp-json\/wp\/v2\/comments?post=13"}],"version-history":[{"count":12,"href":"https:\/\/www.kosmetik-karlsruhe.de\/index.php\/wp-json\/wp\/v2\/pages\/13\/revisions"}],"predecessor-version":[{"id":550,"href":"https:\/\/www.kosmetik-karlsruhe.de\/index.php\/wp-json\/wp\/v2\/pages\/13\/revisions\/550"}],"wp:attachment":[{"href":"https:\/\/www.kosmetik-karlsruhe.de\/index.php\/wp-json\/wp\/v2\/media?parent=13"}],"curies":[{"name":"wp","href":"https:\/\/api.w.org\/{rel}","templated":true}]}}