{"id":157,"date":"2022-02-20T19:17:47","date_gmt":"2022-02-20T18:17:47","guid":{"rendered":"https:\/\/www.kosmetik-karlsruhe.de\/v2\/?page_id=157"},"modified":"2025-10-17T08:39:08","modified_gmt":"2025-10-17T07:39:08","slug":"green-peel-kraeuterschaelkuren","status":"publish","type":"page","link":"https:\/\/www.kosmetik-karlsruhe.de\/index.php\/green-peel-kraeuterschaelkuren\/","title":{"rendered":"Green Peel\u00ae Kr\u00e4utersch\u00e4lkuren"},"content":{"rendered":"<h5><img loading=\"lazy\" decoding=\"async\" class=\"alignnone size-medium wp-image-482\" src=\"https:\/\/www.kosmetik-karlsruhe.de\/wp-content\/uploads\/GREENPEEL_RGB-rk-300x103.png\" alt=\"\" width=\"300\" height=\"103\" srcset=\"https:\/\/www.kosmetik-karlsruhe.de\/wp-content\/uploads\/GREENPEEL_RGB-rk-300x103.png 300w, https:\/\/www.kosmetik-karlsruhe.de\/wp-content\/uploads\/GREENPEEL_RGB-rk-768x265.png 768w, https:\/\/www.kosmetik-karlsruhe.de\/wp-content\/uploads\/GREENPEEL_RGB-rk-1024x353.png 1024w, https:\/\/www.kosmetik-karlsruhe.de\/wp-content\/uploads\/GREENPEEL_RGB-rk-1170x407.png 1170w, https:\/\/www.kosmetik-karlsruhe.de\/wp-content\/uploads\/GREENPEEL_RGB-rk.png 1181w\" sizes=\"auto, (max-width: 300px) 100vw, 300px\" \/><\/h5>\n<h5 style=\"color: #7a787a;\"><strong>Die drei\u00a0Green Peel \u00ae Anwendungen (auch zur Behandlung bei unreiner Haut und Akne geeignet):<\/strong><\/h5>\n<hr \/>\n<h3 style=\"color: #7a787a;\"><a href=\"https:\/\/www.kosmetik-karlsruhe.de\/index.php\/green-peel-fresh-up\/\">Green Peel \u00ae <\/a><span id=\"inserted5291\" style=\"color: #78addb;\">FRESH UP<img loading=\"lazy\" decoding=\"async\" class=\"alignright wp-image-174 \" src=\"https:\/\/www.kosmetik-karlsruhe.de\/v2\/wp-content\/uploads\/GP-Fresh_Up-KeyVisual_web-300x211.jpg\" alt=\"Green Peel Fresh up\" width=\"260\" height=\"183\" srcset=\"https:\/\/www.kosmetik-karlsruhe.de\/wp-content\/uploads\/GP-Fresh_Up-KeyVisual_web-300x211.jpg 300w, https:\/\/www.kosmetik-karlsruhe.de\/wp-content\/uploads\/GP-Fresh_Up-KeyVisual_web-768x541.jpg 768w, https:\/\/www.kosmetik-karlsruhe.de\/wp-content\/uploads\/GP-Fresh_Up-KeyVisual_web-1024x722.jpg 1024w\" sizes=\"auto, (max-width: 260px) 100vw, 260px\" \/><\/span><\/h3>\n<p style=\"color: #7a787a;\">Illuminate your skin<\/p>\n<p style=\"color: #7a787a;\">Die sanfte Behandlung f\u00fcr mehr Frische und Strahlkraft<\/p>\n<ul style=\"color: #7a787a;\">\n<li style=\"color: #7a787a;\">F\u00fcr einen sichtbaren Soforteffekt<\/li>\n<li style=\"color: #7a787a;\">oder als Kuranwendung<\/li>\n<\/ul>\n<hr \/>\n<h3 style=\"color: #7a787a;\"><a href=\"https:\/\/www.kosmetik-karlsruhe.de\/index.php\/green-peel-energy\/\">Green Peel \u00ae <\/a><span style=\"color: #f79b5e;\">ENERGY<img loading=\"lazy\" decoding=\"async\" class=\"alignright wp-image-180 \" src=\"https:\/\/www.kosmetik-karlsruhe.de\/v2\/wp-content\/uploads\/GP-Energy-KeyVisual_web-300x211.jpg\" alt=\"Green Peel Energy\" width=\"261\" height=\"184\" srcset=\"https:\/\/www.kosmetik-karlsruhe.de\/wp-content\/uploads\/GP-Energy-KeyVisual_web-300x211.jpg 300w, https:\/\/www.kosmetik-karlsruhe.de\/wp-content\/uploads\/GP-Energy-KeyVisual_web-768x541.jpg 768w, https:\/\/www.kosmetik-karlsruhe.de\/wp-content\/uploads\/GP-Energy-KeyVisual_web-1024x722.jpg 1024w\" sizes=\"auto, (max-width: 261px) 100vw, 261px\" \/><\/span><\/h3>\n<p style=\"color: #7a787a;\">Stimulate your skin<\/p>\n<p style=\"color: #7a787a;\">Der Vitalit\u00e4ts- und Regenerationskick f\u00fcr die Haut<\/p>\n<ul style=\"color: #7a787a;\">\n<li style=\"color: #7a787a;\">F\u00fcr gezielte Probleml\u00f6sung durch Regenerationsf\u00f6rderung<\/li>\n<\/ul>\n<hr \/>\n<h3 style=\"color: #7a787a;\"><a href=\"https:\/\/www.kosmetik-karlsruhe.de\/index.php\/green-peel-kraeuterschaelkur-classic\/\">Green Peel \u00ae Herbal Peeling <\/a><span id=\"inserted3556\" style=\"color: #62c25d;\">CLASSIC<img loading=\"lazy\" decoding=\"async\" class=\"alignright wp-image-182 \" src=\"https:\/\/www.kosmetik-karlsruhe.de\/v2\/wp-content\/uploads\/GP-Classic-KeyVisual_web-300x211.jpg\" alt=\"Green Peel Classic\" width=\"260\" height=\"183\" srcset=\"https:\/\/www.kosmetik-karlsruhe.de\/wp-content\/uploads\/GP-Classic-KeyVisual_web-300x211.jpg 300w, https:\/\/www.kosmetik-karlsruhe.de\/wp-content\/uploads\/GP-Classic-KeyVisual_web-768x541.jpg 768w, https:\/\/www.kosmetik-karlsruhe.de\/wp-content\/uploads\/GP-Classic-KeyVisual_web-1024x722.jpg 1024w\" sizes=\"auto, (max-width: 260px) 100vw, 260px\" \/><\/span><\/h3>\n<p style=\"color: #7a787a;\">Renew your skin<\/p>\n<p style=\"color: #7a787a;\">Die seit 60 Jahren weltweit erfolgreiche<\/p>\n<p style=\"color: #7a787a;\">Originalmethode<\/p>\n<ul style=\"color: #7a787a;\">\n<li style=\"color: #7a787a;\">F\u00fcr eine neue Haut in f\u00fcnf Tagen<\/li>\n<\/ul>\n","protected":false},"excerpt":{"rendered":"<p>Die drei\u00a0Green Peel \u00ae Anwendungen (auch zur Behandlung bei unreiner Haut und Akne geeignet): Green Peel \u00ae FRESH UP Illuminate your skin Die sanfte Behandlung f\u00fcr mehr Frische und Strahlkraft F\u00fcr einen sichtbaren Soforteffekt oder als Kuranwendung Green Peel \u00ae ENERGY Stimulate your skin Der Vitalit\u00e4ts- und Regenerationskick f\u00fcr die Haut F\u00fcr gezielte Probleml\u00f6sung durch &hellip; <\/p>\n","protected":false},"author":1,"featured_media":0,"parent":0,"menu_order":0,"comment_status":"closed","ping_status":"closed","template":"","meta":{"footnotes":""},"class_list":["post-157","page","type-page","status-publish","hentry"],"yoast_head":"<!-- This site is optimized with the Yoast SEO plugin v26.1.1 - https:\/\/yoast.com\/wordpress\/plugins\/seo\/ -->\n<title>Green Peel\u00ae Kr\u00e4utersch\u00e4lkuren<\/title>\n<meta name=\"description\" content=\"Sch\u00f6ne Haut durch die Dr. Schrammek Green Peel Behandlung: der Schl\u00fcssel f\u00fcr frische und jugendliche Ausstrahlung - seit 2007 in Karlsruhe\" \/>\n<meta name=\"robots\" content=\"index, follow, max-snippet:-1, max-image-preview:large, max-video-preview:-1\" \/>\n<link rel=\"canonical\" href=\"https:\/\/www.kosmetik-karlsruhe.de\/index.php\/green-peel-kraeuterschaelkuren\/\" \/>\n<meta property=\"og:locale\" content=\"de_DE\" \/>\n<meta property=\"og:type\" content=\"article\" \/>\n<meta property=\"og:title\" content=\"Green Peel\u00ae Kr\u00e4utersch\u00e4lkuren\" \/>\n<meta property=\"og:description\" content=\"Sch\u00f6ne Haut durch die Dr. Schrammek Green Peel Behandlung: der Schl\u00fcssel f\u00fcr frische und jugendliche Ausstrahlung - seit 2007 in Karlsruhe\" \/>\n<meta property=\"og:url\" content=\"https:\/\/www.kosmetik-karlsruhe.de\/index.php\/green-peel-kraeuterschaelkuren\/\" \/>\n<meta property=\"og:site_name\" content=\"Dermatologische Kosmetik Dres. Figl\" \/>\n<meta property=\"article:modified_time\" content=\"2025-10-17T07:39:08+00:00\" \/>\n<meta property=\"og:image\" content=\"https:\/\/www.kosmetik-karlsruhe.de\/wp-content\/uploads\/GREENPEEL_RGB-rk.png\" \/>\n\t<meta property=\"og:image:width\" content=\"1181\" \/>\n\t<meta property=\"og:image:height\" content=\"407\" \/>\n\t<meta property=\"og:image:type\" content=\"image\/png\" \/>\n<meta name=\"twitter:card\" content=\"summary_large_image\" \/>\n<meta name=\"twitter:label1\" content=\"Gesch\u00e4tzte Lesezeit\" \/>\n\t<meta name=\"twitter:data1\" content=\"2\u00a0Minuten\" \/>\n<script type=\"application\/ld+json\" class=\"yoast-schema-graph\">{\"@context\":\"https:\/\/schema.org\",\"@graph\":[{\"@type\":\"WebPage\",\"@id\":\"https:\/\/www.kosmetik-karlsruhe.de\/index.php\/green-peel-kraeuterschaelkuren\/\",\"url\":\"https:\/\/www.kosmetik-karlsruhe.de\/index.php\/green-peel-kraeuterschaelkuren\/\",\"name\":\"Green Peel\u00ae Kr\u00e4utersch\u00e4lkuren\",\"isPartOf\":{\"@id\":\"https:\/\/www.kosmetik-karlsruhe.de\/#website\"},\"primaryImageOfPage\":{\"@id\":\"https:\/\/www.kosmetik-karlsruhe.de\/index.php\/green-peel-kraeuterschaelkuren\/#primaryimage\"},\"image\":{\"@id\":\"https:\/\/www.kosmetik-karlsruhe.de\/index.php\/green-peel-kraeuterschaelkuren\/#primaryimage\"},\"thumbnailUrl\":\"https:\/\/www.kosmetik-karlsruhe.de\/wp-content\/uploads\/GREENPEEL_RGB-rk-300x103.png\",\"datePublished\":\"2022-02-20T18:17:47+00:00\",\"dateModified\":\"2025-10-17T07:39:08+00:00\",\"description\":\"Sch\u00f6ne Haut durch die Dr. Schrammek Green Peel Behandlung: der Schl\u00fcssel f\u00fcr frische und jugendliche Ausstrahlung - seit 2007 in Karlsruhe\",\"breadcrumb\":{\"@id\":\"https:\/\/www.kosmetik-karlsruhe.de\/index.php\/green-peel-kraeuterschaelkuren\/#breadcrumb\"},\"inLanguage\":\"de\",\"potentialAction\":[{\"@type\":\"ReadAction\",\"target\":[\"https:\/\/www.kosmetik-karlsruhe.de\/index.php\/green-peel-kraeuterschaelkuren\/\"]}]},{\"@type\":\"ImageObject\",\"inLanguage\":\"de\",\"@id\":\"https:\/\/www.kosmetik-karlsruhe.de\/index.php\/green-peel-kraeuterschaelkuren\/#primaryimage\",\"url\":\"https:\/\/www.kosmetik-karlsruhe.de\/wp-content\/uploads\/GREENPEEL_RGB-rk.png\",\"contentUrl\":\"https:\/\/www.kosmetik-karlsruhe.de\/wp-content\/uploads\/GREENPEEL_RGB-rk.png\",\"width\":1181,\"height\":407},{\"@type\":\"BreadcrumbList\",\"@id\":\"https:\/\/www.kosmetik-karlsruhe.de\/index.php\/green-peel-kraeuterschaelkuren\/#breadcrumb\",\"itemListElement\":[{\"@type\":\"ListItem\",\"position\":1,\"name\":\"Startseite\",\"item\":\"https:\/\/www.kosmetik-karlsruhe.de\/\"},{\"@type\":\"ListItem\",\"position\":2,\"name\":\"Green Peel\u00ae Kr\u00e4utersch\u00e4lkuren\"}]},{\"@type\":\"WebSite\",\"@id\":\"https:\/\/www.kosmetik-karlsruhe.de\/#website\",\"url\":\"https:\/\/www.kosmetik-karlsruhe.de\/\",\"name\":\"Dermatologische Kosmetik Dres. Figl\",\"description\":\"\",\"publisher\":{\"@id\":\"https:\/\/www.kosmetik-karlsruhe.de\/#organization\"},\"potentialAction\":[{\"@type\":\"SearchAction\",\"target\":{\"@type\":\"EntryPoint\",\"urlTemplate\":\"https:\/\/www.kosmetik-karlsruhe.de\/?s={search_term_string}\"},\"query-input\":{\"@type\":\"PropertyValueSpecification\",\"valueRequired\":true,\"valueName\":\"search_term_string\"}}],\"inLanguage\":\"de\"},{\"@type\":\"Organization\",\"@id\":\"https:\/\/www.kosmetik-karlsruhe.de\/#organization\",\"name\":\"Dermatologische Kosmetik Dres. Figl\",\"url\":\"https:\/\/www.kosmetik-karlsruhe.de\/\",\"logo\":{\"@type\":\"ImageObject\",\"inLanguage\":\"de\",\"@id\":\"https:\/\/www.kosmetik-karlsruhe.de\/#\/schema\/logo\/image\/\",\"url\":\"https:\/\/www.kosmetik-karlsruhe.de\/wp-content\/uploads\/Figl_Logo_klein_quadratisch.png\",\"contentUrl\":\"https:\/\/www.kosmetik-karlsruhe.de\/wp-content\/uploads\/Figl_Logo_klein_quadratisch.png\",\"width\":100,\"height\":100,\"caption\":\"Dermatologische Kosmetik Dres. Figl\"},\"image\":{\"@id\":\"https:\/\/www.kosmetik-karlsruhe.de\/#\/schema\/logo\/image\/\"}}]}<\/script>\n<!-- \/ Yoast SEO plugin. -->","yoast_head_json":{"title":"Green Peel\u00ae Kr\u00e4utersch\u00e4lkuren","description":"Sch\u00f6ne Haut durch die Dr. Schrammek Green Peel Behandlung: der Schl\u00fcssel f\u00fcr frische und jugendliche Ausstrahlung - seit 2007 in Karlsruhe","robots":{"index":"index","follow":"follow","max-snippet":"max-snippet:-1","max-image-preview":"max-image-preview:large","max-video-preview":"max-video-preview:-1"},"canonical":"https:\/\/www.kosmetik-karlsruhe.de\/index.php\/green-peel-kraeuterschaelkuren\/","og_locale":"de_DE","og_type":"article","og_title":"Green Peel\u00ae Kr\u00e4utersch\u00e4lkuren","og_description":"Sch\u00f6ne Haut durch die Dr. Schrammek Green Peel Behandlung: der Schl\u00fcssel f\u00fcr frische und jugendliche Ausstrahlung - seit 2007 in Karlsruhe","og_url":"https:\/\/www.kosmetik-karlsruhe.de\/index.php\/green-peel-kraeuterschaelkuren\/","og_site_name":"Dermatologische Kosmetik Dres. Figl","article_modified_time":"2025-10-17T07:39:08+00:00","og_image":[{"width":1181,"height":407,"url":"https:\/\/www.kosmetik-karlsruhe.de\/wp-content\/uploads\/GREENPEEL_RGB-rk.png","type":"image\/png"}],"twitter_card":"summary_large_image","twitter_misc":{"Gesch\u00e4tzte Lesezeit":"2\u00a0Minuten"},"schema":{"@context":"https:\/\/schema.org","@graph":[{"@type":"WebPage","@id":"https:\/\/www.kosmetik-karlsruhe.de\/index.php\/green-peel-kraeuterschaelkuren\/","url":"https:\/\/www.kosmetik-karlsruhe.de\/index.php\/green-peel-kraeuterschaelkuren\/","name":"Green Peel\u00ae Kr\u00e4utersch\u00e4lkuren","isPartOf":{"@id":"https:\/\/www.kosmetik-karlsruhe.de\/#website"},"primaryImageOfPage":{"@id":"https:\/\/www.kosmetik-karlsruhe.de\/index.php\/green-peel-kraeuterschaelkuren\/#primaryimage"},"image":{"@id":"https:\/\/www.kosmetik-karlsruhe.de\/index.php\/green-peel-kraeuterschaelkuren\/#primaryimage"},"thumbnailUrl":"https:\/\/www.kosmetik-karlsruhe.de\/wp-content\/uploads\/GREENPEEL_RGB-rk-300x103.png","datePublished":"2022-02-20T18:17:47+00:00","dateModified":"2025-10-17T07:39:08+00:00","description":"Sch\u00f6ne Haut durch die Dr. Schrammek Green Peel Behandlung: der Schl\u00fcssel f\u00fcr frische und jugendliche Ausstrahlung - seit 2007 in Karlsruhe","breadcrumb":{"@id":"https:\/\/www.kosmetik-karlsruhe.de\/index.php\/green-peel-kraeuterschaelkuren\/#breadcrumb"},"inLanguage":"de","potentialAction":[{"@type":"ReadAction","target":["https:\/\/www.kosmetik-karlsruhe.de\/index.php\/green-peel-kraeuterschaelkuren\/"]}]},{"@type":"ImageObject","inLanguage":"de","@id":"https:\/\/www.kosmetik-karlsruhe.de\/index.php\/green-peel-kraeuterschaelkuren\/#primaryimage","url":"https:\/\/www.kosmetik-karlsruhe.de\/wp-content\/uploads\/GREENPEEL_RGB-rk.png","contentUrl":"https:\/\/www.kosmetik-karlsruhe.de\/wp-content\/uploads\/GREENPEEL_RGB-rk.png","width":1181,"height":407},{"@type":"BreadcrumbList","@id":"https:\/\/www.kosmetik-karlsruhe.de\/index.php\/green-peel-kraeuterschaelkuren\/#breadcrumb","itemListElement":[{"@type":"ListItem","position":1,"name":"Startseite","item":"https:\/\/www.kosmetik-karlsruhe.de\/"},{"@type":"ListItem","position":2,"name":"Green Peel\u00ae Kr\u00e4utersch\u00e4lkuren"}]},{"@type":"WebSite","@id":"https:\/\/www.kosmetik-karlsruhe.de\/#website","url":"https:\/\/www.kosmetik-karlsruhe.de\/","name":"Dermatologische Kosmetik Dres. Figl","description":"","publisher":{"@id":"https:\/\/www.kosmetik-karlsruhe.de\/#organization"},"potentialAction":[{"@type":"SearchAction","target":{"@type":"EntryPoint","urlTemplate":"https:\/\/www.kosmetik-karlsruhe.de\/?s={search_term_string}"},"query-input":{"@type":"PropertyValueSpecification","valueRequired":true,"valueName":"search_term_string"}}],"inLanguage":"de"},{"@type":"Organization","@id":"https:\/\/www.kosmetik-karlsruhe.de\/#organization","name":"Dermatologische Kosmetik Dres. Figl","url":"https:\/\/www.kosmetik-karlsruhe.de\/","logo":{"@type":"ImageObject","inLanguage":"de","@id":"https:\/\/www.kosmetik-karlsruhe.de\/#\/schema\/logo\/image\/","url":"https:\/\/www.kosmetik-karlsruhe.de\/wp-content\/uploads\/Figl_Logo_klein_quadratisch.png","contentUrl":"https:\/\/www.kosmetik-karlsruhe.de\/wp-content\/uploads\/Figl_Logo_klein_quadratisch.png","width":100,"height":100,"caption":"Dermatologische Kosmetik Dres. Figl"},"image":{"@id":"https:\/\/www.kosmetik-karlsruhe.de\/#\/schema\/logo\/image\/"}}]}},"_links":{"self":[{"href":"https:\/\/www.kosmetik-karlsruhe.de\/index.php\/wp-json\/wp\/v2\/pages\/157","targetHints":{"allow":["GET"]}}],"collection":[{"href":"https:\/\/www.kosmetik-karlsruhe.de\/index.php\/wp-json\/wp\/v2\/pages"}],"about":[{"href":"https:\/\/www.kosmetik-karlsruhe.de\/index.php\/wp-json\/wp\/v2\/types\/page"}],"author":[{"embeddable":true,"href":"https:\/\/www.kosmetik-karlsruhe.de\/index.php\/wp-json\/wp\/v2\/users\/1"}],"replies":[{"embeddable":true,"href":"https:\/\/www.kosmetik-karlsruhe.de\/index.php\/wp-json\/wp\/v2\/comments?post=157"}],"version-history":[{"count":56,"href":"https:\/\/www.kosmetik-karlsruhe.de\/index.php\/wp-json\/wp\/v2\/pages\/157\/revisions"}],"predecessor-version":[{"id":483,"href":"https:\/\/www.kosmetik-karlsruhe.de\/index.php\/wp-json\/wp\/v2\/pages\/157\/revisions\/483"}],"wp:attachment":[{"href":"https:\/\/www.kosmetik-karlsruhe.de\/index.php\/wp-json\/wp\/v2\/media?parent=157"}],"curies":[{"name":"wp","href":"https:\/\/api.w.org\/{rel}","templated":true}]}}