{"id":23,"date":"2018-03-18T19:56:32","date_gmt":"2018-03-18T19:56:32","guid":{"rendered":"http:\/\/www.kosmetik-karlsruhe.de\/v2\/?page_id=23"},"modified":"2026-03-16T13:12:37","modified_gmt":"2026-03-16T12:12:37","slug":"23-2","status":"publish","type":"page","link":"https:\/\/www.kosmetik-karlsruhe.de\/","title":{"rendered":""},"content":{"rendered":"\n<h4 class=\"wp-block-heading has-text-align-center\"><span style=\"color: #808080;\">Herzlich willkommen im<\/span><br>\n<span style=\"color: #808080;\">Institut f\u00fcr Dermatologische Kosmetik<\/span><br>\n<span style=\"color: #808080;\">Dres. Figl<\/span><\/h4>\n\n\n\n<figure class=\"wp-block-gallery has-nested-images columns-default is-cropped wp-block-gallery-2 is-layout-flex wp-block-gallery-is-layout-flex\">\n<figure class=\"wp-block-image size-medium\"><img loading=\"lazy\" decoding=\"async\" width=\"196\" height=\"300\" data-id=\"552\" src=\"https:\/\/www.kosmetik-karlsruhe.de\/wp-content\/uploads\/Kosmetik_2-1-196x300.jpg\" alt=\"Eingang Kosmetik\" class=\"wp-image-552\" srcset=\"https:\/\/www.kosmetik-karlsruhe.de\/wp-content\/uploads\/Kosmetik_2-1-196x300.jpg 196w, https:\/\/www.kosmetik-karlsruhe.de\/wp-content\/uploads\/Kosmetik_2-1.jpg 589w\" sizes=\"auto, (max-width: 196px) 100vw, 196px\" \/><\/figure>\n\n\n\n<figure class=\"wp-block-image size-medium\"><img loading=\"lazy\" decoding=\"async\" width=\"202\" height=\"300\" data-id=\"553\" src=\"https:\/\/www.kosmetik-karlsruhe.de\/wp-content\/uploads\/Kosmetik_3-202x300.jpg\" alt=\"Kosmetikinstitut\" class=\"wp-image-553\" srcset=\"https:\/\/www.kosmetik-karlsruhe.de\/wp-content\/uploads\/Kosmetik_3-202x300.jpg 202w, https:\/\/www.kosmetik-karlsruhe.de\/wp-content\/uploads\/Kosmetik_3.jpg 606w\" sizes=\"auto, (max-width: 202px) 100vw, 202px\" \/><\/figure>\n\n\n\n<figure class=\"wp-block-image size-medium wp-duotone-unset-1\"><img loading=\"lazy\" decoding=\"async\" width=\"210\" height=\"300\" data-id=\"554\" src=\"https:\/\/www.kosmetik-karlsruhe.de\/wp-content\/uploads\/Kosmetik_1-210x300.jpg\" alt=\"Behandlungsraum Kosmetik\" class=\"wp-image-554\" srcset=\"https:\/\/www.kosmetik-karlsruhe.de\/wp-content\/uploads\/Kosmetik_1-210x300.jpg 210w, https:\/\/www.kosmetik-karlsruhe.de\/wp-content\/uploads\/Kosmetik_1.jpg 630w\" sizes=\"auto, (max-width: 210px) 100vw, 210px\" \/><\/figure>\n<\/figure>\n\n\n\n<p class=\"has-text-align-center\"><\/p>\n\n\n\n<h2 class=\"wp-block-heading\"><\/h2>\n\n\n\n<h4 class=\"wp-block-heading\"><\/h4>\n\n\n\n<p>&nbsp;<\/p>\n","protected":false},"excerpt":{"rendered":"<p>Herzlich willkommen im Institut f\u00fcr Dermatologische Kosmetik Dres. Figl &nbsp;<\/p>\n","protected":false},"author":1,"featured_media":0,"parent":0,"menu_order":0,"comment_status":"closed","ping_status":"closed","template":"","meta":{"footnotes":""},"class_list":["post-23","page","type-page","status-publish","hentry"],"yoast_head":"<!-- This site is optimized with the Yoast SEO plugin v26.1.1 - https:\/\/yoast.com\/wordpress\/plugins\/seo\/ -->\n<title>Dermatologische Kosmetik Dres. Figl - Karlsruhe<\/title>\n<meta name=\"description\" content=\"Ihre dermatologisch-\u00e4sthetische Praxis f\u00fcr Hautverj\u00fcngung, Lasertherapie &amp; \u00e4sthetische Behandlungen - seit 2007 in Karlsruhe\" \/>\n<meta name=\"robots\" content=\"index, follow, max-snippet:-1, max-image-preview:large, max-video-preview:-1\" \/>\n<link rel=\"canonical\" href=\"https:\/\/www.kosmetik-karlsruhe.de\/\" \/>\n<meta property=\"og:locale\" content=\"de_DE\" \/>\n<meta property=\"og:type\" content=\"article\" \/>\n<meta property=\"og:title\" content=\"Dermatologische Kosmetik Dres. Figl - Karlsruhe\" \/>\n<meta property=\"og:description\" content=\"Ihre dermatologisch-\u00e4sthetische Praxis f\u00fcr Hautverj\u00fcngung, Lasertherapie &amp; \u00e4sthetische Behandlungen - seit 2007 in Karlsruhe\" \/>\n<meta property=\"og:url\" content=\"https:\/\/www.kosmetik-karlsruhe.de\/\" \/>\n<meta property=\"og:site_name\" content=\"Dermatologische Kosmetik Dres. Figl\" \/>\n<meta property=\"article:modified_time\" content=\"2026-03-16T12:12:37+00:00\" \/>\n<meta property=\"og:image\" content=\"https:\/\/www.kosmetik-karlsruhe.de\/wp-content\/uploads\/Kosmetik_2-1.jpg\" \/>\n\t<meta property=\"og:image:width\" content=\"589\" \/>\n\t<meta property=\"og:image:height\" content=\"900\" \/>\n\t<meta property=\"og:image:type\" content=\"image\/jpeg\" \/>\n<meta name=\"twitter:card\" content=\"summary_large_image\" \/>\n<meta name=\"twitter:label1\" content=\"Gesch\u00e4tzte Lesezeit\" \/>\n\t<meta name=\"twitter:data1\" content=\"1\u00a0Minute\" \/>\n<script type=\"application\/ld+json\" class=\"yoast-schema-graph\">{\"@context\":\"https:\/\/schema.org\",\"@graph\":[{\"@type\":\"WebPage\",\"@id\":\"https:\/\/www.kosmetik-karlsruhe.de\/\",\"url\":\"https:\/\/www.kosmetik-karlsruhe.de\/\",\"name\":\"Dermatologische Kosmetik Dres. Figl - Karlsruhe\",\"isPartOf\":{\"@id\":\"https:\/\/www.kosmetik-karlsruhe.de\/#website\"},\"primaryImageOfPage\":{\"@id\":\"https:\/\/www.kosmetik-karlsruhe.de\/#primaryimage\"},\"image\":{\"@id\":\"https:\/\/www.kosmetik-karlsruhe.de\/#primaryimage\"},\"thumbnailUrl\":\"https:\/\/www.kosmetik-karlsruhe.de\/wp-content\/uploads\/Kosmetik_2-1-196x300.jpg\",\"datePublished\":\"2018-03-18T19:56:32+00:00\",\"dateModified\":\"2026-03-16T12:12:37+00:00\",\"description\":\"Ihre dermatologisch-\u00e4sthetische Praxis f\u00fcr Hautverj\u00fcngung, Lasertherapie & \u00e4sthetische Behandlungen - seit 2007 in Karlsruhe\",\"inLanguage\":\"de\",\"potentialAction\":[{\"@type\":\"ReadAction\",\"target\":[\"https:\/\/www.kosmetik-karlsruhe.de\/\"]}]},{\"@type\":\"ImageObject\",\"inLanguage\":\"de\",\"@id\":\"https:\/\/www.kosmetik-karlsruhe.de\/#primaryimage\",\"url\":\"https:\/\/www.kosmetik-karlsruhe.de\/wp-content\/uploads\/Kosmetik_2-1.jpg\",\"contentUrl\":\"https:\/\/www.kosmetik-karlsruhe.de\/wp-content\/uploads\/Kosmetik_2-1.jpg\",\"width\":589,\"height\":900},{\"@type\":\"WebSite\",\"@id\":\"https:\/\/www.kosmetik-karlsruhe.de\/#website\",\"url\":\"https:\/\/www.kosmetik-karlsruhe.de\/\",\"name\":\"Dermatologische Kosmetik Dres. Figl\",\"description\":\"\",\"publisher\":{\"@id\":\"https:\/\/www.kosmetik-karlsruhe.de\/#organization\"},\"potentialAction\":[{\"@type\":\"SearchAction\",\"target\":{\"@type\":\"EntryPoint\",\"urlTemplate\":\"https:\/\/www.kosmetik-karlsruhe.de\/?s={search_term_string}\"},\"query-input\":{\"@type\":\"PropertyValueSpecification\",\"valueRequired\":true,\"valueName\":\"search_term_string\"}}],\"inLanguage\":\"de\"},{\"@type\":\"Organization\",\"@id\":\"https:\/\/www.kosmetik-karlsruhe.de\/#organization\",\"name\":\"Dermatologische Kosmetik Dres. Figl\",\"url\":\"https:\/\/www.kosmetik-karlsruhe.de\/\",\"logo\":{\"@type\":\"ImageObject\",\"inLanguage\":\"de\",\"@id\":\"https:\/\/www.kosmetik-karlsruhe.de\/#\/schema\/logo\/image\/\",\"url\":\"https:\/\/www.kosmetik-karlsruhe.de\/wp-content\/uploads\/Figl_Logo_klein_quadratisch.png\",\"contentUrl\":\"https:\/\/www.kosmetik-karlsruhe.de\/wp-content\/uploads\/Figl_Logo_klein_quadratisch.png\",\"width\":100,\"height\":100,\"caption\":\"Dermatologische Kosmetik Dres. Figl\"},\"image\":{\"@id\":\"https:\/\/www.kosmetik-karlsruhe.de\/#\/schema\/logo\/image\/\"}}]}<\/script>\n<!-- \/ Yoast SEO plugin. -->","yoast_head_json":{"title":"Dermatologische Kosmetik Dres. Figl - Karlsruhe","description":"Ihre dermatologisch-\u00e4sthetische Praxis f\u00fcr Hautverj\u00fcngung, Lasertherapie & \u00e4sthetische Behandlungen - seit 2007 in Karlsruhe","robots":{"index":"index","follow":"follow","max-snippet":"max-snippet:-1","max-image-preview":"max-image-preview:large","max-video-preview":"max-video-preview:-1"},"canonical":"https:\/\/www.kosmetik-karlsruhe.de\/","og_locale":"de_DE","og_type":"article","og_title":"Dermatologische Kosmetik Dres. Figl - Karlsruhe","og_description":"Ihre dermatologisch-\u00e4sthetische Praxis f\u00fcr Hautverj\u00fcngung, Lasertherapie & \u00e4sthetische Behandlungen - seit 2007 in Karlsruhe","og_url":"https:\/\/www.kosmetik-karlsruhe.de\/","og_site_name":"Dermatologische Kosmetik Dres. Figl","article_modified_time":"2026-03-16T12:12:37+00:00","og_image":[{"width":589,"height":900,"url":"https:\/\/www.kosmetik-karlsruhe.de\/wp-content\/uploads\/Kosmetik_2-1.jpg","type":"image\/jpeg"}],"twitter_card":"summary_large_image","twitter_misc":{"Gesch\u00e4tzte Lesezeit":"1\u00a0Minute"},"schema":{"@context":"https:\/\/schema.org","@graph":[{"@type":"WebPage","@id":"https:\/\/www.kosmetik-karlsruhe.de\/","url":"https:\/\/www.kosmetik-karlsruhe.de\/","name":"Dermatologische Kosmetik Dres. Figl - Karlsruhe","isPartOf":{"@id":"https:\/\/www.kosmetik-karlsruhe.de\/#website"},"primaryImageOfPage":{"@id":"https:\/\/www.kosmetik-karlsruhe.de\/#primaryimage"},"image":{"@id":"https:\/\/www.kosmetik-karlsruhe.de\/#primaryimage"},"thumbnailUrl":"https:\/\/www.kosmetik-karlsruhe.de\/wp-content\/uploads\/Kosmetik_2-1-196x300.jpg","datePublished":"2018-03-18T19:56:32+00:00","dateModified":"2026-03-16T12:12:37+00:00","description":"Ihre dermatologisch-\u00e4sthetische Praxis f\u00fcr Hautverj\u00fcngung, Lasertherapie & \u00e4sthetische Behandlungen - seit 2007 in Karlsruhe","inLanguage":"de","potentialAction":[{"@type":"ReadAction","target":["https:\/\/www.kosmetik-karlsruhe.de\/"]}]},{"@type":"ImageObject","inLanguage":"de","@id":"https:\/\/www.kosmetik-karlsruhe.de\/#primaryimage","url":"https:\/\/www.kosmetik-karlsruhe.de\/wp-content\/uploads\/Kosmetik_2-1.jpg","contentUrl":"https:\/\/www.kosmetik-karlsruhe.de\/wp-content\/uploads\/Kosmetik_2-1.jpg","width":589,"height":900},{"@type":"WebSite","@id":"https:\/\/www.kosmetik-karlsruhe.de\/#website","url":"https:\/\/www.kosmetik-karlsruhe.de\/","name":"Dermatologische Kosmetik Dres. Figl","description":"","publisher":{"@id":"https:\/\/www.kosmetik-karlsruhe.de\/#organization"},"potentialAction":[{"@type":"SearchAction","target":{"@type":"EntryPoint","urlTemplate":"https:\/\/www.kosmetik-karlsruhe.de\/?s={search_term_string}"},"query-input":{"@type":"PropertyValueSpecification","valueRequired":true,"valueName":"search_term_string"}}],"inLanguage":"de"},{"@type":"Organization","@id":"https:\/\/www.kosmetik-karlsruhe.de\/#organization","name":"Dermatologische Kosmetik Dres. Figl","url":"https:\/\/www.kosmetik-karlsruhe.de\/","logo":{"@type":"ImageObject","inLanguage":"de","@id":"https:\/\/www.kosmetik-karlsruhe.de\/#\/schema\/logo\/image\/","url":"https:\/\/www.kosmetik-karlsruhe.de\/wp-content\/uploads\/Figl_Logo_klein_quadratisch.png","contentUrl":"https:\/\/www.kosmetik-karlsruhe.de\/wp-content\/uploads\/Figl_Logo_klein_quadratisch.png","width":100,"height":100,"caption":"Dermatologische Kosmetik Dres. Figl"},"image":{"@id":"https:\/\/www.kosmetik-karlsruhe.de\/#\/schema\/logo\/image\/"}}]}},"_links":{"self":[{"href":"https:\/\/www.kosmetik-karlsruhe.de\/index.php\/wp-json\/wp\/v2\/pages\/23","targetHints":{"allow":["GET"]}}],"collection":[{"href":"https:\/\/www.kosmetik-karlsruhe.de\/index.php\/wp-json\/wp\/v2\/pages"}],"about":[{"href":"https:\/\/www.kosmetik-karlsruhe.de\/index.php\/wp-json\/wp\/v2\/types\/page"}],"author":[{"embeddable":true,"href":"https:\/\/www.kosmetik-karlsruhe.de\/index.php\/wp-json\/wp\/v2\/users\/1"}],"replies":[{"embeddable":true,"href":"https:\/\/www.kosmetik-karlsruhe.de\/index.php\/wp-json\/wp\/v2\/comments?post=23"}],"version-history":[{"count":46,"href":"https:\/\/www.kosmetik-karlsruhe.de\/index.php\/wp-json\/wp\/v2\/pages\/23\/revisions"}],"predecessor-version":[{"id":570,"href":"https:\/\/www.kosmetik-karlsruhe.de\/index.php\/wp-json\/wp\/v2\/pages\/23\/revisions\/570"}],"wp:attachment":[{"href":"https:\/\/www.kosmetik-karlsruhe.de\/index.php\/wp-json\/wp\/v2\/media?parent=23"}],"curies":[{"name":"wp","href":"https:\/\/api.w.org\/{rel}","templated":true}]}}