{"id":28,"date":"2018-03-18T20:01:09","date_gmt":"2018-03-18T20:01:09","guid":{"rendered":"http:\/\/www.kosmetik-karlsruhe.de\/v2\/?page_id=28"},"modified":"2025-08-03T11:13:00","modified_gmt":"2025-08-03T10:13:00","slug":"gesichtsbehandlungen","status":"publish","type":"page","link":"https:\/\/www.kosmetik-karlsruhe.de\/index.php\/gesichtsbehandlungen\/","title":{"rendered":"Klassische Gesichtsbehandlungen"},"content":{"rendered":"<h1><span style=\"color: #000000;\"><a style=\"color: #000000;\" href=\"https:\/\/www.kosmetik-karlsruhe.de\/index.php\/green-peel-kraeuterschaelkuren\/\">GreenPeel\u00ae<\/a><\/span><\/h1>\n<p>Fresh Up, Energy, Classic<\/p>\n<h1><span id=\"hs\">Gesicht oder Gesicht-Hals-Dekolletee<\/span><\/h1>\n<p>Reinigung, Vapozon-Dampf, Enzympeeling mit Frimator, Tiefenreinigung, revitalisierende N\u00e4hrstoffampulle, entspannende Massage von Gesicht und D\u00e9collet\u00e9e, Maske auf den Hauttyp abgestimmt, individuelle Tagescreme<\/p>\n<h1><span id=\"hs\">Manuelle Lymphdrainage<\/span><\/h1>\n<p>Gesichtsmassage zur Verbesserung des Abtransports von Stoffwechselendprodukten aus der Haut, bei Gesichtsschwellungen und Rosacea<\/p>\n<h1><span id=\"hs\">Augenbrauenkorrektur\/-f\u00e4rben<\/span><\/h1>\n<h1><span id=\"hs\">Wimpern f\u00e4rben<\/span><\/h1>\n","protected":false},"excerpt":{"rendered":"<p>GreenPeel\u00ae Fresh Up, Energy, Classic Gesicht oder Gesicht-Hals-Dekolletee Reinigung, Vapozon-Dampf, Enzympeeling mit Frimator, Tiefenreinigung, revitalisierende N\u00e4hrstoffampulle, entspannende Massage von Gesicht und D\u00e9collet\u00e9e, Maske auf den Hauttyp abgestimmt, individuelle Tagescreme Manuelle Lymphdrainage Gesichtsmassage zur Verbesserung des Abtransports von Stoffwechselendprodukten aus der Haut, bei Gesichtsschwellungen und Rosacea Augenbrauenkorrektur\/-f\u00e4rben Wimpern f\u00e4rben<\/p>\n","protected":false},"author":1,"featured_media":0,"parent":0,"menu_order":0,"comment_status":"closed","ping_status":"closed","template":"","meta":{"footnotes":""},"class_list":["post-28","page","type-page","status-publish","hentry"],"yoast_head":"<!-- This site is optimized with the Yoast SEO plugin v26.1.1 - https:\/\/yoast.com\/wordpress\/plugins\/seo\/ -->\n<title>Klassische Gesichtsbehandlungen - Dermatologische Kosmetik Dres. Figl<\/title>\n<meta name=\"robots\" content=\"index, follow, max-snippet:-1, max-image-preview:large, max-video-preview:-1\" \/>\n<link rel=\"canonical\" href=\"https:\/\/www.kosmetik-karlsruhe.de\/index.php\/gesichtsbehandlungen\/\" \/>\n<meta property=\"og:locale\" content=\"de_DE\" \/>\n<meta property=\"og:type\" content=\"article\" \/>\n<meta property=\"og:title\" content=\"Klassische Gesichtsbehandlungen - Dermatologische Kosmetik Dres. Figl\" \/>\n<meta property=\"og:description\" content=\"GreenPeel\u00ae Fresh Up, Energy, Classic Gesicht oder Gesicht-Hals-Dekolletee Reinigung, Vapozon-Dampf, Enzympeeling mit Frimator, Tiefenreinigung, revitalisierende N\u00e4hrstoffampulle, entspannende Massage von Gesicht und D\u00e9collet\u00e9e, Maske auf den Hauttyp abgestimmt, individuelle Tagescreme Manuelle Lymphdrainage Gesichtsmassage zur Verbesserung des Abtransports von Stoffwechselendprodukten aus der Haut, bei Gesichtsschwellungen und Rosacea Augenbrauenkorrektur\/-f\u00e4rben Wimpern f\u00e4rben\" \/>\n<meta property=\"og:url\" content=\"https:\/\/www.kosmetik-karlsruhe.de\/index.php\/gesichtsbehandlungen\/\" \/>\n<meta property=\"og:site_name\" content=\"Dermatologische Kosmetik Dres. Figl\" \/>\n<meta property=\"article:modified_time\" content=\"2025-08-03T10:13:00+00:00\" \/>\n<meta name=\"twitter:card\" content=\"summary_large_image\" \/>\n<script type=\"application\/ld+json\" class=\"yoast-schema-graph\">{\"@context\":\"https:\/\/schema.org\",\"@graph\":[{\"@type\":\"WebPage\",\"@id\":\"https:\/\/www.kosmetik-karlsruhe.de\/index.php\/gesichtsbehandlungen\/\",\"url\":\"https:\/\/www.kosmetik-karlsruhe.de\/index.php\/gesichtsbehandlungen\/\",\"name\":\"Klassische Gesichtsbehandlungen - Dermatologische Kosmetik Dres. Figl\",\"isPartOf\":{\"@id\":\"https:\/\/www.kosmetik-karlsruhe.de\/#website\"},\"datePublished\":\"2018-03-18T20:01:09+00:00\",\"dateModified\":\"2025-08-03T10:13:00+00:00\",\"breadcrumb\":{\"@id\":\"https:\/\/www.kosmetik-karlsruhe.de\/index.php\/gesichtsbehandlungen\/#breadcrumb\"},\"inLanguage\":\"de\",\"potentialAction\":[{\"@type\":\"ReadAction\",\"target\":[\"https:\/\/www.kosmetik-karlsruhe.de\/index.php\/gesichtsbehandlungen\/\"]}]},{\"@type\":\"BreadcrumbList\",\"@id\":\"https:\/\/www.kosmetik-karlsruhe.de\/index.php\/gesichtsbehandlungen\/#breadcrumb\",\"itemListElement\":[{\"@type\":\"ListItem\",\"position\":1,\"name\":\"Startseite\",\"item\":\"https:\/\/www.kosmetik-karlsruhe.de\/\"},{\"@type\":\"ListItem\",\"position\":2,\"name\":\"Klassische Gesichtsbehandlungen\"}]},{\"@type\":\"WebSite\",\"@id\":\"https:\/\/www.kosmetik-karlsruhe.de\/#website\",\"url\":\"https:\/\/www.kosmetik-karlsruhe.de\/\",\"name\":\"Dermatologische Kosmetik Dres. Figl\",\"description\":\"\",\"publisher\":{\"@id\":\"https:\/\/www.kosmetik-karlsruhe.de\/#organization\"},\"potentialAction\":[{\"@type\":\"SearchAction\",\"target\":{\"@type\":\"EntryPoint\",\"urlTemplate\":\"https:\/\/www.kosmetik-karlsruhe.de\/?s={search_term_string}\"},\"query-input\":{\"@type\":\"PropertyValueSpecification\",\"valueRequired\":true,\"valueName\":\"search_term_string\"}}],\"inLanguage\":\"de\"},{\"@type\":\"Organization\",\"@id\":\"https:\/\/www.kosmetik-karlsruhe.de\/#organization\",\"name\":\"Dermatologische Kosmetik Dres. Figl\",\"url\":\"https:\/\/www.kosmetik-karlsruhe.de\/\",\"logo\":{\"@type\":\"ImageObject\",\"inLanguage\":\"de\",\"@id\":\"https:\/\/www.kosmetik-karlsruhe.de\/#\/schema\/logo\/image\/\",\"url\":\"https:\/\/www.kosmetik-karlsruhe.de\/wp-content\/uploads\/Figl_Logo_klein_quadratisch.png\",\"contentUrl\":\"https:\/\/www.kosmetik-karlsruhe.de\/wp-content\/uploads\/Figl_Logo_klein_quadratisch.png\",\"width\":100,\"height\":100,\"caption\":\"Dermatologische Kosmetik Dres. Figl\"},\"image\":{\"@id\":\"https:\/\/www.kosmetik-karlsruhe.de\/#\/schema\/logo\/image\/\"}}]}<\/script>\n<!-- \/ Yoast SEO plugin. -->","yoast_head_json":{"title":"Klassische Gesichtsbehandlungen - Dermatologische Kosmetik Dres. Figl","robots":{"index":"index","follow":"follow","max-snippet":"max-snippet:-1","max-image-preview":"max-image-preview:large","max-video-preview":"max-video-preview:-1"},"canonical":"https:\/\/www.kosmetik-karlsruhe.de\/index.php\/gesichtsbehandlungen\/","og_locale":"de_DE","og_type":"article","og_title":"Klassische Gesichtsbehandlungen - Dermatologische Kosmetik Dres. Figl","og_description":"GreenPeel\u00ae Fresh Up, Energy, Classic Gesicht oder Gesicht-Hals-Dekolletee Reinigung, Vapozon-Dampf, Enzympeeling mit Frimator, Tiefenreinigung, revitalisierende N\u00e4hrstoffampulle, entspannende Massage von Gesicht und D\u00e9collet\u00e9e, Maske auf den Hauttyp abgestimmt, individuelle Tagescreme Manuelle Lymphdrainage Gesichtsmassage zur Verbesserung des Abtransports von Stoffwechselendprodukten aus der Haut, bei Gesichtsschwellungen und Rosacea Augenbrauenkorrektur\/-f\u00e4rben Wimpern f\u00e4rben","og_url":"https:\/\/www.kosmetik-karlsruhe.de\/index.php\/gesichtsbehandlungen\/","og_site_name":"Dermatologische Kosmetik Dres. Figl","article_modified_time":"2025-08-03T10:13:00+00:00","twitter_card":"summary_large_image","schema":{"@context":"https:\/\/schema.org","@graph":[{"@type":"WebPage","@id":"https:\/\/www.kosmetik-karlsruhe.de\/index.php\/gesichtsbehandlungen\/","url":"https:\/\/www.kosmetik-karlsruhe.de\/index.php\/gesichtsbehandlungen\/","name":"Klassische Gesichtsbehandlungen - Dermatologische Kosmetik Dres. Figl","isPartOf":{"@id":"https:\/\/www.kosmetik-karlsruhe.de\/#website"},"datePublished":"2018-03-18T20:01:09+00:00","dateModified":"2025-08-03T10:13:00+00:00","breadcrumb":{"@id":"https:\/\/www.kosmetik-karlsruhe.de\/index.php\/gesichtsbehandlungen\/#breadcrumb"},"inLanguage":"de","potentialAction":[{"@type":"ReadAction","target":["https:\/\/www.kosmetik-karlsruhe.de\/index.php\/gesichtsbehandlungen\/"]}]},{"@type":"BreadcrumbList","@id":"https:\/\/www.kosmetik-karlsruhe.de\/index.php\/gesichtsbehandlungen\/#breadcrumb","itemListElement":[{"@type":"ListItem","position":1,"name":"Startseite","item":"https:\/\/www.kosmetik-karlsruhe.de\/"},{"@type":"ListItem","position":2,"name":"Klassische Gesichtsbehandlungen"}]},{"@type":"WebSite","@id":"https:\/\/www.kosmetik-karlsruhe.de\/#website","url":"https:\/\/www.kosmetik-karlsruhe.de\/","name":"Dermatologische Kosmetik Dres. Figl","description":"","publisher":{"@id":"https:\/\/www.kosmetik-karlsruhe.de\/#organization"},"potentialAction":[{"@type":"SearchAction","target":{"@type":"EntryPoint","urlTemplate":"https:\/\/www.kosmetik-karlsruhe.de\/?s={search_term_string}"},"query-input":{"@type":"PropertyValueSpecification","valueRequired":true,"valueName":"search_term_string"}}],"inLanguage":"de"},{"@type":"Organization","@id":"https:\/\/www.kosmetik-karlsruhe.de\/#organization","name":"Dermatologische Kosmetik Dres. Figl","url":"https:\/\/www.kosmetik-karlsruhe.de\/","logo":{"@type":"ImageObject","inLanguage":"de","@id":"https:\/\/www.kosmetik-karlsruhe.de\/#\/schema\/logo\/image\/","url":"https:\/\/www.kosmetik-karlsruhe.de\/wp-content\/uploads\/Figl_Logo_klein_quadratisch.png","contentUrl":"https:\/\/www.kosmetik-karlsruhe.de\/wp-content\/uploads\/Figl_Logo_klein_quadratisch.png","width":100,"height":100,"caption":"Dermatologische Kosmetik Dres. Figl"},"image":{"@id":"https:\/\/www.kosmetik-karlsruhe.de\/#\/schema\/logo\/image\/"}}]}},"_links":{"self":[{"href":"https:\/\/www.kosmetik-karlsruhe.de\/index.php\/wp-json\/wp\/v2\/pages\/28","targetHints":{"allow":["GET"]}}],"collection":[{"href":"https:\/\/www.kosmetik-karlsruhe.de\/index.php\/wp-json\/wp\/v2\/pages"}],"about":[{"href":"https:\/\/www.kosmetik-karlsruhe.de\/index.php\/wp-json\/wp\/v2\/types\/page"}],"author":[{"embeddable":true,"href":"https:\/\/www.kosmetik-karlsruhe.de\/index.php\/wp-json\/wp\/v2\/users\/1"}],"replies":[{"embeddable":true,"href":"https:\/\/www.kosmetik-karlsruhe.de\/index.php\/wp-json\/wp\/v2\/comments?post=28"}],"version-history":[{"count":8,"href":"https:\/\/www.kosmetik-karlsruhe.de\/index.php\/wp-json\/wp\/v2\/pages\/28\/revisions"}],"predecessor-version":[{"id":484,"href":"https:\/\/www.kosmetik-karlsruhe.de\/index.php\/wp-json\/wp\/v2\/pages\/28\/revisions\/484"}],"wp:attachment":[{"href":"https:\/\/www.kosmetik-karlsruhe.de\/index.php\/wp-json\/wp\/v2\/media?parent=28"}],"curies":[{"name":"wp","href":"https:\/\/api.w.org\/{rel}","templated":true}]}}