{"id":32,"date":"2018-03-18T20:02:44","date_gmt":"2018-03-18T20:02:44","guid":{"rendered":"http:\/\/www.kosmetik-karlsruhe.de\/v2\/?page_id=32"},"modified":"2025-08-03T11:14:00","modified_gmt":"2025-08-03T10:14:00","slug":"hauterneuerung-durch-schaelkuren","status":"publish","type":"page","link":"https:\/\/www.kosmetik-karlsruhe.de\/index.php\/hauterneuerung-durch-schaelkuren\/","title":{"rendered":"Hauterneuerung durch Sch\u00e4lkuren"},"content":{"rendered":"<h1><span id=\"hs\">Anwendungsgebiete<\/span><\/h1>\n<p>Fahle, unreine und gro\u00dfporige Haut, Narben durch Akne, Hautalterung und sonnengesch\u00e4digte Haut, Hautverf\u00e4rbungen<\/p>\n<h1><a href=\"https:\/\/www.kosmetik-karlsruhe.de\/index.php\/green-peel-kraeuterschaelkuren\/\"><span id=\"hs\">Green Peel \u00ae &#8211; Kr\u00e4utersch\u00e4lkur<\/span><\/a><\/h1>\n<p>Auf Kr\u00e4uterbasis beruhende Methode zur Sch\u00e4lung der Haut ohne chemische Zus\u00e4tze, bewirkt fl\u00e4chenhafte Abschilferung der obersten Hautschichten, Intensivierung der Durchblutung, Aktivierung des Stoffwechsels und Entschlackung der Haut. Durch die Entfernung der oberen Hautschichten wird die Wachstumszone der Haut zur Zellneubildung angeregt.<\/p>\n<h1><span id=\"hs\">Fruchts\u00e4urepeeling (Glycols\u00e4ure)<\/span><\/h1>\n<p>Oberfl\u00e4chliche, feine Sch\u00e4lung der Haut mit einer nat\u00fcrlichen Fruchts\u00e4ure aus dem Zuckerrohr, Abl\u00f6sung der oberfl\u00e4chlichen abgestorbenen Hautzellschichten, Anregung der Regeneration aus der Wachstumszone der Haut, ges\u00fcnderes und strafferes Erscheinungsbild.<\/p>\n","protected":false},"excerpt":{"rendered":"<p>Anwendungsgebiete Fahle, unreine und gro\u00dfporige Haut, Narben durch Akne, Hautalterung und sonnengesch\u00e4digte Haut, Hautverf\u00e4rbungen Green Peel \u00ae &#8211; Kr\u00e4utersch\u00e4lkur Auf Kr\u00e4uterbasis beruhende Methode zur Sch\u00e4lung der Haut ohne chemische Zus\u00e4tze, bewirkt fl\u00e4chenhafte Abschilferung der obersten Hautschichten, Intensivierung der Durchblutung, Aktivierung des Stoffwechsels und Entschlackung der Haut. Durch die Entfernung der oberen Hautschichten wird die Wachstumszone &hellip; <\/p>\n","protected":false},"author":1,"featured_media":0,"parent":0,"menu_order":0,"comment_status":"closed","ping_status":"closed","template":"","meta":{"footnotes":""},"class_list":["post-32","page","type-page","status-publish","hentry"],"yoast_head":"<!-- This site is optimized with the Yoast SEO plugin v26.1.1 - https:\/\/yoast.com\/wordpress\/plugins\/seo\/ -->\n<title>Hauterneuerung durch Sch\u00e4lkuren - Dermatologische Kosmetik Dres. Figl<\/title>\n<meta name=\"robots\" content=\"index, follow, max-snippet:-1, max-image-preview:large, max-video-preview:-1\" \/>\n<link rel=\"canonical\" href=\"https:\/\/www.kosmetik-karlsruhe.de\/index.php\/hauterneuerung-durch-schaelkuren\/\" \/>\n<meta property=\"og:locale\" content=\"de_DE\" \/>\n<meta property=\"og:type\" content=\"article\" \/>\n<meta property=\"og:title\" content=\"Hauterneuerung durch Sch\u00e4lkuren - Dermatologische Kosmetik Dres. Figl\" \/>\n<meta property=\"og:description\" content=\"Anwendungsgebiete Fahle, unreine und gro\u00dfporige Haut, Narben durch Akne, Hautalterung und sonnengesch\u00e4digte Haut, Hautverf\u00e4rbungen Green Peel \u00ae &#8211; Kr\u00e4utersch\u00e4lkur Auf Kr\u00e4uterbasis beruhende Methode zur Sch\u00e4lung der Haut ohne chemische Zus\u00e4tze, bewirkt fl\u00e4chenhafte Abschilferung der obersten Hautschichten, Intensivierung der Durchblutung, Aktivierung des Stoffwechsels und Entschlackung der Haut. Durch die Entfernung der oberen Hautschichten wird die Wachstumszone &hellip;\" \/>\n<meta property=\"og:url\" content=\"https:\/\/www.kosmetik-karlsruhe.de\/index.php\/hauterneuerung-durch-schaelkuren\/\" \/>\n<meta property=\"og:site_name\" content=\"Dermatologische Kosmetik Dres. Figl\" \/>\n<meta property=\"article:modified_time\" content=\"2025-08-03T10:14:00+00:00\" \/>\n<meta name=\"twitter:card\" content=\"summary_large_image\" \/>\n<meta name=\"twitter:label1\" content=\"Gesch\u00e4tzte Lesezeit\" \/>\n\t<meta name=\"twitter:data1\" content=\"1\u00a0Minute\" \/>\n<script type=\"application\/ld+json\" class=\"yoast-schema-graph\">{\"@context\":\"https:\/\/schema.org\",\"@graph\":[{\"@type\":\"WebPage\",\"@id\":\"https:\/\/www.kosmetik-karlsruhe.de\/index.php\/hauterneuerung-durch-schaelkuren\/\",\"url\":\"https:\/\/www.kosmetik-karlsruhe.de\/index.php\/hauterneuerung-durch-schaelkuren\/\",\"name\":\"Hauterneuerung durch Sch\u00e4lkuren - Dermatologische Kosmetik Dres. Figl\",\"isPartOf\":{\"@id\":\"https:\/\/www.kosmetik-karlsruhe.de\/#website\"},\"datePublished\":\"2018-03-18T20:02:44+00:00\",\"dateModified\":\"2025-08-03T10:14:00+00:00\",\"breadcrumb\":{\"@id\":\"https:\/\/www.kosmetik-karlsruhe.de\/index.php\/hauterneuerung-durch-schaelkuren\/#breadcrumb\"},\"inLanguage\":\"de\",\"potentialAction\":[{\"@type\":\"ReadAction\",\"target\":[\"https:\/\/www.kosmetik-karlsruhe.de\/index.php\/hauterneuerung-durch-schaelkuren\/\"]}]},{\"@type\":\"BreadcrumbList\",\"@id\":\"https:\/\/www.kosmetik-karlsruhe.de\/index.php\/hauterneuerung-durch-schaelkuren\/#breadcrumb\",\"itemListElement\":[{\"@type\":\"ListItem\",\"position\":1,\"name\":\"Startseite\",\"item\":\"https:\/\/www.kosmetik-karlsruhe.de\/\"},{\"@type\":\"ListItem\",\"position\":2,\"name\":\"Hauterneuerung durch Sch\u00e4lkuren\"}]},{\"@type\":\"WebSite\",\"@id\":\"https:\/\/www.kosmetik-karlsruhe.de\/#website\",\"url\":\"https:\/\/www.kosmetik-karlsruhe.de\/\",\"name\":\"Dermatologische Kosmetik Dres. Figl\",\"description\":\"\",\"publisher\":{\"@id\":\"https:\/\/www.kosmetik-karlsruhe.de\/#organization\"},\"potentialAction\":[{\"@type\":\"SearchAction\",\"target\":{\"@type\":\"EntryPoint\",\"urlTemplate\":\"https:\/\/www.kosmetik-karlsruhe.de\/?s={search_term_string}\"},\"query-input\":{\"@type\":\"PropertyValueSpecification\",\"valueRequired\":true,\"valueName\":\"search_term_string\"}}],\"inLanguage\":\"de\"},{\"@type\":\"Organization\",\"@id\":\"https:\/\/www.kosmetik-karlsruhe.de\/#organization\",\"name\":\"Dermatologische Kosmetik Dres. Figl\",\"url\":\"https:\/\/www.kosmetik-karlsruhe.de\/\",\"logo\":{\"@type\":\"ImageObject\",\"inLanguage\":\"de\",\"@id\":\"https:\/\/www.kosmetik-karlsruhe.de\/#\/schema\/logo\/image\/\",\"url\":\"https:\/\/www.kosmetik-karlsruhe.de\/wp-content\/uploads\/Figl_Logo_klein_quadratisch.png\",\"contentUrl\":\"https:\/\/www.kosmetik-karlsruhe.de\/wp-content\/uploads\/Figl_Logo_klein_quadratisch.png\",\"width\":100,\"height\":100,\"caption\":\"Dermatologische Kosmetik Dres. Figl\"},\"image\":{\"@id\":\"https:\/\/www.kosmetik-karlsruhe.de\/#\/schema\/logo\/image\/\"}}]}<\/script>\n<!-- \/ Yoast SEO plugin. -->","yoast_head_json":{"title":"Hauterneuerung durch Sch\u00e4lkuren - Dermatologische Kosmetik Dres. Figl","robots":{"index":"index","follow":"follow","max-snippet":"max-snippet:-1","max-image-preview":"max-image-preview:large","max-video-preview":"max-video-preview:-1"},"canonical":"https:\/\/www.kosmetik-karlsruhe.de\/index.php\/hauterneuerung-durch-schaelkuren\/","og_locale":"de_DE","og_type":"article","og_title":"Hauterneuerung durch Sch\u00e4lkuren - Dermatologische Kosmetik Dres. Figl","og_description":"Anwendungsgebiete Fahle, unreine und gro\u00dfporige Haut, Narben durch Akne, Hautalterung und sonnengesch\u00e4digte Haut, Hautverf\u00e4rbungen Green Peel \u00ae &#8211; Kr\u00e4utersch\u00e4lkur Auf Kr\u00e4uterbasis beruhende Methode zur Sch\u00e4lung der Haut ohne chemische Zus\u00e4tze, bewirkt fl\u00e4chenhafte Abschilferung der obersten Hautschichten, Intensivierung der Durchblutung, Aktivierung des Stoffwechsels und Entschlackung der Haut. Durch die Entfernung der oberen Hautschichten wird die Wachstumszone &hellip;","og_url":"https:\/\/www.kosmetik-karlsruhe.de\/index.php\/hauterneuerung-durch-schaelkuren\/","og_site_name":"Dermatologische Kosmetik Dres. Figl","article_modified_time":"2025-08-03T10:14:00+00:00","twitter_card":"summary_large_image","twitter_misc":{"Gesch\u00e4tzte Lesezeit":"1\u00a0Minute"},"schema":{"@context":"https:\/\/schema.org","@graph":[{"@type":"WebPage","@id":"https:\/\/www.kosmetik-karlsruhe.de\/index.php\/hauterneuerung-durch-schaelkuren\/","url":"https:\/\/www.kosmetik-karlsruhe.de\/index.php\/hauterneuerung-durch-schaelkuren\/","name":"Hauterneuerung durch Sch\u00e4lkuren - Dermatologische Kosmetik Dres. Figl","isPartOf":{"@id":"https:\/\/www.kosmetik-karlsruhe.de\/#website"},"datePublished":"2018-03-18T20:02:44+00:00","dateModified":"2025-08-03T10:14:00+00:00","breadcrumb":{"@id":"https:\/\/www.kosmetik-karlsruhe.de\/index.php\/hauterneuerung-durch-schaelkuren\/#breadcrumb"},"inLanguage":"de","potentialAction":[{"@type":"ReadAction","target":["https:\/\/www.kosmetik-karlsruhe.de\/index.php\/hauterneuerung-durch-schaelkuren\/"]}]},{"@type":"BreadcrumbList","@id":"https:\/\/www.kosmetik-karlsruhe.de\/index.php\/hauterneuerung-durch-schaelkuren\/#breadcrumb","itemListElement":[{"@type":"ListItem","position":1,"name":"Startseite","item":"https:\/\/www.kosmetik-karlsruhe.de\/"},{"@type":"ListItem","position":2,"name":"Hauterneuerung durch Sch\u00e4lkuren"}]},{"@type":"WebSite","@id":"https:\/\/www.kosmetik-karlsruhe.de\/#website","url":"https:\/\/www.kosmetik-karlsruhe.de\/","name":"Dermatologische Kosmetik Dres. Figl","description":"","publisher":{"@id":"https:\/\/www.kosmetik-karlsruhe.de\/#organization"},"potentialAction":[{"@type":"SearchAction","target":{"@type":"EntryPoint","urlTemplate":"https:\/\/www.kosmetik-karlsruhe.de\/?s={search_term_string}"},"query-input":{"@type":"PropertyValueSpecification","valueRequired":true,"valueName":"search_term_string"}}],"inLanguage":"de"},{"@type":"Organization","@id":"https:\/\/www.kosmetik-karlsruhe.de\/#organization","name":"Dermatologische Kosmetik Dres. Figl","url":"https:\/\/www.kosmetik-karlsruhe.de\/","logo":{"@type":"ImageObject","inLanguage":"de","@id":"https:\/\/www.kosmetik-karlsruhe.de\/#\/schema\/logo\/image\/","url":"https:\/\/www.kosmetik-karlsruhe.de\/wp-content\/uploads\/Figl_Logo_klein_quadratisch.png","contentUrl":"https:\/\/www.kosmetik-karlsruhe.de\/wp-content\/uploads\/Figl_Logo_klein_quadratisch.png","width":100,"height":100,"caption":"Dermatologische Kosmetik Dres. Figl"},"image":{"@id":"https:\/\/www.kosmetik-karlsruhe.de\/#\/schema\/logo\/image\/"}}]}},"_links":{"self":[{"href":"https:\/\/www.kosmetik-karlsruhe.de\/index.php\/wp-json\/wp\/v2\/pages\/32","targetHints":{"allow":["GET"]}}],"collection":[{"href":"https:\/\/www.kosmetik-karlsruhe.de\/index.php\/wp-json\/wp\/v2\/pages"}],"about":[{"href":"https:\/\/www.kosmetik-karlsruhe.de\/index.php\/wp-json\/wp\/v2\/types\/page"}],"author":[{"embeddable":true,"href":"https:\/\/www.kosmetik-karlsruhe.de\/index.php\/wp-json\/wp\/v2\/users\/1"}],"replies":[{"embeddable":true,"href":"https:\/\/www.kosmetik-karlsruhe.de\/index.php\/wp-json\/wp\/v2\/comments?post=32"}],"version-history":[{"count":4,"href":"https:\/\/www.kosmetik-karlsruhe.de\/index.php\/wp-json\/wp\/v2\/pages\/32\/revisions"}],"predecessor-version":[{"id":485,"href":"https:\/\/www.kosmetik-karlsruhe.de\/index.php\/wp-json\/wp\/v2\/pages\/32\/revisions\/485"}],"wp:attachment":[{"href":"https:\/\/www.kosmetik-karlsruhe.de\/index.php\/wp-json\/wp\/v2\/media?parent=32"}],"curies":[{"name":"wp","href":"https:\/\/api.w.org\/{rel}","templated":true}]}}