{"id":414,"date":"2025-08-01T10:40:28","date_gmt":"2025-08-01T09:40:28","guid":{"rendered":"https:\/\/www.kosmetik-karlsruhe.de\/?page_id=414"},"modified":"2026-03-16T13:13:28","modified_gmt":"2026-03-16T12:13:28","slug":"hyaluronsaeure-filler","status":"publish","type":"page","link":"https:\/\/www.kosmetik-karlsruhe.de\/index.php\/hyaluronsaeure-filler\/","title":{"rendered":"Hyalurons\u00e4ure Filler"},"content":{"rendered":"<h3 data-start=\"150\" data-end=\"198\"><strong data-start=\"154\" data-end=\"198\">Falten-, Lifting- und Volumenaufbau:<\/strong><\/h3>\n<p data-start=\"200\" data-end=\"470\">Moderne Behandlungen mit Hyalurons\u00e4ure-Fillern dienen dem <strong data-start=\"266\" data-end=\"299\">Volumenaufbau und Lifting<\/strong> von Gesichtspartien, die durch Alterung oder Gewichtsverlust an Kontur und Festigkeit verloren haben. Auch eine vorbeugende Harmonisierung des Gesichts ist damit m\u00f6glich. Hier sind einige bew\u00e4hrte Anwendungsgebiete:<\/p>\n<ul style=\"font-weight: 400;\">\n<li><strong>Wangenlifting:<\/strong><br \/>\nInjektionen in die Wangenregion k\u00f6nnen die \u00a0<strong>Wangenknochen betonen<\/strong>\u00a0und dem Gesicht mehr\u00a0<strong>Struktur und Jugendlichkeit<\/strong> verleihen. Dies kann auch zu einem sanften Lifting-Effekt auf die Mittelgesichtsregion f\u00fchren.<\/li>\n<\/ul>\n<ul style=\"font-weight: 400;\">\n<li><strong>Kinnkonturierung:<\/strong><br \/>\nGezielte Injektionen ins Kinn bauen Volumen bei einem zu kleinen oder zur\u00fcckliegenden Kinn auf. Dies verbessert die\u00a0<strong>seitliche Profilansicht<\/strong>\u00a0und bringt das\u00a0<strong>Gesicht optisch in Balance<\/strong>, was vor allem im Zusammenspiel mit der Jawline-Korrektur entscheidend ist.<\/li>\n<\/ul>\n<ul style=\"font-weight: 400;\">\n<li><strong>Jawline-Behandlung (Kieferlinien-Konturierung):<\/strong><br \/>\nEine definierte\u00a0<strong>Kieferlinie<\/strong>\u00a0steht f\u00fcr Jugend, Attraktivit\u00e4t und Klarheit im Gesichtsausdruck. Fillern-Injektionen modellieren die Konturen entlang der unteren Gesichtslinie pr\u00e4zise, was besonders bei\u00a0<strong>verwaschenen oder altersbedingt erschlafften Kieferkonturen<\/strong>\u00a0hilfreich ist.<br \/>\nDas schafft eine\u00a0<strong>straffe Jawline<\/strong>, die das Gesicht symmetrischer und schlanker erscheinen l\u00e4sst \u2013 ohne operativen Eingriff. In Kombination mit der stumpfen Kan\u00fclentechnik wird der Filler entlang der gesamten Kieferlinie\u00a0<strong>homogen und risikoarm platziert<\/strong>, was f\u00fcr sehr nat\u00fcrliche und langanhaltende Ergebnisse sorgt.<\/li>\n<\/ul>\n<ul style=\"font-weight: 400;\">\n<li><strong>Indirekte Verbesserung von Nasolabial- und Marionettenfalten:<\/strong><br \/>\nDer gezielte\u00a0<strong>Volumenaufbau im Mittel- und Untergesicht<\/strong>\u00a0(z.\u202fB. an den Wangen, am Kinn und entlang der Jawline) f\u00fchrt zu einer sanften Anhebung des abgesunkenen Gewebes.<br \/>\nDadurch entsteht ein\u00a0<strong>straffender Effekt\u00a0auf die Nasolabialfalte und Marionettenfalte<\/strong>. In vielen F\u00e4llen mildert der strukturelle Volumenaufbau diese Falten bereits deutlich \u2013 ganz ohne direkte Injektion in die Falte. Das Resultat ist ein\u00a0<strong>harmonisches, nat\u00fcrlich wirkendes Lifting<\/strong>, das nicht aufgespritzt aussieht.<\/li>\n<\/ul>\n<ul style=\"font-weight: 400;\">\n<li><strong>Feine Falten<\/strong>\u00a0(z.\u202fB. Linien rund um den Mund oder auf der Stirn oder den Wangen) entstehen oft durch die wiederholte Bewegung der Mimik oder durch den nat\u00fcrlichen Alterungsprozess. Diese Falten lassen sich ganz oberfl\u00e4chlich mit einer sanften Technik auff\u00fcllen, sodass die Haut wieder\u00a0<strong>glatt und frisch<\/strong> aussieht.<\/li>\n<\/ul>\n<ul style=\"font-weight: 400;\">\n<li><strong>Tiefe Falten<\/strong>\u00a0(wie die\u00a0<strong>Nasolabialfalten<\/strong>\u00a0oder\u00a0<strong>Marionettenfalten<\/strong>) resultieren meist aus Volumenverlust und einer Erschlaffung der Hautstruktur. Diese Falten erfordern eine gezielte\u00a0<strong>Tiefenbehandlung<\/strong>, bei der der Filler in die tieferen Hautschichten injiziert wird, um die\u00a0<strong>Haut zu st\u00fctzen<\/strong>\u00a0und eine langfristige\u00a0<strong>Gl\u00e4ttung<\/strong> zu erzielen. Im Rahmen der ganzheitlichen Behandlung sollte hier immer zun\u00e4chst eine Lifting-Behandlung mit Filler im Bereich der Wangen, Schl\u00e4fen und Kinnlinie durchgef\u00fchrt werden.<\/li>\n<\/ul>\n<ul style=\"font-weight: 400;\">\n<li><strong>Ganzheitliches Liquid Lifting:<\/strong><br \/>\nDie Kombination verschiedener Behandlungszonen (Schl\u00e4fen, Wangen, Kinn, Jawline) kann ein\u00a0<strong>ganzheitliches Facelift ohne OP\u00a0<\/strong>erzielen. Dabei wird die urspr\u00fcngliche Gesichtsform sanft wiederhergestellt oder verbessert und altersbedingte Ver\u00e4nderungen werden harmonisch ausgeglichen \u2013 mit dem Ziel,\u00a0<strong>frisch und erholt, aber nicht \u201egemacht\u201c<\/strong> auszusehen.<\/li>\n<\/ul>\n<ul style=\"font-weight: 400;\">\n<li><strong>Volumenaufbau und Definition der Lippenkontur:<\/strong><br \/>\nFillern-Injektionen k\u00f6nnen sowohl\u00a0<strong>Volumenverlust<\/strong>\u00a0im Lippenk\u00f6rper als auch eine\u00a0<strong>unscharfe Lippenkontur<\/strong>gezielt ausgleichen. Der Filler wird pr\u00e4zise in die\u00a0<strong>Ober- und Unterlippe<\/strong>\u00a0injiziert, um den\u00a0<strong>Lippenrand zu definieren<\/strong>\u00a0und die Lippen\u00a0<strong>volumin\u00f6ser und jugendlicher<\/strong>\u00a0wirken zu lassen. Der Vorteil von Hyalurons\u00e4ure liegt darin, dass es besonders gut in den feinen Hautstrukturen um die Lippen herum\u00a0<strong>integriert<\/strong>\u00a0wird, wodurch die Lippen auf nat\u00fcrliche Weise\u00a0<strong>voller\u00a0<\/strong>erscheinen, ohne k\u00fcnstlich zu wirken.<\/li>\n<\/ul>\n<h3 data-start=\"1795\" data-end=\"1826\"><strong data-start=\"1799\" data-end=\"1826\">Stumpfe Kan\u00fclentechnik:<\/strong><\/h3>\n<p data-start=\"1828\" data-end=\"1991\">Die stumpfe Kan\u00fclentechnik ist eine spezielle Injektionstechnik, bei der eine <strong data-start=\"1906\" data-end=\"1916\">Kan\u00fcle<\/strong> anstelle einer Nadel verwendet wird. Diese Technik bietet einige Vorteile:<\/p>\n<ul data-start=\"1993\" data-end=\"2615\">\n<li data-start=\"1993\" data-end=\"2192\">\n<p data-start=\"1995\" data-end=\"2192\"><strong data-start=\"1995\" data-end=\"2027\">Geringere Verletzungsgefahr:<\/strong> Die stumpfe Kan\u00fcle hat eine abgerundete Spitze, die das Gewebe sanfter durchdringt, wodurch das Risiko von H\u00e4matomen, Bluterg\u00fcssen und Gewebesch\u00e4den reduziert wird.<\/p>\n<\/li>\n<li data-start=\"2196\" data-end=\"2398\">\n<p data-start=\"2198\" data-end=\"2398\"><strong data-start=\"2198\" data-end=\"2238\">Gleichm\u00e4\u00dfige Verteilung des Fillers:<\/strong> Mit der Kan\u00fcle l\u00e4sst sich der Filler gleichm\u00e4\u00dfiger und pr\u00e4ziser in gr\u00f6\u00dfere Bereiche verteilen, was f\u00fcr eine besonders nat\u00fcrliche und harmonische Wirkung sorgt.<\/p>\n<\/li>\n<li data-start=\"2402\" data-end=\"2615\">\n<p data-start=\"2404\" data-end=\"2615\"><strong data-start=\"2404\" data-end=\"2424\">Weniger Schmerz:<\/strong> Patienten berichten h\u00e4ufig von weniger Schmerzen und Discomfort im Vergleich zur traditionellen Nadeltechnik, da die Kan\u00fcle nicht direkt durch die Haut schneidet, sondern das Gewebe schiebt.<\/p>\n<\/li>\n<\/ul>\n<p data-start=\"2617\" data-end=\"2790\">Besonders bei gr\u00f6\u00dferen Fl\u00e4chen wie den <strong data-start=\"2656\" data-end=\"2666\">Wangen<\/strong> oder der\u00a0<strong data-start=\"2676\" data-end=\"2684\">Kieferlinie (Jawline)<\/strong>\u00a0ist diese Technik besonders vorteilhaft, da sie eine schnelle und weniger invasive Behandlung erm\u00f6glicht.<\/p>\n<p><img loading=\"lazy\" decoding=\"async\" class=\"alignnone wp-image-415 size-large\" src=\"https:\/\/www.kosmetik-karlsruhe.de\/wp-content\/uploads\/Belotero_R__Produktfamilie-1024x439.png\" alt=\"\" width=\"780\" height=\"334\" srcset=\"https:\/\/www.kosmetik-karlsruhe.de\/wp-content\/uploads\/Belotero_R__Produktfamilie-1024x439.png 1024w, https:\/\/www.kosmetik-karlsruhe.de\/wp-content\/uploads\/Belotero_R__Produktfamilie-300x129.png 300w, https:\/\/www.kosmetik-karlsruhe.de\/wp-content\/uploads\/Belotero_R__Produktfamilie-768x329.png 768w, https:\/\/www.kosmetik-karlsruhe.de\/wp-content\/uploads\/Belotero_R__Produktfamilie.png 2000w\" sizes=\"auto, (max-width: 780px) 100vw, 780px\" \/><\/p>\n<h5><span style=\"color: #993366;\"><a style=\"color: #993366;\" href=\"https:\/\/www.kosmetik-karlsruhe.de\/wp-content\/uploads\/Belotero.pdf\">Patientenbrosch\u00fcre Belotero<\/a><\/span><\/h5>\n","protected":false},"excerpt":{"rendered":"<p>Falten-, Lifting- und Volumenaufbau: Moderne Behandlungen mit Hyalurons\u00e4ure-Fillern dienen dem Volumenaufbau und Lifting von Gesichtspartien, die durch Alterung oder Gewichtsverlust an Kontur und Festigkeit verloren haben. Auch eine vorbeugende Harmonisierung des Gesichts ist damit m\u00f6glich. Hier sind einige bew\u00e4hrte Anwendungsgebiete: Wangenlifting: Injektionen in die Wangenregion k\u00f6nnen die \u00a0Wangenknochen betonen\u00a0und dem Gesicht mehr\u00a0Struktur und Jugendlichkeit verleihen. &hellip; <\/p>\n","protected":false},"author":1,"featured_media":510,"parent":0,"menu_order":0,"comment_status":"closed","ping_status":"closed","template":"","meta":{"footnotes":""},"class_list":["post-414","page","type-page","status-publish","has-post-thumbnail","hentry"],"yoast_head":"<!-- This site is optimized with the Yoast SEO plugin v26.1.1 - https:\/\/yoast.com\/wordpress\/plugins\/seo\/ -->\n<title>Hyalurons\u00e4ure Filler - 10%<\/title>\n<meta name=\"description\" content=\"Hyalurons\u00e4ure-Filler wirken gegen Falten und bieten Volumenaufbau und Lifting. Jetzt 10% Rabatt auf alle Behandlungen sichern!\" \/>\n<meta name=\"robots\" content=\"index, follow, max-snippet:-1, max-image-preview:large, max-video-preview:-1\" \/>\n<link rel=\"canonical\" href=\"https:\/\/www.kosmetik-karlsruhe.de\/index.php\/hyaluronsaeure-filler\/\" \/>\n<meta property=\"og:locale\" content=\"de_DE\" \/>\n<meta property=\"og:type\" content=\"article\" \/>\n<meta property=\"og:title\" content=\"Hyalurons\u00e4ure Filler - 10%\" \/>\n<meta property=\"og:description\" content=\"Hyalurons\u00e4ure-Filler wirken gegen Falten und bieten Volumenaufbau und Lifting. Jetzt 10% Rabatt auf alle Behandlungen sichern!\" \/>\n<meta property=\"og:url\" content=\"https:\/\/www.kosmetik-karlsruhe.de\/index.php\/hyaluronsaeure-filler\/\" \/>\n<meta property=\"og:site_name\" content=\"Dermatologische Kosmetik Dres. Figl\" \/>\n<meta property=\"article:modified_time\" content=\"2026-03-16T12:13:28+00:00\" \/>\n<meta property=\"og:image\" content=\"https:\/\/www.kosmetik-karlsruhe.de\/wp-content\/uploads\/Filler-683x1024.png\" \/>\n\t<meta property=\"og:image:width\" content=\"683\" \/>\n\t<meta property=\"og:image:height\" content=\"1024\" \/>\n\t<meta property=\"og:image:type\" content=\"image\/png\" \/>\n<meta name=\"twitter:card\" content=\"summary_large_image\" \/>\n<meta name=\"twitter:label1\" content=\"Gesch\u00e4tzte Lesezeit\" \/>\n\t<meta name=\"twitter:data1\" content=\"4\u00a0Minuten\" \/>\n<script type=\"application\/ld+json\" class=\"yoast-schema-graph\">{\"@context\":\"https:\/\/schema.org\",\"@graph\":[{\"@type\":\"WebPage\",\"@id\":\"https:\/\/www.kosmetik-karlsruhe.de\/index.php\/hyaluronsaeure-filler\/\",\"url\":\"https:\/\/www.kosmetik-karlsruhe.de\/index.php\/hyaluronsaeure-filler\/\",\"name\":\"Hyalurons\u00e4ure Filler - 10%\",\"isPartOf\":{\"@id\":\"https:\/\/www.kosmetik-karlsruhe.de\/#website\"},\"primaryImageOfPage\":{\"@id\":\"https:\/\/www.kosmetik-karlsruhe.de\/index.php\/hyaluronsaeure-filler\/#primaryimage\"},\"image\":{\"@id\":\"https:\/\/www.kosmetik-karlsruhe.de\/index.php\/hyaluronsaeure-filler\/#primaryimage\"},\"thumbnailUrl\":\"https:\/\/www.kosmetik-karlsruhe.de\/wp-content\/uploads\/Filler.png\",\"datePublished\":\"2025-08-01T09:40:28+00:00\",\"dateModified\":\"2026-03-16T12:13:28+00:00\",\"description\":\"Hyalurons\u00e4ure-Filler wirken gegen Falten und bieten Volumenaufbau und Lifting. Jetzt 10% Rabatt auf alle Behandlungen sichern!\",\"breadcrumb\":{\"@id\":\"https:\/\/www.kosmetik-karlsruhe.de\/index.php\/hyaluronsaeure-filler\/#breadcrumb\"},\"inLanguage\":\"de\",\"potentialAction\":[{\"@type\":\"ReadAction\",\"target\":[\"https:\/\/www.kosmetik-karlsruhe.de\/index.php\/hyaluronsaeure-filler\/\"]}]},{\"@type\":\"ImageObject\",\"inLanguage\":\"de\",\"@id\":\"https:\/\/www.kosmetik-karlsruhe.de\/index.php\/hyaluronsaeure-filler\/#primaryimage\",\"url\":\"https:\/\/www.kosmetik-karlsruhe.de\/wp-content\/uploads\/Filler.png\",\"contentUrl\":\"https:\/\/www.kosmetik-karlsruhe.de\/wp-content\/uploads\/Filler.png\",\"width\":1024,\"height\":1536},{\"@type\":\"BreadcrumbList\",\"@id\":\"https:\/\/www.kosmetik-karlsruhe.de\/index.php\/hyaluronsaeure-filler\/#breadcrumb\",\"itemListElement\":[{\"@type\":\"ListItem\",\"position\":1,\"name\":\"Startseite\",\"item\":\"https:\/\/www.kosmetik-karlsruhe.de\/\"},{\"@type\":\"ListItem\",\"position\":2,\"name\":\"Hyalurons\u00e4ure Filler\"}]},{\"@type\":\"WebSite\",\"@id\":\"https:\/\/www.kosmetik-karlsruhe.de\/#website\",\"url\":\"https:\/\/www.kosmetik-karlsruhe.de\/\",\"name\":\"Dermatologische Kosmetik Dres. Figl\",\"description\":\"\",\"publisher\":{\"@id\":\"https:\/\/www.kosmetik-karlsruhe.de\/#organization\"},\"potentialAction\":[{\"@type\":\"SearchAction\",\"target\":{\"@type\":\"EntryPoint\",\"urlTemplate\":\"https:\/\/www.kosmetik-karlsruhe.de\/?s={search_term_string}\"},\"query-input\":{\"@type\":\"PropertyValueSpecification\",\"valueRequired\":true,\"valueName\":\"search_term_string\"}}],\"inLanguage\":\"de\"},{\"@type\":\"Organization\",\"@id\":\"https:\/\/www.kosmetik-karlsruhe.de\/#organization\",\"name\":\"Dermatologische Kosmetik Dres. Figl\",\"url\":\"https:\/\/www.kosmetik-karlsruhe.de\/\",\"logo\":{\"@type\":\"ImageObject\",\"inLanguage\":\"de\",\"@id\":\"https:\/\/www.kosmetik-karlsruhe.de\/#\/schema\/logo\/image\/\",\"url\":\"https:\/\/www.kosmetik-karlsruhe.de\/wp-content\/uploads\/Figl_Logo_klein_quadratisch.png\",\"contentUrl\":\"https:\/\/www.kosmetik-karlsruhe.de\/wp-content\/uploads\/Figl_Logo_klein_quadratisch.png\",\"width\":100,\"height\":100,\"caption\":\"Dermatologische Kosmetik Dres. Figl\"},\"image\":{\"@id\":\"https:\/\/www.kosmetik-karlsruhe.de\/#\/schema\/logo\/image\/\"}}]}<\/script>\n<!-- \/ Yoast SEO plugin. -->","yoast_head_json":{"title":"Hyalurons\u00e4ure Filler - 10%","description":"Hyalurons\u00e4ure-Filler wirken gegen Falten und bieten Volumenaufbau und Lifting. Jetzt 10% Rabatt auf alle Behandlungen sichern!","robots":{"index":"index","follow":"follow","max-snippet":"max-snippet:-1","max-image-preview":"max-image-preview:large","max-video-preview":"max-video-preview:-1"},"canonical":"https:\/\/www.kosmetik-karlsruhe.de\/index.php\/hyaluronsaeure-filler\/","og_locale":"de_DE","og_type":"article","og_title":"Hyalurons\u00e4ure Filler - 10%","og_description":"Hyalurons\u00e4ure-Filler wirken gegen Falten und bieten Volumenaufbau und Lifting. Jetzt 10% Rabatt auf alle Behandlungen sichern!","og_url":"https:\/\/www.kosmetik-karlsruhe.de\/index.php\/hyaluronsaeure-filler\/","og_site_name":"Dermatologische Kosmetik Dres. Figl","article_modified_time":"2026-03-16T12:13:28+00:00","og_image":[{"width":683,"height":1024,"url":"https:\/\/www.kosmetik-karlsruhe.de\/wp-content\/uploads\/Filler-683x1024.png","type":"image\/png"}],"twitter_card":"summary_large_image","twitter_misc":{"Gesch\u00e4tzte Lesezeit":"4\u00a0Minuten"},"schema":{"@context":"https:\/\/schema.org","@graph":[{"@type":"WebPage","@id":"https:\/\/www.kosmetik-karlsruhe.de\/index.php\/hyaluronsaeure-filler\/","url":"https:\/\/www.kosmetik-karlsruhe.de\/index.php\/hyaluronsaeure-filler\/","name":"Hyalurons\u00e4ure Filler - 10%","isPartOf":{"@id":"https:\/\/www.kosmetik-karlsruhe.de\/#website"},"primaryImageOfPage":{"@id":"https:\/\/www.kosmetik-karlsruhe.de\/index.php\/hyaluronsaeure-filler\/#primaryimage"},"image":{"@id":"https:\/\/www.kosmetik-karlsruhe.de\/index.php\/hyaluronsaeure-filler\/#primaryimage"},"thumbnailUrl":"https:\/\/www.kosmetik-karlsruhe.de\/wp-content\/uploads\/Filler.png","datePublished":"2025-08-01T09:40:28+00:00","dateModified":"2026-03-16T12:13:28+00:00","description":"Hyalurons\u00e4ure-Filler wirken gegen Falten und bieten Volumenaufbau und Lifting. Jetzt 10% Rabatt auf alle Behandlungen sichern!","breadcrumb":{"@id":"https:\/\/www.kosmetik-karlsruhe.de\/index.php\/hyaluronsaeure-filler\/#breadcrumb"},"inLanguage":"de","potentialAction":[{"@type":"ReadAction","target":["https:\/\/www.kosmetik-karlsruhe.de\/index.php\/hyaluronsaeure-filler\/"]}]},{"@type":"ImageObject","inLanguage":"de","@id":"https:\/\/www.kosmetik-karlsruhe.de\/index.php\/hyaluronsaeure-filler\/#primaryimage","url":"https:\/\/www.kosmetik-karlsruhe.de\/wp-content\/uploads\/Filler.png","contentUrl":"https:\/\/www.kosmetik-karlsruhe.de\/wp-content\/uploads\/Filler.png","width":1024,"height":1536},{"@type":"BreadcrumbList","@id":"https:\/\/www.kosmetik-karlsruhe.de\/index.php\/hyaluronsaeure-filler\/#breadcrumb","itemListElement":[{"@type":"ListItem","position":1,"name":"Startseite","item":"https:\/\/www.kosmetik-karlsruhe.de\/"},{"@type":"ListItem","position":2,"name":"Hyalurons\u00e4ure Filler"}]},{"@type":"WebSite","@id":"https:\/\/www.kosmetik-karlsruhe.de\/#website","url":"https:\/\/www.kosmetik-karlsruhe.de\/","name":"Dermatologische Kosmetik Dres. Figl","description":"","publisher":{"@id":"https:\/\/www.kosmetik-karlsruhe.de\/#organization"},"potentialAction":[{"@type":"SearchAction","target":{"@type":"EntryPoint","urlTemplate":"https:\/\/www.kosmetik-karlsruhe.de\/?s={search_term_string}"},"query-input":{"@type":"PropertyValueSpecification","valueRequired":true,"valueName":"search_term_string"}}],"inLanguage":"de"},{"@type":"Organization","@id":"https:\/\/www.kosmetik-karlsruhe.de\/#organization","name":"Dermatologische Kosmetik Dres. Figl","url":"https:\/\/www.kosmetik-karlsruhe.de\/","logo":{"@type":"ImageObject","inLanguage":"de","@id":"https:\/\/www.kosmetik-karlsruhe.de\/#\/schema\/logo\/image\/","url":"https:\/\/www.kosmetik-karlsruhe.de\/wp-content\/uploads\/Figl_Logo_klein_quadratisch.png","contentUrl":"https:\/\/www.kosmetik-karlsruhe.de\/wp-content\/uploads\/Figl_Logo_klein_quadratisch.png","width":100,"height":100,"caption":"Dermatologische Kosmetik Dres. Figl"},"image":{"@id":"https:\/\/www.kosmetik-karlsruhe.de\/#\/schema\/logo\/image\/"}}]}},"_links":{"self":[{"href":"https:\/\/www.kosmetik-karlsruhe.de\/index.php\/wp-json\/wp\/v2\/pages\/414","targetHints":{"allow":["GET"]}}],"collection":[{"href":"https:\/\/www.kosmetik-karlsruhe.de\/index.php\/wp-json\/wp\/v2\/pages"}],"about":[{"href":"https:\/\/www.kosmetik-karlsruhe.de\/index.php\/wp-json\/wp\/v2\/types\/page"}],"author":[{"embeddable":true,"href":"https:\/\/www.kosmetik-karlsruhe.de\/index.php\/wp-json\/wp\/v2\/users\/1"}],"replies":[{"embeddable":true,"href":"https:\/\/www.kosmetik-karlsruhe.de\/index.php\/wp-json\/wp\/v2\/comments?post=414"}],"version-history":[{"count":20,"href":"https:\/\/www.kosmetik-karlsruhe.de\/index.php\/wp-json\/wp\/v2\/pages\/414\/revisions"}],"predecessor-version":[{"id":571,"href":"https:\/\/www.kosmetik-karlsruhe.de\/index.php\/wp-json\/wp\/v2\/pages\/414\/revisions\/571"}],"wp:featuredmedia":[{"embeddable":true,"href":"https:\/\/www.kosmetik-karlsruhe.de\/index.php\/wp-json\/wp\/v2\/media\/510"}],"wp:attachment":[{"href":"https:\/\/www.kosmetik-karlsruhe.de\/index.php\/wp-json\/wp\/v2\/media?parent=414"}],"curies":[{"name":"wp","href":"https:\/\/api.w.org\/{rel}","templated":true}]}}