{"id":434,"date":"2025-08-02T09:09:00","date_gmt":"2025-08-02T08:09:00","guid":{"rendered":"https:\/\/www.kosmetik-karlsruhe.de\/?page_id=434"},"modified":"2025-10-17T09:07:11","modified_gmt":"2025-10-17T08:07:11","slug":"haarausfall","status":"publish","type":"page","link":"https:\/\/www.kosmetik-karlsruhe.de\/index.php\/haarausfall\/","title":{"rendered":"Haarausfall"},"content":{"rendered":"<h5 style=\"font-weight: 400;\">DIE DREI H\u00c4UFIGSTEN URSACHEN VON HAARAUSFALL<\/h5>\n<p style=\"font-weight: 400;\">Androgenetische Alopezie (m\u00e4nnlicher\/femininer Haarausfall) &#8211; Ursache: Genetische Veranlagung und hormonelle Einfl\u00fcsse<\/p>\n<p style=\"font-weight: 400;\">Alopecia areata (kreisrunder Haarausfall) &#8211; Ursache: Autoimmunerkrankung, bei der das Immunsystem die Haarfollikel angreift<\/p>\n<p style=\"font-weight: 400;\">Telogeneffluvium (diffuser Haarausfall) &#8211; Ursache: Stress, Krankheit, Medikamente, hormonelle Ver\u00e4nderungen<\/p>\n<figure id=\"attachment_435\" aria-describedby=\"caption-attachment-435\" style=\"width: 414px\" class=\"wp-caption alignnone\"><img loading=\"lazy\" decoding=\"async\" class=\"wp-image-435\" src=\"https:\/\/www.kosmetik-karlsruhe.de\/wp-content\/uploads\/PRP-Haare-300x200.jpg\" alt=\"\" width=\"414\" height=\"276\" srcset=\"https:\/\/www.kosmetik-karlsruhe.de\/wp-content\/uploads\/PRP-Haare-300x200.jpg 300w, https:\/\/www.kosmetik-karlsruhe.de\/wp-content\/uploads\/PRP-Haare-768x512.jpg 768w, https:\/\/www.kosmetik-karlsruhe.de\/wp-content\/uploads\/PRP-Haare.jpg 1024w\" sizes=\"auto, (max-width: 414px) 100vw, 414px\" \/><figcaption id=\"caption-attachment-435\" class=\"wp-caption-text\">Medical Aesthetic Products\u00a9<\/figcaption><\/figure>\n<div class=\"WaaZC\">\n<div class=\"RJPOee EIJn2\">\n<h5 class=\"rPeykc pyPiTc\" data-hveid=\"CAwQAQ\" data-ved=\"2ahUKEwiE1JWN2OuOAxWW_rsIHVmIFsYQo_EKegQIDBAB\"><span data-huuid=\"14753734176354077831\">Wie PRP bei Haarausfall wirkt:<\/span><\/h5>\n<\/div>\n<\/div>\n<div class=\"WaaZC\">\n<div class=\"RJPOee EIJn2\">\n<ul data-hveid=\"CCUQAQ\" data-ved=\"2ahUKEwiE1JWN2OuOAxWW_rsIHVmIFsYQm_YKegQIJRAB\">\n<li class=\"K3KsMc\">\n<div class=\"zMgcWd dSKvsb\" data-il=\"\">\n<div data-crb-p=\"\">\n<div class=\"xFTqob\">\n<div class=\"Gur8Ad\"><span data-huuid=\"14753734176354074746\"><strong>Revitalisierung der Haarwurzeln:<\/strong><\/span><\/div>\n<div class=\"vM0jzc\">\n<p><span data-huuid=\"14753734176354075083\">PRP enth\u00e4lt Wachstumsfaktoren, die die Zellerneuerung der Haarwurzeln anregen und sie aus einem ruhenden Zustand in eine aktive Wachstumsphase bringen k\u00f6nnen.<span class=\"pjBG2e\" data-cid=\"ac274740-0924-4c91-948b-eb814b186f79\"><span class=\"UV3uM\">\u00a0<\/span><\/span><\/span><\/p>\n<div class=\"NPrrbc\" data-cid=\"ac274740-0924-4c91-948b-eb814b186f79\" data-uuids=\"14753734176354074746,14753734176354075083\">\n<div class=\"BMebGe btku5b fCrZyc LwdV0e FR7ZSc qVhvac OJeuxf\" tabindex=\"0\" role=\"button\" aria-label=\"Weitere Informationen anzeigen\" data-hveid=\"CBwQAQ\" data-ved=\"2ahUKEwiE1JWN2OuOAxWW_rsIHVmIFsYQ3fYKegQIHBAB\">\n<div class=\"niO4u\">\n<div class=\"kHtcsd\"><\/div>\n<\/div>\n<\/div>\n<\/div>\n<\/div>\n<\/div>\n<\/div>\n<\/div>\n<\/li>\n<li class=\"K3KsMc\">\n<div class=\"zMgcWd dSKvsb\" data-il=\"\">\n<div data-crb-p=\"\">\n<div class=\"xFTqob\">\n<div class=\"Gur8Ad\"><span data-huuid=\"14753734176354075757\"><strong>Verbesserung der Durchblutung:<\/strong><\/span><\/div>\n<div class=\"vM0jzc\">\n<p><span data-huuid=\"14753734176354076094\">Die Injektion von PRP kann die Durchblutung der Kopfhaut verbessern, was zu einer besseren Versorgung der Haarfollikel mit N\u00e4hrstoffen und Sauerstoff f\u00fchrt.<span class=\"pjBG2e\" data-cid=\"70808948-c0a0-49fe-a1e8-72ed0ec8b0fe\"><span class=\"UV3uM\">\u00a0<\/span><\/span><\/span><\/p>\n<div class=\"NPrrbc\" data-cid=\"70808948-c0a0-49fe-a1e8-72ed0ec8b0fe\" data-uuids=\"14753734176354075757,14753734176354076094\">\n<div class=\"BMebGe btku5b fCrZyc LwdV0e FR7ZSc qVhvac OJeuxf\" tabindex=\"0\" role=\"button\" aria-label=\"Weitere Informationen anzeigen\" data-hveid=\"CB8QAQ\" data-ved=\"2ahUKEwiE1JWN2OuOAxWW_rsIHVmIFsYQ3fYKegQIHxAB\">\n<div class=\"niO4u\">\n<div class=\"kHtcsd\"><\/div>\n<\/div>\n<\/div>\n<\/div>\n<\/div>\n<\/div>\n<\/div>\n<\/div>\n<\/li>\n<li class=\"K3KsMc\">\n<div class=\"zMgcWd dSKvsb\" data-il=\"\">\n<div data-crb-p=\"\">\n<div class=\"xFTqob\">\n<div class=\"Gur8Ad\"><span data-huuid=\"14753734176354076768\"><strong>Hemmung von Entz\u00fcndungen:<\/strong><\/span><\/div>\n<div class=\"vM0jzc\">\n<p><span data-huuid=\"14753734176354077105\">PRP kann entz\u00fcndungshemmende Eigenschaften haben, was bei Haarausfall, der durch Entz\u00fcndungsprozesse verursacht wird, von Vorteil sein kann.<span class=\"pjBG2e\" data-cid=\"49eeef24-9a1d-4ab8-a39e-a2399c0d43d3\"><span class=\"UV3uM\">\u00a0<\/span><\/span><\/span><\/p>\n<div class=\"NPrrbc\" data-cid=\"49eeef24-9a1d-4ab8-a39e-a2399c0d43d3\" data-uuids=\"14753734176354076768,14753734176354077105\">\n<div class=\"BMebGe btku5b fCrZyc LwdV0e FR7ZSc qVhvac OJeuxf\" tabindex=\"0\" role=\"button\" aria-label=\"Weitere Informationen anzeigen\" data-hveid=\"CBYQAQ\" data-ved=\"2ahUKEwiE1JWN2OuOAxWW_rsIHVmIFsYQ3fYKegQIFhAB\">\n<div class=\"niO4u\">\n<div class=\"kHtcsd\"><\/div>\n<\/div>\n<\/div>\n<\/div>\n<\/div>\n<\/div>\n<\/div>\n<\/div>\n<\/li>\n<li class=\"K3KsMc\">\n<div class=\"zMgcWd dSKvsb\" data-il=\"\">\n<div data-crb-p=\"\">\n<div class=\"xFTqob\">\n<div class=\"Gur8Ad\"><span data-huuid=\"14753734176354077779\"><strong>Verlangsamung der Miniaturisierung:<\/strong><\/span><\/div>\n<div class=\"vM0jzc\">\n<p><span data-huuid=\"14753734176354078116\">PRP kann die Miniaturisierung der Haarfollikel verlangsamen, was bedeutet, dass die Haare weniger d\u00fcnn und anf\u00e4llig f\u00fcr Haarausfall werden.<span class=\"pjBG2e\" data-cid=\"cda3ef17-f5fc-4d41-8c4e-48e03f7af59c\"><span class=\"UV3uM\">\u00a0<\/span><\/span><\/span><\/p>\n<div class=\"NPrrbc\" data-cid=\"cda3ef17-f5fc-4d41-8c4e-48e03f7af59c\" data-uuids=\"14753734176354077779,14753734176354078116\">\n<div class=\"BMebGe btku5b fCrZyc LwdV0e FR7ZSc qVhvac OJeuxf\" tabindex=\"0\" role=\"button\" aria-label=\"Weitere Informationen anzeigen\" data-hveid=\"CB4QAQ\" data-ved=\"2ahUKEwiE1JWN2OuOAxWW_rsIHVmIFsYQ3fYKegQIHhAB\">\n<div class=\"niO4u\">\n<div class=\"kHtcsd\"><\/div>\n<\/div>\n<\/div>\n<\/div>\n<\/div>\n<\/div>\n<\/div>\n<\/div>\n<\/li>\n<li class=\"K3KsMc\">\n<div class=\"zMgcWd dSKvsb\" data-il=\"\">\n<div data-crb-p=\"\">\n<div class=\"xFTqob\">\n<div class=\"Gur8Ad\"><span data-huuid=\"14753734176354074694\"><strong>Nat\u00fcrliche Regeneration:<\/strong><\/span><\/div>\n<div class=\"vM0jzc\">\n<p><span data-huuid=\"14753734176354075031\">Da PRP aus k\u00f6rpereigenem Blut gewonnen wird, ist die Behandlung relativ sicher und birgt ein geringes Risiko f\u00fcr Nebenwirkungen.<span class=\"pjBG2e\" data-cid=\"7fb0e9f5-3612-4da4-9e56-a92e8901b3de\"><span class=\"UV3uM\">\u00a0<\/span><\/span><\/span><\/p>\n<div class=\"NPrrbc\" data-cid=\"7fb0e9f5-3612-4da4-9e56-a92e8901b3de\" data-uuids=\"14753734176354074694,14753734176354075031\">\n<div class=\"BMebGe btku5b fCrZyc LwdV0e FR7ZSc qVhvac OJeuxf\" tabindex=\"0\" role=\"button\" aria-label=\"Weitere Informationen anzeigen\" data-hveid=\"CCEQAQ\" data-ved=\"2ahUKEwiE1JWN2OuOAxWW_rsIHVmIFsYQ3fYKegQIIRAB\">\n<div class=\"niO4u\">\n<div class=\"kHtcsd\"><\/div>\n<\/div>\n<\/div>\n<\/div>\n<\/div>\n<\/div>\n<\/div>\n<\/div>\n<\/li>\n<\/ul>\n<\/div>\n<\/div>\n<div class=\"WaaZC\">\n<div class=\"RJPOee EIJn2\">\n<h5 class=\"rPeykc pyPiTc\" data-hveid=\"CCsQAQ\" data-ved=\"2ahUKEwiE1JWN2OuOAxWW_rsIHVmIFsYQo_EKegQIKxAB\"><span data-huuid=\"13105541690294918121\">Ablauf der PRP-Behandlung:<\/span><\/h5>\n<\/div>\n<\/div>\n<div class=\"WaaZC\">\n<div class=\"RJPOee EIJn2\">\n<ol data-hveid=\"CC8QAQ\" data-ved=\"2ahUKEwiE1JWN2OuOAxWW_rsIHVmIFsYQnPYKegQILxAB\">\n<li value=\"1\"><span data-huuid=\"13105541690294917384\"><strong>Blutentnahme:<\/strong><\/span><span data-huuid=\"13105541690294915773\">Dem Patienten wird eine kleine Menge Blut entnommen.<\/span><\/li>\n<\/ol>\n<\/div>\n<\/div>\n<div class=\"WaaZC\">\n<div class=\"RJPOee EIJn2\">\n<ol data-hveid=\"CC8QAQ\" data-ved=\"2ahUKEwiE1JWN2OuOAxWW_rsIHVmIFsYQnPYKegQILxAB\">\n<li value=\"2\"><span data-huuid=\"13105541690294916647\"><strong>Aufbereitung des Blutes:<\/strong><\/span><span data-huuid=\"13105541690294919132\">Das Blut wird zentrifugiert, um das pl\u00e4ttchenreiche Plasma (PRP) von den anderen Blutbestandteilen zu trennen.<\/span><\/li>\n<\/ol>\n<\/div>\n<\/div>\n<div class=\"WaaZC\">\n<div class=\"RJPOee EIJn2\">\n<ol data-hveid=\"CC8QAQ\" data-ved=\"2ahUKEwiE1JWN2OuOAxWW_rsIHVmIFsYQnPYKegQILxAB\">\n<li value=\"3\"><span data-huuid=\"13105541690294915910\"><strong>Injektion des PRP:<\/strong><\/span><span data-huuid=\"13105541690294918395\">Das PRP wird mit feinen Nadeln in die Kopfhaut injiziert, wobei der Arzt die Injektionsstellen auf die betroffenen Bereiche konzentriert.<\/span>\n<div class=\"NPrrbc\" data-cid=\"d9a9d23e-65cb-44d1-9ae0-2eb07289ae7f\" data-uuids=\"13105541690294917384,13105541690294915773,13105541690294916647,13105541690294919132,13105541690294915910,13105541690294918395\">\n<div class=\"BMebGe btku5b fCrZyc LwdV0e FR7ZSc qVhvac OJeuxf\" tabindex=\"0\" role=\"button\" aria-label=\"Weitere Informationen anzeigen\" data-hveid=\"CDQQAQ\" data-ved=\"2ahUKEwiE1JWN2OuOAxWW_rsIHVmIFsYQ3fYKegQINBAB\">\n<div class=\"niO4u\">\n<div class=\"kHtcsd\"><\/div>\n<\/div>\n<\/div>\n<\/div>\n<\/li>\n<\/ol>\n<\/div>\n<\/div>\n<div class=\"WaaZC\">\n<div class=\"RJPOee EIJn2\">\n<h5 data-hveid=\"CEkQAQ\" data-ved=\"2ahUKEwiE1JWN2OuOAxWW_rsIHVmIFsYQo_EKegQISRAB\"><\/h5>\n<h5 class=\"rPeykc pyPiTc\" data-hveid=\"CEkQAQ\" data-ved=\"2ahUKEwiE1JWN2OuOAxWW_rsIHVmIFsYQo_EKegQISRAB\"><span data-huuid=\"4668026386992630136\">Ergebnisse und Behandlungsplan:<\/span><\/h5>\n<\/div>\n<\/div>\n<div class=\"WaaZC\">\n<div class=\"RJPOee EIJn2\">\n<ul data-hveid=\"CFYQAQ\" data-ved=\"2ahUKEwiE1JWN2OuOAxWW_rsIHVmIFsYQm_YKegQIVhAB\">\n<li><span data-huuid=\"4668026386992628661\">F\u00fcr optimale Ergebnisse sind oft mehrere PRP-Sitzungen (in der Regel 3-5) im Abstand von einigen Wochen erforderlich.<span class=\"pjBG2e\" data-cid=\"a2ebd0b9-3ee7-40d8-9ea6-a2a9f4d97f46\"><span class=\"UV3uM\">\u00a0<\/span><\/span><\/span>\n<div class=\"NPrrbc\" data-cid=\"a2ebd0b9-3ee7-40d8-9ea6-a2a9f4d97f46\" data-uuids=\"4668026386992628661\">\n<div class=\"BMebGe btku5b fCrZyc LwdV0e FR7ZSc qVhvac OJeuxf\" tabindex=\"0\" role=\"button\" aria-label=\"Weitere Informationen anzeigen\" data-hveid=\"CEoQAQ\" data-ved=\"2ahUKEwiE1JWN2OuOAxWW_rsIHVmIFsYQ3fYKegQIShAB\">\n<div class=\"niO4u\">\n<div class=\"kHtcsd\"><\/div>\n<\/div>\n<\/div>\n<\/div>\n<\/li>\n<li><span data-huuid=\"4668026386992629043\">Die Behandlung kann sowohl bei M\u00e4nnern als auch bei Frauen bei verschiedenen Arten von Haarausfall, einschlie\u00dflich erblich bedingtem Haarausfall, wirksam sein.<span class=\"pjBG2e\" data-cid=\"b2d8170b-cf89-4198-8aa3-ef893cdf462c\"><span class=\"UV3uM\">\u00a0<\/span><\/span><\/span>\n<div class=\"NPrrbc\" data-cid=\"b2d8170b-cf89-4198-8aa3-ef893cdf462c\" data-uuids=\"4668026386992629043\">\n<div class=\"BMebGe btku5b fCrZyc LwdV0e FR7ZSc qVhvac OJeuxf\" tabindex=\"0\" role=\"button\" aria-label=\"Weitere Informationen anzeigen\" data-hveid=\"CE0QAQ\" data-ved=\"2ahUKEwiE1JWN2OuOAxWW_rsIHVmIFsYQ3fYKegQITRAB\">\n<div class=\"niO4u\">\n<div class=\"kHtcsd\"><\/div>\n<\/div>\n<\/div>\n<\/div>\n<\/li>\n<li><span data-huuid=\"4668026386992629425\">Die Ergebnisse der PRP-Behandlung k\u00f6nnen je nach Ursache und Ausma\u00df des Haarausfalls variieren, aber viele Patienten erleben eine Verbesserung des Haarwuchses und eine Verlangsamung des Haarausfalls.<span class=\"pjBG2e\" data-cid=\"c3e1b4b6-c6b0-42fc-b905-07c9ea8e6448\"><span class=\"UV3uM\">\u00a0<\/span><\/span><\/span>\n<div class=\"NPrrbc\" data-cid=\"c3e1b4b6-c6b0-42fc-b905-07c9ea8e6448\" data-uuids=\"4668026386992629425\">\n<div class=\"BMebGe btku5b fCrZyc LwdV0e FR7ZSc qVhvac OJeuxf\" tabindex=\"0\" role=\"button\" aria-label=\"Weitere Informationen anzeigen\" data-hveid=\"CFQQAQ\" data-ved=\"2ahUKEwiE1JWN2OuOAxWW_rsIHVmIFsYQ3fYKegQIVBAB\"><\/div>\n<\/div>\n<\/li>\n<\/ul>\n<\/div>\n<\/div>\n<div class=\"WaaZC\">\n<div class=\"RJPOee EIJn2\">\n<h5 data-hveid=\"CFsQAQ\" data-ved=\"2ahUKEwiE1JWN2OuOAxWW_rsIHVmIFsYQo_EKegQIWxAB\">Kosten:<\/h5>\n<ul>\n<li>\u20ac 250 pro Behandlung<\/li>\n<\/ul>\n<h5 class=\"rPeykc pyPiTc\" data-hveid=\"CFsQAQ\" data-ved=\"2ahUKEwiE1JWN2OuOAxWW_rsIHVmIFsYQo_EKegQIWxAB\"><span data-huuid=\"11207512285418644334\">Zus\u00e4tzliche Hinweise:<\/span><\/h5>\n<\/div>\n<\/div>\n<div class=\"WaaZC\">\n<div class=\"RJPOee EIJn2\">\n<ul data-hveid=\"CGcQAQ\" data-ved=\"2ahUKEwiE1JWN2OuOAxWW_rsIHVmIFsYQm_YKegQIZxAB\">\n<li><span data-huuid=\"11207512285418644267\">Die PRP-Behandlung ist eine relativ sichere Methode, da sie auf k\u00f6rpereigenen Substanzen basiert.<span class=\"pjBG2e\" data-cid=\"2ed80f32-d689-46ef-9ff4-087cfedd7baf\"><span class=\"UV3uM\">\u00a0<\/span><\/span><\/span>\n<div class=\"NPrrbc\" data-cid=\"2ed80f32-d689-46ef-9ff4-087cfedd7baf\" data-uuids=\"11207512285418644267\">\n<div class=\"BMebGe btku5b fCrZyc LwdV0e FR7ZSc qVhvac OJeuxf\" tabindex=\"0\" role=\"button\" aria-label=\"Weitere Informationen anzeigen\" data-hveid=\"CF0QAQ\" data-ved=\"2ahUKEwiE1JWN2OuOAxWW_rsIHVmIFsYQ3fYKegQIXRAB\"><\/div>\n<\/div>\n<div class=\"NPrrbc\" data-cid=\"f125663a-9f88-4249-a9ae-351da4cd6896\" data-uuids=\"11207512285418646953\">\n<div class=\"BMebGe btku5b fCrZyc LwdV0e FR7ZSc qVhvac OJeuxf\" tabindex=\"0\" role=\"button\" aria-label=\"Weitere Informationen anzeigen\" data-hveid=\"CGMQAQ\" data-ved=\"2ahUKEwiE1JWN2OuOAxWW_rsIHVmIFsYQ3fYKegQIYxAB\"><\/div>\n<\/div>\n<\/li>\n<li><span data-huuid=\"11207512285418645543\">Kombinationen mit anderen Behandlungen, wie z.B. medikament\u00f6ser Therapie, k\u00f6nnen die Wirksamkeit von PRP erh\u00f6hen<\/span><\/li>\n<\/ul>\n<\/div>\n<\/div>\n","protected":false},"excerpt":{"rendered":"<p>DIE DREI H\u00c4UFIGSTEN URSACHEN VON HAARAUSFALL Androgenetische Alopezie (m\u00e4nnlicher\/femininer Haarausfall) &#8211; Ursache: Genetische Veranlagung und hormonelle Einfl\u00fcsse Alopecia areata (kreisrunder Haarausfall) &#8211; Ursache: Autoimmunerkrankung, bei der das Immunsystem die Haarfollikel angreift Telogeneffluvium (diffuser Haarausfall) &#8211; Ursache: Stress, Krankheit, Medikamente, hormonelle Ver\u00e4nderungen Wie PRP bei Haarausfall wirkt: Revitalisierung der Haarwurzeln: PRP enth\u00e4lt Wachstumsfaktoren, die die Zellerneuerung &hellip; <\/p>\n","protected":false},"author":1,"featured_media":0,"parent":0,"menu_order":0,"comment_status":"closed","ping_status":"closed","template":"","meta":{"footnotes":""},"class_list":["post-434","page","type-page","status-publish","hentry"],"yoast_head":"<!-- This site is optimized with the Yoast SEO plugin v26.1.1 - https:\/\/yoast.com\/wordpress\/plugins\/seo\/ -->\n<title>Haarausfall - Karlsruhe<\/title>\n<meta name=\"description\" content=\"Erfahren Sie mehr \u00fcber unsere M\u00f6glichkeiten zur Diagnostik und Behandlung bei Haarausfall wie PRP-Eigenbluttherapie\" \/>\n<meta name=\"robots\" content=\"index, follow, max-snippet:-1, max-image-preview:large, max-video-preview:-1\" \/>\n<link rel=\"canonical\" href=\"https:\/\/www.kosmetik-karlsruhe.de\/index.php\/haarausfall\/\" \/>\n<meta property=\"og:locale\" content=\"de_DE\" \/>\n<meta property=\"og:type\" content=\"article\" \/>\n<meta property=\"og:title\" content=\"Haarausfall - Karlsruhe\" \/>\n<meta property=\"og:description\" content=\"Erfahren Sie mehr \u00fcber unsere M\u00f6glichkeiten zur Diagnostik und Behandlung bei Haarausfall wie PRP-Eigenbluttherapie\" \/>\n<meta property=\"og:url\" content=\"https:\/\/www.kosmetik-karlsruhe.de\/index.php\/haarausfall\/\" \/>\n<meta property=\"og:site_name\" content=\"Dermatologische Kosmetik Dres. Figl\" \/>\n<meta property=\"article:modified_time\" content=\"2025-10-17T08:07:11+00:00\" \/>\n<meta property=\"og:image\" content=\"https:\/\/www.kosmetik-karlsruhe.de\/wp-content\/uploads\/PRP-Haare.jpg\" \/>\n\t<meta property=\"og:image:width\" content=\"1024\" \/>\n\t<meta property=\"og:image:height\" content=\"682\" \/>\n\t<meta property=\"og:image:type\" content=\"image\/jpeg\" \/>\n<meta name=\"twitter:card\" content=\"summary_large_image\" \/>\n<meta name=\"twitter:label1\" content=\"Gesch\u00e4tzte Lesezeit\" \/>\n\t<meta name=\"twitter:data1\" content=\"2\u00a0Minuten\" \/>\n<script type=\"application\/ld+json\" class=\"yoast-schema-graph\">{\"@context\":\"https:\/\/schema.org\",\"@graph\":[{\"@type\":\"WebPage\",\"@id\":\"https:\/\/www.kosmetik-karlsruhe.de\/index.php\/haarausfall\/\",\"url\":\"https:\/\/www.kosmetik-karlsruhe.de\/index.php\/haarausfall\/\",\"name\":\"Haarausfall - Karlsruhe\",\"isPartOf\":{\"@id\":\"https:\/\/www.kosmetik-karlsruhe.de\/#website\"},\"primaryImageOfPage\":{\"@id\":\"https:\/\/www.kosmetik-karlsruhe.de\/index.php\/haarausfall\/#primaryimage\"},\"image\":{\"@id\":\"https:\/\/www.kosmetik-karlsruhe.de\/index.php\/haarausfall\/#primaryimage\"},\"thumbnailUrl\":\"https:\/\/www.kosmetik-karlsruhe.de\/wp-content\/uploads\/PRP-Haare-300x200.jpg\",\"datePublished\":\"2025-08-02T08:09:00+00:00\",\"dateModified\":\"2025-10-17T08:07:11+00:00\",\"description\":\"Erfahren Sie mehr \u00fcber unsere M\u00f6glichkeiten zur Diagnostik und Behandlung bei Haarausfall wie PRP-Eigenbluttherapie\",\"breadcrumb\":{\"@id\":\"https:\/\/www.kosmetik-karlsruhe.de\/index.php\/haarausfall\/#breadcrumb\"},\"inLanguage\":\"de\",\"potentialAction\":[{\"@type\":\"ReadAction\",\"target\":[\"https:\/\/www.kosmetik-karlsruhe.de\/index.php\/haarausfall\/\"]}]},{\"@type\":\"ImageObject\",\"inLanguage\":\"de\",\"@id\":\"https:\/\/www.kosmetik-karlsruhe.de\/index.php\/haarausfall\/#primaryimage\",\"url\":\"https:\/\/www.kosmetik-karlsruhe.de\/wp-content\/uploads\/PRP-Haare.jpg\",\"contentUrl\":\"https:\/\/www.kosmetik-karlsruhe.de\/wp-content\/uploads\/PRP-Haare.jpg\",\"width\":1024,\"height\":682},{\"@type\":\"BreadcrumbList\",\"@id\":\"https:\/\/www.kosmetik-karlsruhe.de\/index.php\/haarausfall\/#breadcrumb\",\"itemListElement\":[{\"@type\":\"ListItem\",\"position\":1,\"name\":\"Startseite\",\"item\":\"https:\/\/www.kosmetik-karlsruhe.de\/\"},{\"@type\":\"ListItem\",\"position\":2,\"name\":\"Haarausfall\"}]},{\"@type\":\"WebSite\",\"@id\":\"https:\/\/www.kosmetik-karlsruhe.de\/#website\",\"url\":\"https:\/\/www.kosmetik-karlsruhe.de\/\",\"name\":\"Dermatologische Kosmetik Dres. Figl\",\"description\":\"\",\"publisher\":{\"@id\":\"https:\/\/www.kosmetik-karlsruhe.de\/#organization\"},\"potentialAction\":[{\"@type\":\"SearchAction\",\"target\":{\"@type\":\"EntryPoint\",\"urlTemplate\":\"https:\/\/www.kosmetik-karlsruhe.de\/?s={search_term_string}\"},\"query-input\":{\"@type\":\"PropertyValueSpecification\",\"valueRequired\":true,\"valueName\":\"search_term_string\"}}],\"inLanguage\":\"de\"},{\"@type\":\"Organization\",\"@id\":\"https:\/\/www.kosmetik-karlsruhe.de\/#organization\",\"name\":\"Dermatologische Kosmetik Dres. Figl\",\"url\":\"https:\/\/www.kosmetik-karlsruhe.de\/\",\"logo\":{\"@type\":\"ImageObject\",\"inLanguage\":\"de\",\"@id\":\"https:\/\/www.kosmetik-karlsruhe.de\/#\/schema\/logo\/image\/\",\"url\":\"https:\/\/www.kosmetik-karlsruhe.de\/wp-content\/uploads\/Figl_Logo_klein_quadratisch.png\",\"contentUrl\":\"https:\/\/www.kosmetik-karlsruhe.de\/wp-content\/uploads\/Figl_Logo_klein_quadratisch.png\",\"width\":100,\"height\":100,\"caption\":\"Dermatologische Kosmetik Dres. Figl\"},\"image\":{\"@id\":\"https:\/\/www.kosmetik-karlsruhe.de\/#\/schema\/logo\/image\/\"}}]}<\/script>\n<!-- \/ Yoast SEO plugin. -->","yoast_head_json":{"title":"Haarausfall - Karlsruhe","description":"Erfahren Sie mehr \u00fcber unsere M\u00f6glichkeiten zur Diagnostik und Behandlung bei Haarausfall wie PRP-Eigenbluttherapie","robots":{"index":"index","follow":"follow","max-snippet":"max-snippet:-1","max-image-preview":"max-image-preview:large","max-video-preview":"max-video-preview:-1"},"canonical":"https:\/\/www.kosmetik-karlsruhe.de\/index.php\/haarausfall\/","og_locale":"de_DE","og_type":"article","og_title":"Haarausfall - Karlsruhe","og_description":"Erfahren Sie mehr \u00fcber unsere M\u00f6glichkeiten zur Diagnostik und Behandlung bei Haarausfall wie PRP-Eigenbluttherapie","og_url":"https:\/\/www.kosmetik-karlsruhe.de\/index.php\/haarausfall\/","og_site_name":"Dermatologische Kosmetik Dres. Figl","article_modified_time":"2025-10-17T08:07:11+00:00","og_image":[{"width":1024,"height":682,"url":"https:\/\/www.kosmetik-karlsruhe.de\/wp-content\/uploads\/PRP-Haare.jpg","type":"image\/jpeg"}],"twitter_card":"summary_large_image","twitter_misc":{"Gesch\u00e4tzte Lesezeit":"2\u00a0Minuten"},"schema":{"@context":"https:\/\/schema.org","@graph":[{"@type":"WebPage","@id":"https:\/\/www.kosmetik-karlsruhe.de\/index.php\/haarausfall\/","url":"https:\/\/www.kosmetik-karlsruhe.de\/index.php\/haarausfall\/","name":"Haarausfall - Karlsruhe","isPartOf":{"@id":"https:\/\/www.kosmetik-karlsruhe.de\/#website"},"primaryImageOfPage":{"@id":"https:\/\/www.kosmetik-karlsruhe.de\/index.php\/haarausfall\/#primaryimage"},"image":{"@id":"https:\/\/www.kosmetik-karlsruhe.de\/index.php\/haarausfall\/#primaryimage"},"thumbnailUrl":"https:\/\/www.kosmetik-karlsruhe.de\/wp-content\/uploads\/PRP-Haare-300x200.jpg","datePublished":"2025-08-02T08:09:00+00:00","dateModified":"2025-10-17T08:07:11+00:00","description":"Erfahren Sie mehr \u00fcber unsere M\u00f6glichkeiten zur Diagnostik und Behandlung bei Haarausfall wie PRP-Eigenbluttherapie","breadcrumb":{"@id":"https:\/\/www.kosmetik-karlsruhe.de\/index.php\/haarausfall\/#breadcrumb"},"inLanguage":"de","potentialAction":[{"@type":"ReadAction","target":["https:\/\/www.kosmetik-karlsruhe.de\/index.php\/haarausfall\/"]}]},{"@type":"ImageObject","inLanguage":"de","@id":"https:\/\/www.kosmetik-karlsruhe.de\/index.php\/haarausfall\/#primaryimage","url":"https:\/\/www.kosmetik-karlsruhe.de\/wp-content\/uploads\/PRP-Haare.jpg","contentUrl":"https:\/\/www.kosmetik-karlsruhe.de\/wp-content\/uploads\/PRP-Haare.jpg","width":1024,"height":682},{"@type":"BreadcrumbList","@id":"https:\/\/www.kosmetik-karlsruhe.de\/index.php\/haarausfall\/#breadcrumb","itemListElement":[{"@type":"ListItem","position":1,"name":"Startseite","item":"https:\/\/www.kosmetik-karlsruhe.de\/"},{"@type":"ListItem","position":2,"name":"Haarausfall"}]},{"@type":"WebSite","@id":"https:\/\/www.kosmetik-karlsruhe.de\/#website","url":"https:\/\/www.kosmetik-karlsruhe.de\/","name":"Dermatologische Kosmetik Dres. Figl","description":"","publisher":{"@id":"https:\/\/www.kosmetik-karlsruhe.de\/#organization"},"potentialAction":[{"@type":"SearchAction","target":{"@type":"EntryPoint","urlTemplate":"https:\/\/www.kosmetik-karlsruhe.de\/?s={search_term_string}"},"query-input":{"@type":"PropertyValueSpecification","valueRequired":true,"valueName":"search_term_string"}}],"inLanguage":"de"},{"@type":"Organization","@id":"https:\/\/www.kosmetik-karlsruhe.de\/#organization","name":"Dermatologische Kosmetik Dres. Figl","url":"https:\/\/www.kosmetik-karlsruhe.de\/","logo":{"@type":"ImageObject","inLanguage":"de","@id":"https:\/\/www.kosmetik-karlsruhe.de\/#\/schema\/logo\/image\/","url":"https:\/\/www.kosmetik-karlsruhe.de\/wp-content\/uploads\/Figl_Logo_klein_quadratisch.png","contentUrl":"https:\/\/www.kosmetik-karlsruhe.de\/wp-content\/uploads\/Figl_Logo_klein_quadratisch.png","width":100,"height":100,"caption":"Dermatologische Kosmetik Dres. Figl"},"image":{"@id":"https:\/\/www.kosmetik-karlsruhe.de\/#\/schema\/logo\/image\/"}}]}},"_links":{"self":[{"href":"https:\/\/www.kosmetik-karlsruhe.de\/index.php\/wp-json\/wp\/v2\/pages\/434","targetHints":{"allow":["GET"]}}],"collection":[{"href":"https:\/\/www.kosmetik-karlsruhe.de\/index.php\/wp-json\/wp\/v2\/pages"}],"about":[{"href":"https:\/\/www.kosmetik-karlsruhe.de\/index.php\/wp-json\/wp\/v2\/types\/page"}],"author":[{"embeddable":true,"href":"https:\/\/www.kosmetik-karlsruhe.de\/index.php\/wp-json\/wp\/v2\/users\/1"}],"replies":[{"embeddable":true,"href":"https:\/\/www.kosmetik-karlsruhe.de\/index.php\/wp-json\/wp\/v2\/comments?post=434"}],"version-history":[{"count":6,"href":"https:\/\/www.kosmetik-karlsruhe.de\/index.php\/wp-json\/wp\/v2\/pages\/434\/revisions"}],"predecessor-version":[{"id":528,"href":"https:\/\/www.kosmetik-karlsruhe.de\/index.php\/wp-json\/wp\/v2\/pages\/434\/revisions\/528"}],"wp:attachment":[{"href":"https:\/\/www.kosmetik-karlsruhe.de\/index.php\/wp-json\/wp\/v2\/media?parent=434"}],"curies":[{"name":"wp","href":"https:\/\/api.w.org\/{rel}","templated":true}]}}