{"id":442,"date":"2025-08-02T09:49:25","date_gmt":"2025-08-02T08:49:25","guid":{"rendered":"https:\/\/www.kosmetik-karlsruhe.de\/?page_id=442"},"modified":"2026-03-28T18:28:21","modified_gmt":"2026-03-28T17:28:21","slug":"microneedling","status":"publish","type":"page","link":"https:\/\/www.kosmetik-karlsruhe.de\/index.php\/microneedling\/","title":{"rendered":"Microneedling"},"content":{"rendered":"<p><img loading=\"lazy\" decoding=\"async\" class=\"alignnone wp-image-445\" src=\"https:\/\/www.kosmetik-karlsruhe.de\/wp-content\/uploads\/Flyer-microneedling-209x300.png\" alt=\"\" width=\"500\" height=\"716\" srcset=\"https:\/\/www.kosmetik-karlsruhe.de\/wp-content\/uploads\/Flyer-microneedling-209x300.png 209w, https:\/\/www.kosmetik-karlsruhe.de\/wp-content\/uploads\/Flyer-microneedling-768x1100.png 768w, https:\/\/www.kosmetik-karlsruhe.de\/wp-content\/uploads\/Flyer-microneedling-715x1024.png 715w, https:\/\/www.kosmetik-karlsruhe.de\/wp-content\/uploads\/Flyer-microneedling.png 1795w\" sizes=\"auto, (max-width: 500px) 100vw, 500px\" \/><\/p>\n<p style=\"font-weight: 400;\">Durch winzige Mikroverletzungen in der Haut wird die nat\u00fcrliche Regeneration der Haut anregen. Die Produktion von Kollagen und Elastin wird angeregt. Das Ergebnis ist eine straffere, glattere und jugendlichere Haut.<\/p>\n<h5 style=\"font-weight: 400;\">Vielf\u00e4ltige Anwendungsbereiche:<\/h5>\n<p style=\"font-weight: 400;\">darunter Falten, Narben (z.B. Aknenarben), vergr\u00f6\u00dferte Poren, Sonnensch\u00e4den, Dehnungsstreifen und Pigmentflecken<\/p>\n<h5 style=\"font-weight: 400;\">Kontrollierte Mikroverletzungen:<\/h5>\n<p style=\"font-weight: 400;\">Mit feinen Nadeln werden kontrollierte Mikroverletzungen in der Haut erzeugt, haupts\u00e4chlich in der obersten und mittleren Hautschicht (Epidermis und Dermis).<\/p>\n<h5 style=\"font-weight: 400;\">Stimulierung der Hautregeneration:<\/h5>\n<p style=\"font-weight: 400;\">Diese Mikroverletzungen signalisieren der Haut, dass eine Wunde repariert werden muss. Dadurch wird die Haut dazu angeregt, neue Hautzellen, Kollagen und Elastin zu produzieren. Das Ergebnis ist ein glatteres Hautbild.<\/p>\n<h5 style=\"font-weight: 400;\">Verbesserte Aufnahme von Pflegeprodukten:<\/h5>\n<p style=\"font-weight: 400;\">Die Mikroverletzungen erh\u00f6hen auch die Aufnahmef\u00e4higkeit der Haut f\u00fcr Wirkstoffe in Pflegeprodukten, wie z.B. Hyalurons\u00e4ure oder Vitamin C, was die Wirkung dieser Produkte verst\u00e4rken kann.<\/p>\n<h5>Ideal ist die Kombination mit PRP-Eigenblut<\/h5>\n<p>PRP liefert die biologische Power: Die konzentrierten Wachstumsfaktoren aus deinem eigenen Blut kurbeln die Zellerneuerung und Geweberegeneration massiv an.<\/p>\n<h5>Hyalurons\u00e4ure-Maske als Feuchtigkeitsdepot<\/h5>\n<p><span class=\"T286Pc\" data-sfc-cp=\"\" data-sfc-root=\"c\" data-sfc-cb=\"\" data-complete=\"true\" aria-owns=\"action-menu-parent-container\">Durch das Microneedling sind die Kan\u00e4le weit offen. Die Hyalurons\u00e4ure kann tief in die Dermis eindringen und dort Feuchtigkeit binden. Positiver Nebeneffekt ist eine s<\/span><span class=\"T286Pc\" data-sfc-cp=\"\" data-sfc-root=\"c\" data-sfc-cb=\"\" data-complete=\"true\">ofortige Beruhigung &amp; K\u00fchlung.<\/span><\/p>\n<h5>Zum Abschluss der Turbo-Booster mit Kaltplasma<\/h5>\n<p>Plasma &#8211; der vierte Aggregatzustand &#8211; ver\u00e4ndert kurzzeitig die elektrische Spannung der Zellmembranen. Das macht die Haut noch aufnahmef\u00e4higer f\u00fcr die Wirkstoffe des PRP, die nach dem Needling noch auf der Haut liegen, wirkt desinfizierend, verbessert die Mikrozirkulation und beschleunigt die Wundheilung.<\/p>\n<div class=\"Y3BBE\" data-sfc-cp=\"\" data-sfc-root=\"c\" data-sfc-cb=\"\" data-hveid=\"CAEIAxAA\" data-processed=\"true\" data-complete=\"true\"><strong class=\"Yjhzub\" data-sfc-root=\"c\" data-sfc-cb=\"\" data-complete=\"true\" data-processed=\"true\">Behandlungsablauf:<\/strong><\/div>\n<ol class=\"IaGLZe VimKh\" data-sfc-root=\"c\" data-sfc-cb=\"\" data-complete=\"true\" data-processed=\"true\">\n<li class=\"dF3vjf\" data-sfc-root=\"c\" data-sfc-cb=\"\" data-hveid=\"CAEIBBAA\" data-complete=\"true\" data-sae=\"\"><span class=\"T286Pc\" data-sfc-cp=\"\" data-sfc-root=\"c\" data-sfc-cb=\"\" data-complete=\"true\"><strong class=\"Yjhzub\" data-sfc-root=\"c\" data-sfc-cb=\"\" data-complete=\"true\">Microneedling + PRP:<\/strong> Kan\u00e4le \u00f6ffnen und Wachstumsfaktoren einschleusen.<\/span><\/li>\n<li class=\"dF3vjf\" data-sfc-root=\"c\" data-sfc-cb=\"\" data-hveid=\"CAEIBBAB\" data-complete=\"true\" data-sae=\"\"><span class=\"T286Pc\" data-sfc-cp=\"\" data-sfc-root=\"c\" data-sfc-cb=\"\" data-complete=\"true\"><strong class=\"Yjhzub\" data-sfc-root=\"c\" data-sfc-cb=\"\" data-complete=\"true\">Hyalurons\u00e4ure-Maske:<\/strong> 10\u201315 Minuten einwirken lassen, um die Haut zu fluten und zu beruhigen.<\/span><\/li>\n<li class=\"dF3vjf\" data-sfc-root=\"c\" data-sfc-cb=\"\" data-hveid=\"CAEIBBAC\" data-complete=\"true\" data-sae=\"\"><span class=\"T286Pc\" data-sfc-cp=\"\" data-sfc-root=\"c\" data-sfc-cb=\"\" data-complete=\"true\" aria-owns=\"action-menu-parent-container\"><strong class=\"Yjhzub\" data-sfc-root=\"c\" data-sfc-cb=\"\" data-complete=\"true\">Kaltplasma:<\/strong> Zum Abschluss alles desinfizieren, die Kan\u00e4le schlie\u00dfen und die Wirkstoffe im Gewebe \u201eversiegeln\u201c.<\/span><\/li>\n<\/ol>\n<p>&nbsp;<\/p>\n<p>z.B. Behandlung Gesicht: \u20ac 350 Kombi Microneedling mit PRP-Eigenblut, Hyaluron-Maske, Kaltplasma<\/p>\n<p>&nbsp;<\/p>\n","protected":false},"excerpt":{"rendered":"<p>Durch winzige Mikroverletzungen in der Haut wird die nat\u00fcrliche Regeneration der Haut anregen. Die Produktion von Kollagen und Elastin wird angeregt. Das Ergebnis ist eine straffere, glattere und jugendlichere Haut. Vielf\u00e4ltige Anwendungsbereiche: darunter Falten, Narben (z.B. Aknenarben), vergr\u00f6\u00dferte Poren, Sonnensch\u00e4den, Dehnungsstreifen und Pigmentflecken Kontrollierte Mikroverletzungen: Mit feinen Nadeln werden kontrollierte Mikroverletzungen in der Haut erzeugt, &hellip; <\/p>\n","protected":false},"author":1,"featured_media":0,"parent":0,"menu_order":0,"comment_status":"closed","ping_status":"closed","template":"","meta":{"footnotes":""},"class_list":["post-442","page","type-page","status-publish","hentry"],"yoast_head":"<!-- This site is optimized with the Yoast SEO plugin v26.1.1 - https:\/\/yoast.com\/wordpress\/plugins\/seo\/ -->\n<title>Microneedling - Karlsruhe<\/title>\n<meta name=\"description\" content=\"Strahlende Haut dank professionellem Microneedling: Kollagenaufbau, feinere Poren und frischer Teint \u2013 in Ihrer Hautpraxis mit Expertise.\" \/>\n<meta name=\"robots\" content=\"index, follow, max-snippet:-1, max-image-preview:large, max-video-preview:-1\" \/>\n<link rel=\"canonical\" href=\"https:\/\/www.kosmetik-karlsruhe.de\/index.php\/microneedling\/\" \/>\n<meta property=\"og:locale\" content=\"de_DE\" \/>\n<meta property=\"og:type\" content=\"article\" \/>\n<meta property=\"og:title\" content=\"Microneedling - Karlsruhe\" \/>\n<meta property=\"og:description\" content=\"Strahlende Haut dank professionellem Microneedling: Kollagenaufbau, feinere Poren und frischer Teint \u2013 in Ihrer Hautpraxis mit Expertise.\" \/>\n<meta property=\"og:url\" content=\"https:\/\/www.kosmetik-karlsruhe.de\/index.php\/microneedling\/\" \/>\n<meta property=\"og:site_name\" content=\"Dermatologische Kosmetik Dres. Figl\" \/>\n<meta property=\"article:modified_time\" content=\"2026-03-28T17:28:21+00:00\" \/>\n<meta property=\"og:image\" content=\"https:\/\/www.kosmetik-karlsruhe.de\/wp-content\/uploads\/Flyer-microneedling-715x1024.png\" \/>\n\t<meta property=\"og:image:width\" content=\"715\" \/>\n\t<meta property=\"og:image:height\" content=\"1024\" \/>\n\t<meta property=\"og:image:type\" content=\"image\/png\" \/>\n<meta name=\"twitter:card\" content=\"summary_large_image\" \/>\n<meta name=\"twitter:label1\" content=\"Gesch\u00e4tzte Lesezeit\" \/>\n\t<meta name=\"twitter:data1\" content=\"2\u00a0Minuten\" \/>\n<script type=\"application\/ld+json\" class=\"yoast-schema-graph\">{\"@context\":\"https:\/\/schema.org\",\"@graph\":[{\"@type\":\"WebPage\",\"@id\":\"https:\/\/www.kosmetik-karlsruhe.de\/index.php\/microneedling\/\",\"url\":\"https:\/\/www.kosmetik-karlsruhe.de\/index.php\/microneedling\/\",\"name\":\"Microneedling - Karlsruhe\",\"isPartOf\":{\"@id\":\"https:\/\/www.kosmetik-karlsruhe.de\/#website\"},\"primaryImageOfPage\":{\"@id\":\"https:\/\/www.kosmetik-karlsruhe.de\/index.php\/microneedling\/#primaryimage\"},\"image\":{\"@id\":\"https:\/\/www.kosmetik-karlsruhe.de\/index.php\/microneedling\/#primaryimage\"},\"thumbnailUrl\":\"https:\/\/www.kosmetik-karlsruhe.de\/wp-content\/uploads\/Flyer-microneedling-209x300.png\",\"datePublished\":\"2025-08-02T08:49:25+00:00\",\"dateModified\":\"2026-03-28T17:28:21+00:00\",\"description\":\"Strahlende Haut dank professionellem Microneedling: Kollagenaufbau, feinere Poren und frischer Teint \u2013 in Ihrer Hautpraxis mit Expertise.\",\"breadcrumb\":{\"@id\":\"https:\/\/www.kosmetik-karlsruhe.de\/index.php\/microneedling\/#breadcrumb\"},\"inLanguage\":\"de\",\"potentialAction\":[{\"@type\":\"ReadAction\",\"target\":[\"https:\/\/www.kosmetik-karlsruhe.de\/index.php\/microneedling\/\"]}]},{\"@type\":\"ImageObject\",\"inLanguage\":\"de\",\"@id\":\"https:\/\/www.kosmetik-karlsruhe.de\/index.php\/microneedling\/#primaryimage\",\"url\":\"https:\/\/www.kosmetik-karlsruhe.de\/wp-content\/uploads\/Flyer-microneedling.png\",\"contentUrl\":\"https:\/\/www.kosmetik-karlsruhe.de\/wp-content\/uploads\/Flyer-microneedling.png\",\"width\":1795,\"height\":2571},{\"@type\":\"BreadcrumbList\",\"@id\":\"https:\/\/www.kosmetik-karlsruhe.de\/index.php\/microneedling\/#breadcrumb\",\"itemListElement\":[{\"@type\":\"ListItem\",\"position\":1,\"name\":\"Startseite\",\"item\":\"https:\/\/www.kosmetik-karlsruhe.de\/\"},{\"@type\":\"ListItem\",\"position\":2,\"name\":\"Microneedling\"}]},{\"@type\":\"WebSite\",\"@id\":\"https:\/\/www.kosmetik-karlsruhe.de\/#website\",\"url\":\"https:\/\/www.kosmetik-karlsruhe.de\/\",\"name\":\"Dermatologische Kosmetik Dres. Figl\",\"description\":\"\",\"publisher\":{\"@id\":\"https:\/\/www.kosmetik-karlsruhe.de\/#organization\"},\"potentialAction\":[{\"@type\":\"SearchAction\",\"target\":{\"@type\":\"EntryPoint\",\"urlTemplate\":\"https:\/\/www.kosmetik-karlsruhe.de\/?s={search_term_string}\"},\"query-input\":{\"@type\":\"PropertyValueSpecification\",\"valueRequired\":true,\"valueName\":\"search_term_string\"}}],\"inLanguage\":\"de\"},{\"@type\":\"Organization\",\"@id\":\"https:\/\/www.kosmetik-karlsruhe.de\/#organization\",\"name\":\"Dermatologische Kosmetik Dres. Figl\",\"url\":\"https:\/\/www.kosmetik-karlsruhe.de\/\",\"logo\":{\"@type\":\"ImageObject\",\"inLanguage\":\"de\",\"@id\":\"https:\/\/www.kosmetik-karlsruhe.de\/#\/schema\/logo\/image\/\",\"url\":\"https:\/\/www.kosmetik-karlsruhe.de\/wp-content\/uploads\/Figl_Logo_klein_quadratisch.png\",\"contentUrl\":\"https:\/\/www.kosmetik-karlsruhe.de\/wp-content\/uploads\/Figl_Logo_klein_quadratisch.png\",\"width\":100,\"height\":100,\"caption\":\"Dermatologische Kosmetik Dres. Figl\"},\"image\":{\"@id\":\"https:\/\/www.kosmetik-karlsruhe.de\/#\/schema\/logo\/image\/\"}}]}<\/script>\n<!-- \/ Yoast SEO plugin. -->","yoast_head_json":{"title":"Microneedling - Karlsruhe","description":"Strahlende Haut dank professionellem Microneedling: Kollagenaufbau, feinere Poren und frischer Teint \u2013 in Ihrer Hautpraxis mit Expertise.","robots":{"index":"index","follow":"follow","max-snippet":"max-snippet:-1","max-image-preview":"max-image-preview:large","max-video-preview":"max-video-preview:-1"},"canonical":"https:\/\/www.kosmetik-karlsruhe.de\/index.php\/microneedling\/","og_locale":"de_DE","og_type":"article","og_title":"Microneedling - Karlsruhe","og_description":"Strahlende Haut dank professionellem Microneedling: Kollagenaufbau, feinere Poren und frischer Teint \u2013 in Ihrer Hautpraxis mit Expertise.","og_url":"https:\/\/www.kosmetik-karlsruhe.de\/index.php\/microneedling\/","og_site_name":"Dermatologische Kosmetik Dres. Figl","article_modified_time":"2026-03-28T17:28:21+00:00","og_image":[{"width":715,"height":1024,"url":"https:\/\/www.kosmetik-karlsruhe.de\/wp-content\/uploads\/Flyer-microneedling-715x1024.png","type":"image\/png"}],"twitter_card":"summary_large_image","twitter_misc":{"Gesch\u00e4tzte Lesezeit":"2\u00a0Minuten"},"schema":{"@context":"https:\/\/schema.org","@graph":[{"@type":"WebPage","@id":"https:\/\/www.kosmetik-karlsruhe.de\/index.php\/microneedling\/","url":"https:\/\/www.kosmetik-karlsruhe.de\/index.php\/microneedling\/","name":"Microneedling - Karlsruhe","isPartOf":{"@id":"https:\/\/www.kosmetik-karlsruhe.de\/#website"},"primaryImageOfPage":{"@id":"https:\/\/www.kosmetik-karlsruhe.de\/index.php\/microneedling\/#primaryimage"},"image":{"@id":"https:\/\/www.kosmetik-karlsruhe.de\/index.php\/microneedling\/#primaryimage"},"thumbnailUrl":"https:\/\/www.kosmetik-karlsruhe.de\/wp-content\/uploads\/Flyer-microneedling-209x300.png","datePublished":"2025-08-02T08:49:25+00:00","dateModified":"2026-03-28T17:28:21+00:00","description":"Strahlende Haut dank professionellem Microneedling: Kollagenaufbau, feinere Poren und frischer Teint \u2013 in Ihrer Hautpraxis mit Expertise.","breadcrumb":{"@id":"https:\/\/www.kosmetik-karlsruhe.de\/index.php\/microneedling\/#breadcrumb"},"inLanguage":"de","potentialAction":[{"@type":"ReadAction","target":["https:\/\/www.kosmetik-karlsruhe.de\/index.php\/microneedling\/"]}]},{"@type":"ImageObject","inLanguage":"de","@id":"https:\/\/www.kosmetik-karlsruhe.de\/index.php\/microneedling\/#primaryimage","url":"https:\/\/www.kosmetik-karlsruhe.de\/wp-content\/uploads\/Flyer-microneedling.png","contentUrl":"https:\/\/www.kosmetik-karlsruhe.de\/wp-content\/uploads\/Flyer-microneedling.png","width":1795,"height":2571},{"@type":"BreadcrumbList","@id":"https:\/\/www.kosmetik-karlsruhe.de\/index.php\/microneedling\/#breadcrumb","itemListElement":[{"@type":"ListItem","position":1,"name":"Startseite","item":"https:\/\/www.kosmetik-karlsruhe.de\/"},{"@type":"ListItem","position":2,"name":"Microneedling"}]},{"@type":"WebSite","@id":"https:\/\/www.kosmetik-karlsruhe.de\/#website","url":"https:\/\/www.kosmetik-karlsruhe.de\/","name":"Dermatologische Kosmetik Dres. Figl","description":"","publisher":{"@id":"https:\/\/www.kosmetik-karlsruhe.de\/#organization"},"potentialAction":[{"@type":"SearchAction","target":{"@type":"EntryPoint","urlTemplate":"https:\/\/www.kosmetik-karlsruhe.de\/?s={search_term_string}"},"query-input":{"@type":"PropertyValueSpecification","valueRequired":true,"valueName":"search_term_string"}}],"inLanguage":"de"},{"@type":"Organization","@id":"https:\/\/www.kosmetik-karlsruhe.de\/#organization","name":"Dermatologische Kosmetik Dres. Figl","url":"https:\/\/www.kosmetik-karlsruhe.de\/","logo":{"@type":"ImageObject","inLanguage":"de","@id":"https:\/\/www.kosmetik-karlsruhe.de\/#\/schema\/logo\/image\/","url":"https:\/\/www.kosmetik-karlsruhe.de\/wp-content\/uploads\/Figl_Logo_klein_quadratisch.png","contentUrl":"https:\/\/www.kosmetik-karlsruhe.de\/wp-content\/uploads\/Figl_Logo_klein_quadratisch.png","width":100,"height":100,"caption":"Dermatologische Kosmetik Dres. Figl"},"image":{"@id":"https:\/\/www.kosmetik-karlsruhe.de\/#\/schema\/logo\/image\/"}}]}},"_links":{"self":[{"href":"https:\/\/www.kosmetik-karlsruhe.de\/index.php\/wp-json\/wp\/v2\/pages\/442","targetHints":{"allow":["GET"]}}],"collection":[{"href":"https:\/\/www.kosmetik-karlsruhe.de\/index.php\/wp-json\/wp\/v2\/pages"}],"about":[{"href":"https:\/\/www.kosmetik-karlsruhe.de\/index.php\/wp-json\/wp\/v2\/types\/page"}],"author":[{"embeddable":true,"href":"https:\/\/www.kosmetik-karlsruhe.de\/index.php\/wp-json\/wp\/v2\/users\/1"}],"replies":[{"embeddable":true,"href":"https:\/\/www.kosmetik-karlsruhe.de\/index.php\/wp-json\/wp\/v2\/comments?post=442"}],"version-history":[{"count":9,"href":"https:\/\/www.kosmetik-karlsruhe.de\/index.php\/wp-json\/wp\/v2\/pages\/442\/revisions"}],"predecessor-version":[{"id":578,"href":"https:\/\/www.kosmetik-karlsruhe.de\/index.php\/wp-json\/wp\/v2\/pages\/442\/revisions\/578"}],"wp:attachment":[{"href":"https:\/\/www.kosmetik-karlsruhe.de\/index.php\/wp-json\/wp\/v2\/media?parent=442"}],"curies":[{"name":"wp","href":"https:\/\/api.w.org\/{rel}","templated":true}]}}