{"id":5,"date":"2018-03-18T19:40:23","date_gmt":"2018-03-18T19:40:23","guid":{"rendered":"http:\/\/www.kosmetik-karlsruhe.de\/v2\/?page_id=5"},"modified":"2025-08-03T11:08:52","modified_gmt":"2025-08-03T10:08:52","slug":"hautanalyse","status":"publish","type":"page","link":"https:\/\/www.kosmetik-karlsruhe.de\/index.php\/hautanalyse\/","title":{"rendered":"Hautanalyse"},"content":{"rendered":"<p><img loading=\"lazy\" decoding=\"async\" class=\"alignnone  wp-image-480\" src=\"https:\/\/www.kosmetik-karlsruhe.de\/wp-content\/uploads\/Platinum2_high_res-300x202.jpg\" alt=\"\" width=\"376\" height=\"253\" srcset=\"https:\/\/www.kosmetik-karlsruhe.de\/wp-content\/uploads\/Platinum2_high_res-300x202.jpg 300w, https:\/\/www.kosmetik-karlsruhe.de\/wp-content\/uploads\/Platinum2_high_res-768x516.jpg 768w, https:\/\/www.kosmetik-karlsruhe.de\/wp-content\/uploads\/Platinum2_high_res-1024x688.jpg 1024w\" sizes=\"auto, (max-width: 376px) 100vw, 376px\" \/><\/p>\n<p>Die Hautanalyse ist die <strong><span id=\"hs\">Basis der kosmetischen Behandlung und Beratung<\/span><\/strong>. Wichtige Eigenschaften der Haut sind Feuchtigkeitsgehalt und Fettgehalt. Diese Eigenschaften k\u00f6nnen mittels eines Hautanalyseger\u00e4tes ermittelt und zur Charakterisierung der Hauttypen herangezogen werden: trockene oder feuchte bzw. fettarme oder fettreiche Haut.<\/p>\n<p>Die Messung der <strong><span id=\"hs\">unbehandelten Haut<\/span><\/strong> erfolgt einige Stunden nach der letzten Hautreinigung. Auf der Basis dieser Ergebnisse k\u00f6nnen individuell optimale Pflegeprodukte empfohlen werden. Die Messung der <strong><span id=\"hs\">behandelten Haut<\/span><\/strong> erfolgt ebenfalls einige Stunden nach dem letzten Auftrag. Normalwerte bedeuten dann, dass die Pflege Defizite der Haut ideal ausgleicht.<\/p>\n<p style=\"font-weight: 400;\">Die Hautanalyse dient dazu, den Zustand der Haut detailliert zu untersuchen und individuelle Pflegeempfehlungen zu geben. Dabei werden verschiedene Faktoren wie Hauttyp, Feuchtigkeitsgehalt, Fettgehalt, Elastizit\u00e4t und m\u00f6gliche Hautprobleme wie Akne, Pigmentflecken oder F\u00e4ltchen analysiert.<\/p>\n<ol>\n<li style=\"font-weight: 400;\">Anamnese:<\/li>\n<\/ol>\n<p style=\"font-weight: 400;\">Die Kosmetikerin stellt Fragen zu Hautpflegegewohnheiten, Hautproblemen, Lebensstil und m\u00f6glichen Allergien.<\/p>\n<ol start=\"2\">\n<li style=\"font-weight: 400;\">Visuelle Untersuchung:<\/li>\n<\/ol>\n<p style=\"font-weight: 400;\">Mit einer Lupe oder einem Vergr\u00f6\u00dferungslicht wird die Hautoberfl\u00e4che auf R\u00f6tungen, Unreinheiten, Poren, F\u00e4ltchen und andere Auff\u00e4lligkeiten untersucht.<\/p>\n<ol start=\"3\">\n<li style=\"font-weight: 400;\">Messung von Feuchtigkeit und Fettgehalt:<\/li>\n<\/ol>\n<p style=\"font-weight: 400;\">Es k\u00f6nnen spezielle Ger\u00e4te zum Einsatz kommen, um den Feuchtigkeits- und Fettgehalt der Haut zu bestimmen.<\/p>\n<ol start=\"4\">\n<li style=\"font-weight: 400;\">Elastizit\u00e4tspr\u00fcfung:<\/li>\n<\/ol>\n<p style=\"font-weight: 400;\">Die Kosmetikerin kann die Elastizit\u00e4t der Haut durch Dehnen und Ziehen testen.<\/p>\n<ol start=\"5\">\n<li style=\"font-weight: 400;\">Beratung und Empfehlungen:<\/li>\n<\/ol>\n<p style=\"font-weight: 400;\">Auf Basis der Analyseergebnisse gibt die Kosmetikerin individuelle Empfehlungen f\u00fcr die Hautpflege zu Hause und kann auch passende Behandlungen im Kosmetikinstitut vorschlagen.<\/p>\n<p style=\"font-weight: 400;\"><strong>Was wird analysiert?<\/strong><\/p>\n<p style=\"font-weight: 400;\">Hauttyp: Normal, trocken, fettig, Mischhaut oder sensibel.<\/p>\n<p style=\"font-weight: 400;\">Hautzustand: Feuchtigkeitsgehalt, Fettgehalt, Elastizit\u00e4t, Hauttextur, Poren, R\u00f6tungen, Pigmentierung, F\u00e4ltchen.<\/p>\n<p style=\"font-weight: 400;\">Hautprobleme: Akne, Mitesser, trockene Stellen, sonnengesch\u00e4digte Haut, Altersflecken, usw.<\/p>\n<p style=\"font-weight: 400;\">Individuelle Faktoren: Alter, Lebensstil, Umwelteinfl\u00fcsse, Ern\u00e4hrung, Stress.<\/p>\n<p style=\"font-weight: 400;\">Die Hautanalyse dient als Grundlage f\u00fcr eine gezielte und individuelle Hautpflege und kann helfen, Hautprobleme zu erkennen und zu behandeln.<\/p>\n","protected":false},"excerpt":{"rendered":"<p>Die Hautanalyse ist die Basis der kosmetischen Behandlung und Beratung. Wichtige Eigenschaften der Haut sind Feuchtigkeitsgehalt und Fettgehalt. Diese Eigenschaften k\u00f6nnen mittels eines Hautanalyseger\u00e4tes ermittelt und zur Charakterisierung der Hauttypen herangezogen werden: trockene oder feuchte bzw. fettarme oder fettreiche Haut. Die Messung der unbehandelten Haut erfolgt einige Stunden nach der letzten Hautreinigung. Auf der Basis &hellip; <\/p>\n","protected":false},"author":1,"featured_media":0,"parent":0,"menu_order":0,"comment_status":"closed","ping_status":"closed","template":"","meta":{"footnotes":""},"class_list":["post-5","page","type-page","status-publish","hentry"],"yoast_head":"<!-- This site is optimized with the Yoast SEO plugin v26.1.1 - https:\/\/yoast.com\/wordpress\/plugins\/seo\/ -->\n<title>Hautanalyse - Dermatologische Kosmetik Dres. Figl<\/title>\n<meta name=\"robots\" content=\"index, follow, max-snippet:-1, max-image-preview:large, max-video-preview:-1\" \/>\n<link rel=\"canonical\" href=\"https:\/\/www.kosmetik-karlsruhe.de\/index.php\/hautanalyse\/\" \/>\n<meta property=\"og:locale\" content=\"de_DE\" \/>\n<meta property=\"og:type\" content=\"article\" \/>\n<meta property=\"og:title\" content=\"Hautanalyse - Dermatologische Kosmetik Dres. Figl\" \/>\n<meta property=\"og:description\" content=\"Die Hautanalyse ist die Basis der kosmetischen Behandlung und Beratung. Wichtige Eigenschaften der Haut sind Feuchtigkeitsgehalt und Fettgehalt. Diese Eigenschaften k\u00f6nnen mittels eines Hautanalyseger\u00e4tes ermittelt und zur Charakterisierung der Hauttypen herangezogen werden: trockene oder feuchte bzw. fettarme oder fettreiche Haut. Die Messung der unbehandelten Haut erfolgt einige Stunden nach der letzten Hautreinigung. Auf der Basis &hellip;\" \/>\n<meta property=\"og:url\" content=\"https:\/\/www.kosmetik-karlsruhe.de\/index.php\/hautanalyse\/\" \/>\n<meta property=\"og:site_name\" content=\"Dermatologische Kosmetik Dres. Figl\" \/>\n<meta property=\"article:modified_time\" content=\"2025-08-03T10:08:52+00:00\" \/>\n<meta property=\"og:image\" content=\"https:\/\/www.kosmetik-karlsruhe.de\/wp-content\/uploads\/Platinum2_high_res.jpg\" \/>\n\t<meta property=\"og:image:width\" content=\"2800\" \/>\n\t<meta property=\"og:image:height\" content=\"1881\" \/>\n\t<meta property=\"og:image:type\" content=\"image\/jpeg\" \/>\n<meta name=\"twitter:card\" content=\"summary_large_image\" \/>\n<meta name=\"twitter:label1\" content=\"Gesch\u00e4tzte Lesezeit\" \/>\n\t<meta name=\"twitter:data1\" content=\"1\u00a0Minute\" \/>\n<script type=\"application\/ld+json\" class=\"yoast-schema-graph\">{\"@context\":\"https:\/\/schema.org\",\"@graph\":[{\"@type\":\"WebPage\",\"@id\":\"https:\/\/www.kosmetik-karlsruhe.de\/index.php\/hautanalyse\/\",\"url\":\"https:\/\/www.kosmetik-karlsruhe.de\/index.php\/hautanalyse\/\",\"name\":\"Hautanalyse - Dermatologische Kosmetik Dres. Figl\",\"isPartOf\":{\"@id\":\"https:\/\/www.kosmetik-karlsruhe.de\/#website\"},\"primaryImageOfPage\":{\"@id\":\"https:\/\/www.kosmetik-karlsruhe.de\/index.php\/hautanalyse\/#primaryimage\"},\"image\":{\"@id\":\"https:\/\/www.kosmetik-karlsruhe.de\/index.php\/hautanalyse\/#primaryimage\"},\"thumbnailUrl\":\"https:\/\/www.kosmetik-karlsruhe.de\/wp-content\/uploads\/Platinum2_high_res-300x202.jpg\",\"datePublished\":\"2018-03-18T19:40:23+00:00\",\"dateModified\":\"2025-08-03T10:08:52+00:00\",\"breadcrumb\":{\"@id\":\"https:\/\/www.kosmetik-karlsruhe.de\/index.php\/hautanalyse\/#breadcrumb\"},\"inLanguage\":\"de\",\"potentialAction\":[{\"@type\":\"ReadAction\",\"target\":[\"https:\/\/www.kosmetik-karlsruhe.de\/index.php\/hautanalyse\/\"]}]},{\"@type\":\"ImageObject\",\"inLanguage\":\"de\",\"@id\":\"https:\/\/www.kosmetik-karlsruhe.de\/index.php\/hautanalyse\/#primaryimage\",\"url\":\"https:\/\/www.kosmetik-karlsruhe.de\/wp-content\/uploads\/Platinum2_high_res.jpg\",\"contentUrl\":\"https:\/\/www.kosmetik-karlsruhe.de\/wp-content\/uploads\/Platinum2_high_res.jpg\",\"width\":2800,\"height\":1881},{\"@type\":\"BreadcrumbList\",\"@id\":\"https:\/\/www.kosmetik-karlsruhe.de\/index.php\/hautanalyse\/#breadcrumb\",\"itemListElement\":[{\"@type\":\"ListItem\",\"position\":1,\"name\":\"Startseite\",\"item\":\"https:\/\/www.kosmetik-karlsruhe.de\/\"},{\"@type\":\"ListItem\",\"position\":2,\"name\":\"Hautanalyse\"}]},{\"@type\":\"WebSite\",\"@id\":\"https:\/\/www.kosmetik-karlsruhe.de\/#website\",\"url\":\"https:\/\/www.kosmetik-karlsruhe.de\/\",\"name\":\"Dermatologische Kosmetik Dres. Figl\",\"description\":\"\",\"publisher\":{\"@id\":\"https:\/\/www.kosmetik-karlsruhe.de\/#organization\"},\"potentialAction\":[{\"@type\":\"SearchAction\",\"target\":{\"@type\":\"EntryPoint\",\"urlTemplate\":\"https:\/\/www.kosmetik-karlsruhe.de\/?s={search_term_string}\"},\"query-input\":{\"@type\":\"PropertyValueSpecification\",\"valueRequired\":true,\"valueName\":\"search_term_string\"}}],\"inLanguage\":\"de\"},{\"@type\":\"Organization\",\"@id\":\"https:\/\/www.kosmetik-karlsruhe.de\/#organization\",\"name\":\"Dermatologische Kosmetik Dres. Figl\",\"url\":\"https:\/\/www.kosmetik-karlsruhe.de\/\",\"logo\":{\"@type\":\"ImageObject\",\"inLanguage\":\"de\",\"@id\":\"https:\/\/www.kosmetik-karlsruhe.de\/#\/schema\/logo\/image\/\",\"url\":\"https:\/\/www.kosmetik-karlsruhe.de\/wp-content\/uploads\/Figl_Logo_klein_quadratisch.png\",\"contentUrl\":\"https:\/\/www.kosmetik-karlsruhe.de\/wp-content\/uploads\/Figl_Logo_klein_quadratisch.png\",\"width\":100,\"height\":100,\"caption\":\"Dermatologische Kosmetik Dres. Figl\"},\"image\":{\"@id\":\"https:\/\/www.kosmetik-karlsruhe.de\/#\/schema\/logo\/image\/\"}}]}<\/script>\n<!-- \/ Yoast SEO plugin. -->","yoast_head_json":{"title":"Hautanalyse - Dermatologische Kosmetik Dres. Figl","robots":{"index":"index","follow":"follow","max-snippet":"max-snippet:-1","max-image-preview":"max-image-preview:large","max-video-preview":"max-video-preview:-1"},"canonical":"https:\/\/www.kosmetik-karlsruhe.de\/index.php\/hautanalyse\/","og_locale":"de_DE","og_type":"article","og_title":"Hautanalyse - Dermatologische Kosmetik Dres. Figl","og_description":"Die Hautanalyse ist die Basis der kosmetischen Behandlung und Beratung. Wichtige Eigenschaften der Haut sind Feuchtigkeitsgehalt und Fettgehalt. Diese Eigenschaften k\u00f6nnen mittels eines Hautanalyseger\u00e4tes ermittelt und zur Charakterisierung der Hauttypen herangezogen werden: trockene oder feuchte bzw. fettarme oder fettreiche Haut. Die Messung der unbehandelten Haut erfolgt einige Stunden nach der letzten Hautreinigung. Auf der Basis &hellip;","og_url":"https:\/\/www.kosmetik-karlsruhe.de\/index.php\/hautanalyse\/","og_site_name":"Dermatologische Kosmetik Dres. Figl","article_modified_time":"2025-08-03T10:08:52+00:00","og_image":[{"width":2800,"height":1881,"url":"https:\/\/www.kosmetik-karlsruhe.de\/wp-content\/uploads\/Platinum2_high_res.jpg","type":"image\/jpeg"}],"twitter_card":"summary_large_image","twitter_misc":{"Gesch\u00e4tzte Lesezeit":"1\u00a0Minute"},"schema":{"@context":"https:\/\/schema.org","@graph":[{"@type":"WebPage","@id":"https:\/\/www.kosmetik-karlsruhe.de\/index.php\/hautanalyse\/","url":"https:\/\/www.kosmetik-karlsruhe.de\/index.php\/hautanalyse\/","name":"Hautanalyse - Dermatologische Kosmetik Dres. Figl","isPartOf":{"@id":"https:\/\/www.kosmetik-karlsruhe.de\/#website"},"primaryImageOfPage":{"@id":"https:\/\/www.kosmetik-karlsruhe.de\/index.php\/hautanalyse\/#primaryimage"},"image":{"@id":"https:\/\/www.kosmetik-karlsruhe.de\/index.php\/hautanalyse\/#primaryimage"},"thumbnailUrl":"https:\/\/www.kosmetik-karlsruhe.de\/wp-content\/uploads\/Platinum2_high_res-300x202.jpg","datePublished":"2018-03-18T19:40:23+00:00","dateModified":"2025-08-03T10:08:52+00:00","breadcrumb":{"@id":"https:\/\/www.kosmetik-karlsruhe.de\/index.php\/hautanalyse\/#breadcrumb"},"inLanguage":"de","potentialAction":[{"@type":"ReadAction","target":["https:\/\/www.kosmetik-karlsruhe.de\/index.php\/hautanalyse\/"]}]},{"@type":"ImageObject","inLanguage":"de","@id":"https:\/\/www.kosmetik-karlsruhe.de\/index.php\/hautanalyse\/#primaryimage","url":"https:\/\/www.kosmetik-karlsruhe.de\/wp-content\/uploads\/Platinum2_high_res.jpg","contentUrl":"https:\/\/www.kosmetik-karlsruhe.de\/wp-content\/uploads\/Platinum2_high_res.jpg","width":2800,"height":1881},{"@type":"BreadcrumbList","@id":"https:\/\/www.kosmetik-karlsruhe.de\/index.php\/hautanalyse\/#breadcrumb","itemListElement":[{"@type":"ListItem","position":1,"name":"Startseite","item":"https:\/\/www.kosmetik-karlsruhe.de\/"},{"@type":"ListItem","position":2,"name":"Hautanalyse"}]},{"@type":"WebSite","@id":"https:\/\/www.kosmetik-karlsruhe.de\/#website","url":"https:\/\/www.kosmetik-karlsruhe.de\/","name":"Dermatologische Kosmetik Dres. Figl","description":"","publisher":{"@id":"https:\/\/www.kosmetik-karlsruhe.de\/#organization"},"potentialAction":[{"@type":"SearchAction","target":{"@type":"EntryPoint","urlTemplate":"https:\/\/www.kosmetik-karlsruhe.de\/?s={search_term_string}"},"query-input":{"@type":"PropertyValueSpecification","valueRequired":true,"valueName":"search_term_string"}}],"inLanguage":"de"},{"@type":"Organization","@id":"https:\/\/www.kosmetik-karlsruhe.de\/#organization","name":"Dermatologische Kosmetik Dres. Figl","url":"https:\/\/www.kosmetik-karlsruhe.de\/","logo":{"@type":"ImageObject","inLanguage":"de","@id":"https:\/\/www.kosmetik-karlsruhe.de\/#\/schema\/logo\/image\/","url":"https:\/\/www.kosmetik-karlsruhe.de\/wp-content\/uploads\/Figl_Logo_klein_quadratisch.png","contentUrl":"https:\/\/www.kosmetik-karlsruhe.de\/wp-content\/uploads\/Figl_Logo_klein_quadratisch.png","width":100,"height":100,"caption":"Dermatologische Kosmetik Dres. Figl"},"image":{"@id":"https:\/\/www.kosmetik-karlsruhe.de\/#\/schema\/logo\/image\/"}}]}},"_links":{"self":[{"href":"https:\/\/www.kosmetik-karlsruhe.de\/index.php\/wp-json\/wp\/v2\/pages\/5","targetHints":{"allow":["GET"]}}],"collection":[{"href":"https:\/\/www.kosmetik-karlsruhe.de\/index.php\/wp-json\/wp\/v2\/pages"}],"about":[{"href":"https:\/\/www.kosmetik-karlsruhe.de\/index.php\/wp-json\/wp\/v2\/types\/page"}],"author":[{"embeddable":true,"href":"https:\/\/www.kosmetik-karlsruhe.de\/index.php\/wp-json\/wp\/v2\/users\/1"}],"replies":[{"embeddable":true,"href":"https:\/\/www.kosmetik-karlsruhe.de\/index.php\/wp-json\/wp\/v2\/comments?post=5"}],"version-history":[{"count":4,"href":"https:\/\/www.kosmetik-karlsruhe.de\/index.php\/wp-json\/wp\/v2\/pages\/5\/revisions"}],"predecessor-version":[{"id":481,"href":"https:\/\/www.kosmetik-karlsruhe.de\/index.php\/wp-json\/wp\/v2\/pages\/5\/revisions\/481"}],"wp:attachment":[{"href":"https:\/\/www.kosmetik-karlsruhe.de\/index.php\/wp-json\/wp\/v2\/media?parent=5"}],"curies":[{"name":"wp","href":"https:\/\/api.w.org\/{rel}","templated":true}]}}