{"id":9,"date":"2018-03-18T19:41:53","date_gmt":"2018-03-18T19:41:53","guid":{"rendered":"http:\/\/www.kosmetik-karlsruhe.de\/v2\/?page_id=9"},"modified":"2025-10-23T17:24:27","modified_gmt":"2025-10-23T16:24:27","slug":"faltnebehandlung","status":"publish","type":"page","link":"https:\/\/www.kosmetik-karlsruhe.de\/index.php\/faltnebehandlung\/","title":{"rendered":"Faltenbehandlung"},"content":{"rendered":"<p><img loading=\"lazy\" decoding=\"async\" class=\"alignnone wp-image-538 size-medium\" src=\"https:\/\/www.kosmetik-karlsruhe.de\/wp-content\/uploads\/KI-Bild-e1761236250830-257x300.jpg\" alt=\"Falten Filler Botox Laser Vampirlifting Microneedling\" width=\"257\" height=\"300\" srcset=\"https:\/\/www.kosmetik-karlsruhe.de\/wp-content\/uploads\/KI-Bild-e1761236250830-257x300.jpg 257w, https:\/\/www.kosmetik-karlsruhe.de\/wp-content\/uploads\/KI-Bild-e1761236250830-877x1024.jpg 877w, https:\/\/www.kosmetik-karlsruhe.de\/wp-content\/uploads\/KI-Bild-e1761236250830-768x897.jpg 768w, https:\/\/www.kosmetik-karlsruhe.de\/wp-content\/uploads\/KI-Bild-e1761236250830.jpg 1024w\" sizes=\"auto, (max-width: 257px) 100vw, 257px\" \/><\/p>\n<p>Volumen- und Liftingbehandlungen sowie Behandlungen von statische Falten (besonders im Dreieck Mund\/Nase) werden durch Einbringen von F\u00fcllmaterialen (Fillern) durchgef\u00fchrt. Hierf\u00fcr verwenden wir ausschlie\u00dflich k\u00f6rpereigene (<a href=\"https:\/\/www.kosmetik-karlsruhe.de\/index.php\/prp-plasmalifting\/\"><strong><span style=\"color: #800080;\">PRP-, Vampir-, Einhorn-Lifting<\/span><\/strong><\/a>) oder k\u00f6rperidentische Substanzen (<a href=\"https:\/\/www.kosmetik-karlsruhe.de\/index.php\/hyaluronsaeure-filler\/\"><strong><span style=\"color: #800080;\">Hyalurons\u00e4ure<\/span><\/strong><\/a>), die vom K\u00f6rper abgebaut werden k\u00f6nnen und so gut wie keine Fremdk\u00f6rperreaktionen hervorrufen.<\/p>\n<p>Mimische Falten (Bereich Stirn und Kr\u00e4henf\u00fc\u00dfe) k\u00f6nnen durch Einbringen von <a href=\"https:\/\/www.kosmetik-karlsruhe.de\/index.php\/faltenentspannung-mit-botulinum\/\"><strong><span style=\"color: #800080;\">Botulinumtoxin A<\/span><\/strong><\/a> in die oberfl\u00e4chlichen Gesichtsmuskeln entspannt werden.<\/p>\n<p>Eine allgemeine Hautstraffung, eine Verfeinerung des Bildes bei Grobporigkeit oder kleinen Narben kann durch <a href=\"https:\/\/www.kosmetik-karlsruhe.de\/index.php\/microneedling\/\" target=\"_blank\" rel=\"noopener\"><strong><span style=\"color: #800080;\">Microneedling<\/span><\/strong>\u00a0<\/a>eventuell in Kombination mit<span style=\"color: #800080;\"> <strong><a style=\"color: #800080;\" href=\"https:\/\/www.kosmetik-karlsruhe.de\/index.php\/prp-plasmalifting\/\" target=\"_blank\" rel=\"noopener\">PRP<\/a><\/strong> <\/span>oder durch <a href=\"https:\/\/www.kosmetik-karlsruhe.de\/index.php\/laser-hauterneuerung-und-verjuengung\/\" target=\"_blank\" rel=\"noopener\"><span style=\"color: #800080;\"><strong>Laserbehandlungen<\/strong> <\/span><\/a>erzielt werden.<\/p>\n<p>Alle auf dieser Seite aufgef\u00fchrten Behandlungen werden bei uns von einem Arzt\/einer \u00c4rztin durchgef\u00fchrt.<\/p>\n","protected":false},"excerpt":{"rendered":"<p>Volumen- und Liftingbehandlungen sowie Behandlungen von statische Falten (besonders im Dreieck Mund\/Nase) werden durch Einbringen von F\u00fcllmaterialen (Fillern) durchgef\u00fchrt. Hierf\u00fcr verwenden wir ausschlie\u00dflich k\u00f6rpereigene (PRP-, Vampir-, Einhorn-Lifting) oder k\u00f6rperidentische Substanzen (Hyalurons\u00e4ure), die vom K\u00f6rper abgebaut werden k\u00f6nnen und so gut wie keine Fremdk\u00f6rperreaktionen hervorrufen. Mimische Falten (Bereich Stirn und Kr\u00e4henf\u00fc\u00dfe) k\u00f6nnen durch Einbringen von Botulinumtoxin &hellip; <\/p>\n","protected":false},"author":1,"featured_media":0,"parent":0,"menu_order":0,"comment_status":"closed","ping_status":"closed","template":"","meta":{"footnotes":""},"class_list":["post-9","page","type-page","status-publish","hentry"],"yoast_head":"<!-- This site is optimized with the Yoast SEO plugin v26.1.1 - https:\/\/yoast.com\/wordpress\/plugins\/seo\/ -->\n<title>Faltenbehandlung - Karlsruhe<\/title>\n<meta name=\"description\" content=\"Faltenbehandlung: Erfahren Sie mehr \u00fcber unsere Methoden zur Hautstraffung und Faltenreduzierung - seit 2007 in Karlsruhe\" \/>\n<meta name=\"robots\" content=\"index, follow, max-snippet:-1, max-image-preview:large, max-video-preview:-1\" \/>\n<link rel=\"canonical\" href=\"https:\/\/www.kosmetik-karlsruhe.de\/index.php\/faltnebehandlung\/\" \/>\n<meta property=\"og:locale\" content=\"de_DE\" \/>\n<meta property=\"og:type\" content=\"article\" \/>\n<meta property=\"og:title\" content=\"Faltenbehandlung - Karlsruhe\" \/>\n<meta property=\"og:description\" content=\"Faltenbehandlung: Erfahren Sie mehr \u00fcber unsere Methoden zur Hautstraffung und Faltenreduzierung - seit 2007 in Karlsruhe\" \/>\n<meta property=\"og:url\" content=\"https:\/\/www.kosmetik-karlsruhe.de\/index.php\/faltnebehandlung\/\" \/>\n<meta property=\"og:site_name\" content=\"Dermatologische Kosmetik Dres. Figl\" \/>\n<meta property=\"article:modified_time\" content=\"2025-10-23T16:24:27+00:00\" \/>\n<meta property=\"og:image\" content=\"https:\/\/www.kosmetik-karlsruhe.de\/wp-content\/uploads\/KI-Bild-e1761236250830.jpg\" \/>\n\t<meta property=\"og:image:width\" content=\"1024\" \/>\n\t<meta property=\"og:image:height\" content=\"1196\" \/>\n\t<meta property=\"og:image:type\" content=\"image\/jpeg\" \/>\n<meta name=\"twitter:card\" content=\"summary_large_image\" \/>\n<meta name=\"twitter:label1\" content=\"Gesch\u00e4tzte Lesezeit\" \/>\n\t<meta name=\"twitter:data1\" content=\"1\u00a0Minute\" \/>\n<script type=\"application\/ld+json\" class=\"yoast-schema-graph\">{\"@context\":\"https:\/\/schema.org\",\"@graph\":[{\"@type\":\"WebPage\",\"@id\":\"https:\/\/www.kosmetik-karlsruhe.de\/index.php\/faltnebehandlung\/\",\"url\":\"https:\/\/www.kosmetik-karlsruhe.de\/index.php\/faltnebehandlung\/\",\"name\":\"Faltenbehandlung - Karlsruhe\",\"isPartOf\":{\"@id\":\"https:\/\/www.kosmetik-karlsruhe.de\/#website\"},\"primaryImageOfPage\":{\"@id\":\"https:\/\/www.kosmetik-karlsruhe.de\/index.php\/faltnebehandlung\/#primaryimage\"},\"image\":{\"@id\":\"https:\/\/www.kosmetik-karlsruhe.de\/index.php\/faltnebehandlung\/#primaryimage\"},\"thumbnailUrl\":\"https:\/\/www.kosmetik-karlsruhe.de\/wp-content\/uploads\/KI-Bild-e1761236250830-257x300.jpg\",\"datePublished\":\"2018-03-18T19:41:53+00:00\",\"dateModified\":\"2025-10-23T16:24:27+00:00\",\"description\":\"Faltenbehandlung: Erfahren Sie mehr \u00fcber unsere Methoden zur Hautstraffung und Faltenreduzierung - seit 2007 in Karlsruhe\",\"breadcrumb\":{\"@id\":\"https:\/\/www.kosmetik-karlsruhe.de\/index.php\/faltnebehandlung\/#breadcrumb\"},\"inLanguage\":\"de\",\"potentialAction\":[{\"@type\":\"ReadAction\",\"target\":[\"https:\/\/www.kosmetik-karlsruhe.de\/index.php\/faltnebehandlung\/\"]}]},{\"@type\":\"ImageObject\",\"inLanguage\":\"de\",\"@id\":\"https:\/\/www.kosmetik-karlsruhe.de\/index.php\/faltnebehandlung\/#primaryimage\",\"url\":\"https:\/\/www.kosmetik-karlsruhe.de\/wp-content\/uploads\/KI-Bild-e1761236250830.jpg\",\"contentUrl\":\"https:\/\/www.kosmetik-karlsruhe.de\/wp-content\/uploads\/KI-Bild-e1761236250830.jpg\",\"width\":1024,\"height\":1196},{\"@type\":\"BreadcrumbList\",\"@id\":\"https:\/\/www.kosmetik-karlsruhe.de\/index.php\/faltnebehandlung\/#breadcrumb\",\"itemListElement\":[{\"@type\":\"ListItem\",\"position\":1,\"name\":\"Startseite\",\"item\":\"https:\/\/www.kosmetik-karlsruhe.de\/\"},{\"@type\":\"ListItem\",\"position\":2,\"name\":\"Faltenbehandlung\"}]},{\"@type\":\"WebSite\",\"@id\":\"https:\/\/www.kosmetik-karlsruhe.de\/#website\",\"url\":\"https:\/\/www.kosmetik-karlsruhe.de\/\",\"name\":\"Dermatologische Kosmetik Dres. Figl\",\"description\":\"\",\"publisher\":{\"@id\":\"https:\/\/www.kosmetik-karlsruhe.de\/#organization\"},\"potentialAction\":[{\"@type\":\"SearchAction\",\"target\":{\"@type\":\"EntryPoint\",\"urlTemplate\":\"https:\/\/www.kosmetik-karlsruhe.de\/?s={search_term_string}\"},\"query-input\":{\"@type\":\"PropertyValueSpecification\",\"valueRequired\":true,\"valueName\":\"search_term_string\"}}],\"inLanguage\":\"de\"},{\"@type\":\"Organization\",\"@id\":\"https:\/\/www.kosmetik-karlsruhe.de\/#organization\",\"name\":\"Dermatologische Kosmetik Dres. Figl\",\"url\":\"https:\/\/www.kosmetik-karlsruhe.de\/\",\"logo\":{\"@type\":\"ImageObject\",\"inLanguage\":\"de\",\"@id\":\"https:\/\/www.kosmetik-karlsruhe.de\/#\/schema\/logo\/image\/\",\"url\":\"https:\/\/www.kosmetik-karlsruhe.de\/wp-content\/uploads\/Figl_Logo_klein_quadratisch.png\",\"contentUrl\":\"https:\/\/www.kosmetik-karlsruhe.de\/wp-content\/uploads\/Figl_Logo_klein_quadratisch.png\",\"width\":100,\"height\":100,\"caption\":\"Dermatologische Kosmetik Dres. Figl\"},\"image\":{\"@id\":\"https:\/\/www.kosmetik-karlsruhe.de\/#\/schema\/logo\/image\/\"}}]}<\/script>\n<!-- \/ Yoast SEO plugin. -->","yoast_head_json":{"title":"Faltenbehandlung - Karlsruhe","description":"Faltenbehandlung: Erfahren Sie mehr \u00fcber unsere Methoden zur Hautstraffung und Faltenreduzierung - seit 2007 in Karlsruhe","robots":{"index":"index","follow":"follow","max-snippet":"max-snippet:-1","max-image-preview":"max-image-preview:large","max-video-preview":"max-video-preview:-1"},"canonical":"https:\/\/www.kosmetik-karlsruhe.de\/index.php\/faltnebehandlung\/","og_locale":"de_DE","og_type":"article","og_title":"Faltenbehandlung - Karlsruhe","og_description":"Faltenbehandlung: Erfahren Sie mehr \u00fcber unsere Methoden zur Hautstraffung und Faltenreduzierung - seit 2007 in Karlsruhe","og_url":"https:\/\/www.kosmetik-karlsruhe.de\/index.php\/faltnebehandlung\/","og_site_name":"Dermatologische Kosmetik Dres. Figl","article_modified_time":"2025-10-23T16:24:27+00:00","og_image":[{"width":1024,"height":1196,"url":"https:\/\/www.kosmetik-karlsruhe.de\/wp-content\/uploads\/KI-Bild-e1761236250830.jpg","type":"image\/jpeg"}],"twitter_card":"summary_large_image","twitter_misc":{"Gesch\u00e4tzte Lesezeit":"1\u00a0Minute"},"schema":{"@context":"https:\/\/schema.org","@graph":[{"@type":"WebPage","@id":"https:\/\/www.kosmetik-karlsruhe.de\/index.php\/faltnebehandlung\/","url":"https:\/\/www.kosmetik-karlsruhe.de\/index.php\/faltnebehandlung\/","name":"Faltenbehandlung - Karlsruhe","isPartOf":{"@id":"https:\/\/www.kosmetik-karlsruhe.de\/#website"},"primaryImageOfPage":{"@id":"https:\/\/www.kosmetik-karlsruhe.de\/index.php\/faltnebehandlung\/#primaryimage"},"image":{"@id":"https:\/\/www.kosmetik-karlsruhe.de\/index.php\/faltnebehandlung\/#primaryimage"},"thumbnailUrl":"https:\/\/www.kosmetik-karlsruhe.de\/wp-content\/uploads\/KI-Bild-e1761236250830-257x300.jpg","datePublished":"2018-03-18T19:41:53+00:00","dateModified":"2025-10-23T16:24:27+00:00","description":"Faltenbehandlung: Erfahren Sie mehr \u00fcber unsere Methoden zur Hautstraffung und Faltenreduzierung - seit 2007 in Karlsruhe","breadcrumb":{"@id":"https:\/\/www.kosmetik-karlsruhe.de\/index.php\/faltnebehandlung\/#breadcrumb"},"inLanguage":"de","potentialAction":[{"@type":"ReadAction","target":["https:\/\/www.kosmetik-karlsruhe.de\/index.php\/faltnebehandlung\/"]}]},{"@type":"ImageObject","inLanguage":"de","@id":"https:\/\/www.kosmetik-karlsruhe.de\/index.php\/faltnebehandlung\/#primaryimage","url":"https:\/\/www.kosmetik-karlsruhe.de\/wp-content\/uploads\/KI-Bild-e1761236250830.jpg","contentUrl":"https:\/\/www.kosmetik-karlsruhe.de\/wp-content\/uploads\/KI-Bild-e1761236250830.jpg","width":1024,"height":1196},{"@type":"BreadcrumbList","@id":"https:\/\/www.kosmetik-karlsruhe.de\/index.php\/faltnebehandlung\/#breadcrumb","itemListElement":[{"@type":"ListItem","position":1,"name":"Startseite","item":"https:\/\/www.kosmetik-karlsruhe.de\/"},{"@type":"ListItem","position":2,"name":"Faltenbehandlung"}]},{"@type":"WebSite","@id":"https:\/\/www.kosmetik-karlsruhe.de\/#website","url":"https:\/\/www.kosmetik-karlsruhe.de\/","name":"Dermatologische Kosmetik Dres. Figl","description":"","publisher":{"@id":"https:\/\/www.kosmetik-karlsruhe.de\/#organization"},"potentialAction":[{"@type":"SearchAction","target":{"@type":"EntryPoint","urlTemplate":"https:\/\/www.kosmetik-karlsruhe.de\/?s={search_term_string}"},"query-input":{"@type":"PropertyValueSpecification","valueRequired":true,"valueName":"search_term_string"}}],"inLanguage":"de"},{"@type":"Organization","@id":"https:\/\/www.kosmetik-karlsruhe.de\/#organization","name":"Dermatologische Kosmetik Dres. Figl","url":"https:\/\/www.kosmetik-karlsruhe.de\/","logo":{"@type":"ImageObject","inLanguage":"de","@id":"https:\/\/www.kosmetik-karlsruhe.de\/#\/schema\/logo\/image\/","url":"https:\/\/www.kosmetik-karlsruhe.de\/wp-content\/uploads\/Figl_Logo_klein_quadratisch.png","contentUrl":"https:\/\/www.kosmetik-karlsruhe.de\/wp-content\/uploads\/Figl_Logo_klein_quadratisch.png","width":100,"height":100,"caption":"Dermatologische Kosmetik Dres. Figl"},"image":{"@id":"https:\/\/www.kosmetik-karlsruhe.de\/#\/schema\/logo\/image\/"}}]}},"_links":{"self":[{"href":"https:\/\/www.kosmetik-karlsruhe.de\/index.php\/wp-json\/wp\/v2\/pages\/9","targetHints":{"allow":["GET"]}}],"collection":[{"href":"https:\/\/www.kosmetik-karlsruhe.de\/index.php\/wp-json\/wp\/v2\/pages"}],"about":[{"href":"https:\/\/www.kosmetik-karlsruhe.de\/index.php\/wp-json\/wp\/v2\/types\/page"}],"author":[{"embeddable":true,"href":"https:\/\/www.kosmetik-karlsruhe.de\/index.php\/wp-json\/wp\/v2\/users\/1"}],"replies":[{"embeddable":true,"href":"https:\/\/www.kosmetik-karlsruhe.de\/index.php\/wp-json\/wp\/v2\/comments?post=9"}],"version-history":[{"count":19,"href":"https:\/\/www.kosmetik-karlsruhe.de\/index.php\/wp-json\/wp\/v2\/pages\/9\/revisions"}],"predecessor-version":[{"id":541,"href":"https:\/\/www.kosmetik-karlsruhe.de\/index.php\/wp-json\/wp\/v2\/pages\/9\/revisions\/541"}],"wp:attachment":[{"href":"https:\/\/www.kosmetik-karlsruhe.de\/index.php\/wp-json\/wp\/v2\/media?parent=9"}],"curies":[{"name":"wp","href":"https:\/\/api.w.org\/{rel}","templated":true}]}}